{"id":15825,"date":"2024-09-04T00:26:02","date_gmt":"2024-09-03T22:26:02","guid":{"rendered":"https:\/\/www.praguecitytransfers.com\/obrigado\/"},"modified":"2024-10-11T14:49:36","modified_gmt":"2024-10-11T12:49:36","slug":"obrigado","status":"publish","type":"page","link":"https:\/\/www.praguecitytransfers.com\/pt-pt\/obrigado\/","title":{"rendered":"Obrigado"},"content":{"rendered":"\n\t<section class=\"section\" id=\"section_188015099\">\n\t\t<div class=\"bg section-bg fill bg-fill  bg-loaded\" >\n\n\t\t\t\n\t\t\t\n\t\t\t\n\n\t\t<\/div>\n\n\t\t\n\n\t\t<div class=\"section-content relative\">\n\t\t\t\n\n\t<div id=\"text-4036660650\" class=\"text\">\n\t\t\n\n<h2>Obrigado pela sua encomenda!<\/h2>\n\t\t\n<style>\n#text-4036660650 {\n  text-align: center;\n}\n<\/style>\n\t<\/div>\n\t\n<div class=\"row\"  id=\"row-1031320607\">\n\n\n\t<div id=\"col-268610437\" class=\"col small-12 large-12\"  >\n\t\t\t\t<div class=\"col-inner\"  >\n\t\t\t\n\t\t\t\n\n<p>Estamos ansiosos para que se junte a n\u00f3s! A sua reserva foi <strong>confirmada com sucesso.<\/strong> <\/p>\n<p>Se precisar de fazer alguma altera\u00e7\u00e3o ou tiver algum pedido especial, n\u00e3o hesite em contactar-nos atrav\u00e9s do n\u00famero <a href=\"tel:+420792800430\">+420 792 800 430<\/a>. Esperamos poder proporcionar-lhe uma experi\u00eancia excecional. <\/p>\n<p><strong>At\u00e9 breve!<\/strong><\/p>\n<a href=\"https:\/\/www.praguecitytransfers.com\/pt-pt\/\" target=\"_self\" class=\"button success\"  style=\"border-radius:99px;\">\n    <span>Back home<\/span>\n  <\/a>\n\n\n\n\t\t<\/div>\n\t\t\t\t\t<\/div>\n\n\t\n\n<\/div>\n\n\t\t<\/div>\n\n\t\t\n<style>\n#section_188015099 {\n  padding-top: 30px;\n  padding-bottom: 30px;\n}\n<\/style>\n\t<\/section>\n\t\n\n","protected":false},"excerpt":{"rendered":"","protected":false},"author":1,"featured_media":0,"parent":0,"menu_order":0,"comment_status":"closed","ping_status":"closed","template":"page-blank.php","meta":{"inline_featured_image":false,"footnotes":""},"class_list":["post-15825","page","type-page","status-publish","hentry"],"_links":{"self":[{"href":"https:\/\/www.praguecitytransfers.com\/pt-pt\/wp-json\/wp\/v2\/pages\/15825","targetHints":{"allow":["GET"]}}],"collection":[{"href":"https:\/\/www.praguecitytransfers.com\/pt-pt\/wp-json\/wp\/v2\/pages"}],"about":[{"href":"https:\/\/www.praguecitytransfers.com\/pt-pt\/wp-json\/wp\/v2\/types\/page"}],"author":[{"embeddable":true,"href":"https:\/\/www.praguecitytransfers.com\/pt-pt\/wp-json\/wp\/v2\/users\/1"}],"replies":[{"embeddable":true,"href":"https:\/\/www.praguecitytransfers.com\/pt-pt\/wp-json\/wp\/v2\/comments?post=15825"}],"version-history":[{"count":1,"href":"https:\/\/www.praguecitytransfers.com\/pt-pt\/wp-json\/wp\/v2\/pages\/15825\/revisions"}],"predecessor-version":[{"id":15826,"href":"https:\/\/www.praguecitytransfers.com\/pt-pt\/wp-json\/wp\/v2\/pages\/15825\/revisions\/15826"}],"wp:attachment":[{"href":"https:\/\/www.praguecitytransfers.com\/pt-pt\/wp-json\/wp\/v2\/media?parent=15825"}],"curies":[{"name":"wp","href":"https:\/\/api.w.org\/{rel}","templated":true}]}}