{"id":15793,"date":"2024-09-04T01:28:11","date_gmt":"2024-09-03T23:28:11","guid":{"rendered":"https:\/\/www.praguecitytransfers.com\/frota-de-veiculos\/"},"modified":"2024-10-11T14:20:17","modified_gmt":"2024-10-11T12:20:17","slug":"frota-de-veiculos","status":"publish","type":"page","link":"https:\/\/www.praguecitytransfers.com\/pt-pt\/frota-de-veiculos\/","title":{"rendered":"Frota de ve\u00edculos"},"content":{"rendered":"\n\t<div id=\"gap-177924683\" class=\"gap-element clearfix\" style=\"display:block; height:auto;\">\n\t\t\n<style>\n#gap-177924683 {\n  padding-top: 50px;\n}\n<\/style>\n\t<\/div>\n\t\n\n<div class=\"row row-full-width\"  id=\"row-1014414828\">\n\n\n\t<div id=\"col-702596571\" class=\"col small-12 large-12\"  >\n\t\t\t\t<div class=\"col-inner\"  >\n\t\t\t\n\t\t\t\n\n<div class=\"row row-collapse row-full-width\"  id=\"row-2020163220\">\n\n\n\t<div id=\"col-331897722\" class=\"col medium-6 small-12 large-6\"  >\n\t\t\t\t<div class=\"col-inner\"  >\n\t\t\t\n\t\t\t\n\n\n  <div class=\"banner has-hover\" id=\"banner-713097499\">\n          <div class=\"banner-inner fill\">\n        <div class=\"banner-bg fill\" >\n            <div class=\"bg fill bg-fill \"><\/div>\n                                    \n                    <\/div>\n\t\t\n        <div class=\"banner-layers container\">\n            <div class=\"fill banner-link\"><\/div>            \n\n   <div id=\"text-box-296834506\" class=\"text-box banner-layer x50 md-x50 lg-x50 y50 md-y50 lg-y50 res-text\">\n                                <div class=\"text-box-content text dark\">\n              \n              <div class=\"text-inner text-center\">\n                  \n\n\n              <\/div>\n           <\/div>\n                            \n<style>\n#text-box-296834506 {\n  width: 60%;\n}\n#text-box-296834506 .text-box-content {\n  font-size: 100%;\n}\n<\/style>\n    <\/div>\n \n\n        <\/div>\n      <\/div>\n\n            \n<style>\n#banner-713097499 {\n  padding-top: 300px;\n  background-color: rgba(255, 255, 255, 0);\n}\n#banner-713097499 .bg.bg-loaded {\n  background-image: url(https:\/\/www.praguecitytransfers.com\/wp-content\/uploads\/2024\/01\/skoda.png);\n}\n#banner-713097499 .bg {\n  background-position: 42% 62%;\n}\n@media (min-width:550px) {\n  #banner-713097499 {\n    padding-top: 350px;\n  }\n}\n@media (min-width:850px) {\n  #banner-713097499 {\n    padding-top: 425px;\n  }\n}\n<\/style>\n  <\/div>\n\n\n\n\t\t<\/div>\n\t\t\t\t\t<\/div>\n\n\t\n\n\t<div id=\"col-1201625389\" class=\"col medium-6 small-12 large-6\"  >\n\t\t\t\t<div class=\"col-inner\"  >\n\t\t\t\n\t\t\t\n\n\t<section class=\"section\" id=\"section_1355877984\">\n\t\t<div class=\"bg section-bg fill bg-fill  bg-loaded\" >\n\n\t\t\t\n\t\t\t\n\t\t\t\n\n\t\t<\/div>\n\n\t\t\n\n\t\t<div class=\"section-content relative\">\n\t\t\t\n\n<div class=\"row align-center\"  id=\"row-804040682\">\n\n\n\t<div id=\"col-1284964318\" class=\"col medium-10 small-12 large-7\"  >\n\t\t\t\t<div class=\"col-inner text-center\"  >\n\t\t\t\n\t\t\t\n\n\t<div id=\"gap-1969020432\" class=\"gap-element clearfix\" style=\"display:block; height:auto;\">\n\t\t\n<style>\n#gap-1969020432 {\n  padding-top: 40px;\n}\n<\/style>\n\t<\/div>\n\t\n\n\t<div id=\"text-2606925469\" class=\"text\">\n\t\t\n\n<h3>Conforto<\/h3>\n\t\t\n<style>\n#text-2606925469 {\n  font-size: 2rem;\n  line-height: 0.75;\n}\n<\/style>\n\t<\/div>\n\t\n\t<div id=\"text-555028559\" class=\"text\">\n\t\t\n\n<p>Os nossos autom\u00f3veis da categoria conforto foram concebidos para proporcionar uma viagem relaxante e agrad\u00e1vel sem comprometer a qualidade. Com interiores espa\u00e7osos, manuseamento suave e comodidades modernas, estes ve\u00edculos s\u00e3o perfeitos para viagens di\u00e1rias ou viagens mais longas. Quer esteja a viajar em neg\u00f3cios ou em lazer, a nossa classe conforto assegura uma experi\u00eancia agrad\u00e1vel e sem stress, combinando excelentes carater\u00edsticas de condu\u00e7\u00e3o com pre\u00e7os acess\u00edveis e estilo.  <\/p>\n\t\t\n<style>\n#text-555028559 {\n  text-align: left;\n}\n<\/style>\n\t<\/div>\n\t\n<a class=\"button secondary\"  style=\"border-radius:99px;padding:5px 20px 5px 20px;\">\n    <span>Reservation<\/span>\n  <\/a>\n\n\n\n\t\t<\/div>\n\t\t\t\t\t<\/div>\n\n\t\n\n<\/div>\n\n\t\t<\/div>\n\n\t\t\n<style>\n#section_1355877984 {\n  padding-top: 0px;\n  padding-bottom: 0px;\n  min-height: 300px;\n}\n@media (min-width:550px) {\n  #section_1355877984 {\n    min-height: 350px;\n  }\n}\n@media (min-width:850px) {\n  #section_1355877984 {\n    min-height: 425px;\n  }\n}\n<\/style>\n\t<\/section>\n\t\n\n\t\t<\/div>\n\t\t\t\t\t<\/div>\n\n\t\n\n<\/div>\n<div class=\"row row-collapse row-full-width\"  id=\"row-216677752\">\n\n\n\t<div id=\"col-1220748420\" class=\"col medium-6 small-12 large-6\"  >\n\t\t\t\t<div class=\"col-inner\"  >\n\t\t\t\n\t\t\t\n\n\t<section class=\"section\" id=\"section_476057076\">\n\t\t<div class=\"bg section-bg fill bg-fill  bg-loaded\" >\n\n\t\t\t\n\t\t\t\n\t\t\t\n\n\t\t<\/div>\n\n\t\t\n\n\t\t<div class=\"section-content relative\">\n\t\t\t\n\n<div class=\"row align-center\"  id=\"row-221403095\">\n\n\n\t<div id=\"col-1656252691\" class=\"col medium-11 small-12 large-7\"  >\n\t\t\t\t<div class=\"col-inner text-center\"  >\n\t\t\t\n\t\t\t\n\n\t<div id=\"gap-1264547075\" class=\"gap-element clearfix\" style=\"display:block; height:auto;\">\n\t\t\n<style>\n#gap-1264547075 {\n  padding-top: 40px;\n}\n<\/style>\n\t<\/div>\n\t\n\n\t<div id=\"text-1533358\" class=\"text\">\n\t\t\n\n<h3>Neg\u00f3cios<\/h3>\n\t\t\n<style>\n#text-1533358 {\n  font-size: 2rem;\n  line-height: 0.75;\n}\n<\/style>\n\t<\/div>\n\t\n\t<div id=\"text-202686010\" class=\"text\">\n\t\t\n\n<p>Os nossos autom\u00f3veis de categoria profissional s\u00e3o concebidos para o profissional exigente. Com um design elegante, interiores espa\u00e7osos e tecnologia avan\u00e7ada, estes ve\u00edculos oferecem um ambiente ideal para trabalhar ou relaxar. Quer se dirija a uma reuni\u00e3o ou viaje entre cidades, desfrutar\u00e1 de uma viagem sem problemas com conforto de topo, fiabilidade e o prest\u00edgio que espera de uma viagem de classe executiva.  <\/p>\n\t\t\n<style>\n#text-202686010 {\n  text-align: left;\n}\n<\/style>\n\t<\/div>\n\t\n<a class=\"button secondary\"  style=\"border-radius:99px;padding:5px 20px 5px 20px;\">\n    <span>Reservation<\/span>\n  <\/a>\n\n\n\n\t\t<\/div>\n\t\t\t\t\t<\/div>\n\n\t\n\n<\/div>\n\n\t\t<\/div>\n\n\t\t\n<style>\n#section_476057076 {\n  padding-top: 0px;\n  padding-bottom: 0px;\n  min-height: 300px;\n}\n@media (min-width:550px) {\n  #section_476057076 {\n    min-height: 350px;\n  }\n}\n@media (min-width:850px) {\n  #section_476057076 {\n    min-height: 425px;\n  }\n}\n<\/style>\n\t<\/section>\n\t\n\n\t\t<\/div>\n\t\t\t\t\t<\/div>\n\n\t\n\n\t<div id=\"col-1391669885\" class=\"col medium-6 small-12 large-6 small-col-first\"  >\n\t\t\t\t<div class=\"col-inner\"  >\n\t\t\t\n\t\t\t\n\n\n  <div class=\"banner has-hover\" id=\"banner-19392940\">\n          <div class=\"banner-inner fill\">\n        <div class=\"banner-bg fill\" >\n            <div class=\"bg fill bg-fill \"><\/div>\n                                    \n                    <\/div>\n\t\t\n        <div class=\"banner-layers container\">\n            <div class=\"fill banner-link\"><\/div>            \n\n   <div id=\"text-box-1071424615\" class=\"text-box banner-layer x50 md-x50 lg-x50 y50 md-y50 lg-y50 res-text\">\n                                <div class=\"text-box-content text dark\">\n              \n              <div class=\"text-inner text-center\">\n                  \n\n\n              <\/div>\n           <\/div>\n                            \n<style>\n#text-box-1071424615 {\n  width: 60%;\n}\n#text-box-1071424615 .text-box-content {\n  font-size: 100%;\n}\n<\/style>\n    <\/div>\n \n\n        <\/div>\n      <\/div>\n\n            \n<style>\n#banner-19392940 {\n  padding-top: 300px;\n  background-color: rgba(255, 255, 255, 0);\n}\n#banner-19392940 .bg.bg-loaded {\n  background-image: url(https:\/\/www.praguecitytransfers.com\/wp-content\/uploads\/2020\/07\/c.png);\n}\n#banner-19392940 .bg {\n  background-position: 57% 51%;\n}\n@media (min-width:550px) {\n  #banner-19392940 {\n    padding-top: 350px;\n  }\n}\n@media (min-width:850px) {\n  #banner-19392940 {\n    padding-top: 425px;\n  }\n}\n<\/style>\n  <\/div>\n\n\n\n\t\t<\/div>\n\t\t\t\t\t<\/div>\n\n\t\n\n<\/div>\n\n\t\t<\/div>\n\t\t\t\t\t<\/div>\n\n\t\n\n<\/div>\n<div class=\"row row-full-width\"  id=\"row-997330721\">\n\n\n\t<div id=\"col-1481820519\" class=\"col small-12 large-12\"  >\n\t\t\t\t<div class=\"col-inner\"  >\n\t\t\t\n\t\t\t\n\n<div class=\"row row-collapse row-full-width\"  id=\"row-1531439312\">\n\n\n\t<div id=\"col-752793956\" class=\"col medium-6 small-12 large-6\"  >\n\t\t\t\t<div class=\"col-inner\"  >\n\t\t\t\n\t\t\t\n\n\n  <div class=\"banner has-hover\" id=\"banner-1714844156\">\n          <div class=\"banner-inner fill\">\n        <div class=\"banner-bg fill\" >\n            <div class=\"bg fill bg-fill \"><\/div>\n                                    \n                    <\/div>\n\t\t\n        <div class=\"banner-layers container\">\n            <div class=\"fill banner-link\"><\/div>            \n\n   <div id=\"text-box-990435341\" class=\"text-box banner-layer x50 md-x50 lg-x50 y50 md-y50 lg-y50 res-text\">\n                                <div class=\"text-box-content text dark\">\n              \n              <div class=\"text-inner text-center\">\n                  \n\n\n              <\/div>\n           <\/div>\n                            \n<style>\n#text-box-990435341 {\n  width: 60%;\n}\n#text-box-990435341 .text-box-content {\n  font-size: 100%;\n}\n<\/style>\n    <\/div>\n \n\n        <\/div>\n      <\/div>\n\n            \n<style>\n#banner-1714844156 {\n  padding-top: 300px;\n  background-color: rgba(255, 255, 255, 0);\n}\n#banner-1714844156 .bg.bg-loaded {\n  background-image: url(https:\/\/www.praguecitytransfers.com\/wp-content\/uploads\/2024\/01\/V-797x533-1.png);\n}\n#banner-1714844156 .bg {\n  background-position: 42% 62%;\n}\n@media (min-width:550px) {\n  #banner-1714844156 {\n    padding-top: 350px;\n  }\n}\n@media (min-width:850px) {\n  #banner-1714844156 {\n    padding-top: 425px;\n  }\n}\n<\/style>\n  <\/div>\n\n\n\n\t\t<\/div>\n\t\t\t\t\t<\/div>\n\n\t\n\n\t<div id=\"col-1582433062\" class=\"col medium-6 small-12 large-6\"  >\n\t\t\t\t<div class=\"col-inner\"  >\n\t\t\t\n\t\t\t\n\n\t<section class=\"section\" id=\"section_108941295\">\n\t\t<div class=\"bg section-bg fill bg-fill  bg-loaded\" >\n\n\t\t\t\n\t\t\t\n\t\t\t\n\n\t\t<\/div>\n\n\t\t\n\n\t\t<div class=\"section-content relative\">\n\t\t\t\n\n<div class=\"row align-center\"  id=\"row-556815367\">\n\n\n\t<div id=\"col-446234212\" class=\"col medium-10 small-12 large-7\"  >\n\t\t\t\t<div class=\"col-inner text-center\"  >\n\t\t\t\n\t\t\t\n\n\t<div id=\"gap-641111704\" class=\"gap-element clearfix\" style=\"display:block; height:auto;\">\n\t\t\n<style>\n#gap-641111704 {\n  padding-top: 40px;\n}\n<\/style>\n\t<\/div>\n\t\n\n\t<div id=\"text-1540106478\" class=\"text\">\n\t\t\n\n<h3>Minivan<\/h3>\n\t\t\n<style>\n#text-1540106478 {\n  font-size: 2rem;\n  line-height: 0.75;\n}\n<\/style>\n\t<\/div>\n\t\n\t<div id=\"text-2679430113\" class=\"text\">\n\t\t\n\n<p>Os nossos monovolumes s\u00e3o a solu\u00e7\u00e3o perfeita para viagens de grupo, proporcionando um espa\u00e7o amplo sem comprometer o conforto. Com disposi\u00e7\u00f5es flex\u00edveis dos lugares sentados, comodidades modernas e carater\u00edsticas de seguran\u00e7a melhoradas, estes ve\u00edculos s\u00e3o ideais para viagens em fam\u00edlia, sa\u00eddas de empresas ou transfer\u00eancias de grupos. Quer esteja a ir para o aeroporto ou a explorar a cidade, os nossos monovolumes garantem que todos os passageiros desfrutam de uma viagem tranquila e agrad\u00e1vel.  <\/p>\n\t\t\n<style>\n#text-2679430113 {\n  text-align: left;\n}\n<\/style>\n\t<\/div>\n\t\n<a class=\"button secondary\"  style=\"border-radius:99px;padding:5px 20px 5px 20px;\">\n    <span>Reservation<\/span>\n  <\/a>\n\n\n\n\t\t<\/div>\n\t\t\t\t\t<\/div>\n\n\t\n\n<\/div>\n\n\t\t<\/div>\n\n\t\t\n<style>\n#section_108941295 {\n  padding-top: 0px;\n  padding-bottom: 0px;\n  min-height: 300px;\n}\n@media (min-width:550px) {\n  #section_108941295 {\n    min-height: 350px;\n  }\n}\n@media (min-width:850px) {\n  #section_108941295 {\n    min-height: 425px;\n  }\n}\n<\/style>\n\t<\/section>\n\t\n\n\t\t<\/div>\n\t\t\t\t\t<\/div>\n\n\t\n\n<\/div>\n<div class=\"row row-collapse row-full-width\"  id=\"row-1989996877\">\n\n\n\t<div id=\"col-1401415729\" class=\"col medium-6 small-12 large-6\"  >\n\t\t\t\t<div class=\"col-inner\"  >\n\t\t\t\n\t\t\t\n\n\t<section class=\"section\" id=\"section_933958625\">\n\t\t<div class=\"bg section-bg fill bg-fill  bg-loaded\" >\n\n\t\t\t\n\t\t\t\n\t\t\t\n\n\t\t<\/div>\n\n\t\t\n\n\t\t<div class=\"section-content relative\">\n\t\t\t\n\n<div class=\"row align-center\"  id=\"row-1422242448\">\n\n\n\t<div id=\"col-1606287411\" class=\"col medium-11 small-12 large-7\"  >\n\t\t\t\t<div class=\"col-inner text-center\"  >\n\t\t\t\n\t\t\t\n\n\t<div id=\"gap-1387144793\" class=\"gap-element clearfix\" style=\"display:block; height:auto;\">\n\t\t\n<style>\n#gap-1387144793 {\n  padding-top: 40px;\n}\n<\/style>\n\t<\/div>\n\t\n\n\t<div id=\"text-3091602967\" class=\"text\">\n\t\t\n\n<h3>Luxo<\/h3>\n\t\t\n<style>\n#text-3091602967 {\n  font-size: 2rem;\n  line-height: 0.75;\n}\n<\/style>\n\t<\/div>\n\t\n\t<div id=\"text-3963634197\" class=\"text\">\n\t\t\n\n<p>Desfrute da melhor experi\u00eancia de condu\u00e7\u00e3o com os nossos ve\u00edculos de categoria de luxo. Estes autom\u00f3veis apresentam um acabamento topo de gama, tecnologia de ponta e um conforto sem paralelo. Desde interiores em pele macia a sistemas avan\u00e7ados de controlo da climatiza\u00e7\u00e3o e entretenimento, todos os detalhes foram concebidos para proporcionar uma experi\u00eancia de primeira classe. Quer seja em trabalho ou em lazer, os nossos ve\u00edculos de luxo garantem-lhe uma chegada com estilo e sofistica\u00e7\u00e3o.   <\/p>\n\t\t\n<style>\n#text-3963634197 {\n  text-align: left;\n}\n<\/style>\n\t<\/div>\n\t\n<a class=\"button secondary\"  style=\"border-radius:99px;padding:5px 20px 5px 20px;\">\n    <span>Reservation<\/span>\n  <\/a>\n\n\n\n\t\t<\/div>\n\t\t\t\t\t<\/div>\n\n\t\n\n<\/div>\n\n\t\t<\/div>\n\n\t\t\n<style>\n#section_933958625 {\n  padding-top: 0px;\n  padding-bottom: 0px;\n  min-height: 300px;\n}\n@media (min-width:550px) {\n  #section_933958625 {\n    min-height: 350px;\n  }\n}\n@media (min-width:850px) {\n  #section_933958625 {\n    min-height: 425px;\n  }\n}\n<\/style>\n\t<\/section>\n\t\n\n\t\t<\/div>\n\t\t\t\t\t<\/div>\n\n\t\n\n\t<div id=\"col-1060431041\" class=\"col medium-6 small-12 large-6 small-col-first\"  >\n\t\t\t\t<div class=\"col-inner\"  >\n\t\t\t\n\t\t\t\n\n\n  <div class=\"banner has-hover\" id=\"banner-1816349265\">\n          <div class=\"banner-inner fill\">\n        <div class=\"banner-bg fill\" >\n            <div class=\"bg fill bg-fill \"><\/div>\n                                    \n                    <\/div>\n\t\t\n        <div class=\"banner-layers container\">\n            <div class=\"fill banner-link\"><\/div>            \n\n   <div id=\"text-box-430278694\" class=\"text-box banner-layer x50 md-x50 lg-x50 y50 md-y50 lg-y50 res-text\">\n                                <div class=\"text-box-content text dark\">\n              \n              <div class=\"text-inner text-center\">\n                  \n\n\n              <\/div>\n           <\/div>\n                            \n<style>\n#text-box-430278694 {\n  width: 60%;\n}\n#text-box-430278694 .text-box-content {\n  font-size: 100%;\n}\n<\/style>\n    <\/div>\n \n\n        <\/div>\n      <\/div>\n\n            \n<style>\n#banner-1816349265 {\n  padding-top: 300px;\n  background-color: rgba(255, 255, 255, 0);\n}\n#banner-1816349265 .bg.bg-loaded {\n  background-image: url(https:\/\/www.praguecitytransfers.com\/wp-content\/uploads\/2024\/01\/mercedes_22s580elphevamgln4wdsd7b_angularfront-600x400-1.png);\n}\n#banner-1816349265 .bg {\n  background-position: 57% 51%;\n}\n@media (min-width:550px) {\n  #banner-1816349265 {\n    padding-top: 350px;\n  }\n}\n@media (min-width:850px) {\n  #banner-1816349265 {\n    padding-top: 425px;\n  }\n}\n<\/style>\n  <\/div>\n\n\n\n\t\t<\/div>\n\t\t\t\t\t<\/div>\n\n\t\n\n<\/div>\n\n\t\t<\/div>\n\t\t\t\t\t<\/div>\n\n\t\n\n<\/div>\n<div class=\"row row-full-width\"  id=\"row-1224848824\">\n\n\n\t<div id=\"col-1210787399\" class=\"col small-12 large-12\"  >\n\t\t\t\t<div class=\"col-inner\"  >\n\t\t\t\n\t\t\t\n\n<div class=\"row row-collapse row-full-width\"  id=\"row-388237083\">\n\n\n\t<div id=\"col-684490244\" class=\"col medium-6 small-12 large-6\"  >\n\t\t\t\t<div class=\"col-inner\"  >\n\t\t\t\n\t\t\t\n\n\n  <div class=\"banner has-hover\" id=\"banner-468057317\">\n          <div class=\"banner-inner fill\">\n        <div class=\"banner-bg fill\" >\n            <div class=\"bg fill bg-fill \"><\/div>\n                                    \n                    <\/div>\n\t\t\n        <div class=\"banner-layers container\">\n            <div class=\"fill banner-link\"><\/div>            \n\n   <div id=\"text-box-1715399659\" class=\"text-box banner-layer x50 md-x50 lg-x50 y50 md-y50 lg-y50 res-text\">\n                                <div class=\"text-box-content text dark\">\n              \n              <div class=\"text-inner text-center\">\n                  \n\n\n              <\/div>\n           <\/div>\n                            \n<style>\n#text-box-1715399659 {\n  width: 60%;\n}\n#text-box-1715399659 .text-box-content {\n  font-size: 100%;\n}\n<\/style>\n    <\/div>\n \n\n        <\/div>\n      <\/div>\n\n            \n<style>\n#banner-468057317 {\n  padding-top: 300px;\n  background-color: rgba(255, 255, 255, 0);\n}\n#banner-468057317 .bg.bg-loaded {\n  background-image: url(https:\/\/www.praguecitytransfers.com\/wp-content\/uploads\/2024\/05\/mercedes-benz-sprinter-tourer.png);\n}\n#banner-468057317 .bg {\n  background-position: 42% 62%;\n}\n@media (min-width:550px) {\n  #banner-468057317 {\n    padding-top: 350px;\n  }\n}\n@media (min-width:850px) {\n  #banner-468057317 {\n    padding-top: 425px;\n  }\n}\n<\/style>\n  <\/div>\n\n\n\n\t\t<\/div>\n\t\t\t\t\t<\/div>\n\n\t\n\n\t<div id=\"col-965795012\" class=\"col medium-6 small-12 large-6\"  >\n\t\t\t\t<div class=\"col-inner\"  >\n\t\t\t\n\t\t\t\n\n\t<section class=\"section\" id=\"section_496537646\">\n\t\t<div class=\"bg section-bg fill bg-fill  bg-loaded\" >\n\n\t\t\t\n\t\t\t\n\t\t\t\n\n\t\t<\/div>\n\n\t\t\n\n\t\t<div class=\"section-content relative\">\n\t\t\t\n\n<div class=\"row align-center\"  id=\"row-572129909\">\n\n\n\t<div id=\"col-433293647\" class=\"col medium-10 small-12 large-7\"  >\n\t\t\t\t<div class=\"col-inner text-center\"  >\n\t\t\t\n\t\t\t\n\n\t<div id=\"gap-675956855\" class=\"gap-element clearfix\" style=\"display:block; height:auto;\">\n\t\t\n<style>\n#gap-675956855 {\n  padding-top: 40px;\n}\n<\/style>\n\t<\/div>\n\t\n\n\t<div id=\"text-912346845\" class=\"text\">\n\t\t\n\n<h3>Minibus<\/h3>\n\t\t\n<style>\n#text-912346845 {\n  font-size: 2rem;\n  line-height: 0.75;\n}\n<\/style>\n\t<\/div>\n\t\n\t<div id=\"text-2420144447\" class=\"text\">\n\t\t\n\n<p>Para grupos maiores, os nossos miniautocarros oferecem a combina\u00e7\u00e3o perfeita de espa\u00e7o, conforto e comodidade. Concebidos para acomodar um maior n\u00famero de passageiros e, ao mesmo tempo, proporcionar uma experi\u00eancia de viagem de qualidade superior, os nossos miniautocarros est\u00e3o equipados com assentos confort\u00e1veis, amplo espa\u00e7o para bagagem e comodidades modernas. Ideais para eventos empresariais, excurs\u00f5es de grupo ou transferes para o aeroporto, estes ve\u00edculos garantem que todos viajam com conforto.  <\/p>\n\t\t\n<style>\n#text-2420144447 {\n  text-align: left;\n}\n<\/style>\n\t<\/div>\n\t\n<a class=\"button secondary\"  style=\"border-radius:99px;padding:5px 20px 5px 20px;\">\n    <span>Reservation<\/span>\n  <\/a>\n\n\n\n\t\t<\/div>\n\t\t\t\t\t<\/div>\n\n\t\n\n<\/div>\n\n\t\t<\/div>\n\n\t\t\n<style>\n#section_496537646 {\n  padding-top: 0px;\n  padding-bottom: 0px;\n  min-height: 300px;\n}\n@media (min-width:550px) {\n  #section_496537646 {\n    min-height: 350px;\n  }\n}\n@media (min-width:850px) {\n  #section_496537646 {\n    min-height: 425px;\n  }\n}\n<\/style>\n\t<\/section>\n\t\n\n\t\t<\/div>\n\t\t\t\t\t<\/div>\n\n\t\n\n<\/div>\n<div class=\"row row-collapse row-full-width\"  id=\"row-2011665511\">\n\n\n\t<div id=\"col-1358846736\" class=\"col medium-6 small-12 large-6\"  >\n\t\t\t\t<div class=\"col-inner\"  >\n\t\t\t\n\t\t\t\n\n\t<section class=\"section\" id=\"section_332331325\">\n\t\t<div class=\"bg section-bg fill bg-fill  bg-loaded\" >\n\n\t\t\t\n\t\t\t\n\t\t\t\n\n\t\t<\/div>\n\n\t\t\n\n\t\t<div class=\"section-content relative\">\n\t\t\t\n\n<div class=\"row align-center\"  id=\"row-513050867\">\n\n\n\t<div id=\"col-182861151\" class=\"col medium-11 small-12 large-7\"  >\n\t\t\t\t<div class=\"col-inner text-center\"  >\n\t\t\t\n\t\t\t\n\n\t<div id=\"gap-1223584138\" class=\"gap-element clearfix\" style=\"display:block; height:auto;\">\n\t\t\n<style>\n#gap-1223584138 {\n  padding-top: 40px;\n}\n<\/style>\n\t<\/div>\n\t\n\n\t<div id=\"text-934720450\" class=\"text\">\n\t\t\n\n<h3>Business minivan<\/h3>\n\n\t\t\n<style>\n#text-934720450 {\n  font-size: 2rem;\n  line-height: 0.75;\n}\n<\/style>\n\t<\/div>\n\t\n\t<div id=\"text-3847265503\" class=\"text\">\n\t\t\n\n<p>A categoria Classe V \u00e9 perfeita para quem precisa de luxo e espa\u00e7o. Estes ve\u00edculos combinam as carater\u00edsticas de topo de gama de um autom\u00f3vel de luxo com o car\u00e1cter pr\u00e1tico de um monovolume. Com um design elegante, interiores espa\u00e7osos e comodidades de topo, o Classe V oferece uma solu\u00e7\u00e3o perfeita para viagens de grupo sem sacrificar o conforto ou a eleg\u00e2ncia. Ideal para transfer\u00eancias de executivos, viagens em fam\u00edlia ou eventos especiais, esta categoria assegura uma viagem sofisticada e confort\u00e1vel para todos.   <\/p>\n\t\t\n<style>\n#text-3847265503 {\n  text-align: left;\n}\n<\/style>\n\t<\/div>\n\t\n<a class=\"button secondary\"  style=\"border-radius:99px;padding:5px 20px 5px 20px;\">\n    <span>Reservation<\/span>\n  <\/a>\n\n\n\n\t\t<\/div>\n\t\t\t\t\t<\/div>\n\n\t\n\n<\/div>\n\n\t\t<\/div>\n\n\t\t\n<style>\n#section_332331325 {\n  padding-top: 0px;\n  padding-bottom: 0px;\n  min-height: 300px;\n}\n@media (min-width:550px) {\n  #section_332331325 {\n    min-height: 350px;\n  }\n}\n@media (min-width:850px) {\n  #section_332331325 {\n    min-height: 425px;\n  }\n}\n<\/style>\n\t<\/section>\n\t\n\n\t\t<\/div>\n\t\t\t\t\t<\/div>\n\n\t\n\n\t<div id=\"col-1135606644\" class=\"col medium-6 small-12 large-6 small-col-first\"  >\n\t\t\t\t<div class=\"col-inner\"  >\n\t\t\t\n\t\t\t\n\n\n  <div class=\"banner has-hover\" id=\"banner-1400730802\">\n          <div class=\"banner-inner fill\">\n        <div class=\"banner-bg fill\" >\n            <div class=\"bg fill bg-fill \"><\/div>\n                                    \n                    <\/div>\n\t\t\n        <div class=\"banner-layers container\">\n            <div class=\"fill banner-link\"><\/div>            \n\n   <div id=\"text-box-1212829435\" class=\"text-box banner-layer x50 md-x50 lg-x50 y50 md-y50 lg-y50 res-text\">\n                                <div class=\"text-box-content text dark\">\n              \n              <div class=\"text-inner text-center\">\n                  \n\n\n              <\/div>\n           <\/div>\n                            \n<style>\n#text-box-1212829435 {\n  width: 60%;\n}\n#text-box-1212829435 .text-box-content {\n  font-size: 100%;\n}\n<\/style>\n    <\/div>\n \n\n        <\/div>\n      <\/div>\n\n            \n<style>\n#banner-1400730802 {\n  padding-top: 300px;\n  background-color: rgba(255, 255, 255, 0);\n}\n#banner-1400730802 .bg.bg-loaded {\n  background-image: url(https:\/\/www.praguecitytransfers.com\/wp-content\/uploads\/2024\/09\/V-class.png);\n}\n#banner-1400730802 .bg {\n  background-position: 24% 52%;\n}\n@media (min-width:550px) {\n  #banner-1400730802 {\n    padding-top: 350px;\n  }\n}\n@media (min-width:850px) {\n  #banner-1400730802 {\n    padding-top: 425px;\n  }\n}\n<\/style>\n  <\/div>\n\n\n\n\t\t<\/div>\n\t\t\t\t\t<\/div>\n\n\t\n\n<\/div>\n\n\t\t<\/div>\n\t\t\t\t\t<\/div>\n\n\t\n\n<\/div>\n\n","protected":false},"excerpt":{"rendered":"","protected":false},"author":1,"featured_media":0,"parent":0,"menu_order":0,"comment_status":"closed","ping_status":"closed","template":"page-blank.php","meta":{"inline_featured_image":false,"footnotes":""},"class_list":["post-15793","page","type-page","status-publish","hentry"],"_links":{"self":[{"href":"https:\/\/www.praguecitytransfers.com\/pt-pt\/wp-json\/wp\/v2\/pages\/15793","targetHints":{"allow":["GET"]}}],"collection":[{"href":"https:\/\/www.praguecitytransfers.com\/pt-pt\/wp-json\/wp\/v2\/pages"}],"about":[{"href":"https:\/\/www.praguecitytransfers.com\/pt-pt\/wp-json\/wp\/v2\/types\/page"}],"author":[{"embeddable":true,"href":"https:\/\/www.praguecitytransfers.com\/pt-pt\/wp-json\/wp\/v2\/users\/1"}],"replies":[{"embeddable":true,"href":"https:\/\/www.praguecitytransfers.com\/pt-pt\/wp-json\/wp\/v2\/comments?post=15793"}],"version-history":[{"count":1,"href":"https:\/\/www.praguecitytransfers.com\/pt-pt\/wp-json\/wp\/v2\/pages\/15793\/revisions"}],"predecessor-version":[{"id":15794,"href":"https:\/\/www.praguecitytransfers.com\/pt-pt\/wp-json\/wp\/v2\/pages\/15793\/revisions\/15794"}],"wp:attachment":[{"href":"https:\/\/www.praguecitytransfers.com\/pt-pt\/wp-json\/wp\/v2\/media?parent=15793"}],"curies":[{"name":"wp","href":"https:\/\/api.w.org\/{rel}","templated":true}]}}