{"id":15837,"date":"2024-09-16T01:47:10","date_gmt":"2024-09-15T23:47:10","guid":{"rendered":"https:\/\/www.praguecitytransfers.com\/rental-tranfers\/"},"modified":"2024-10-11T15:02:10","modified_gmt":"2024-10-11T13:02:10","slug":"rental-tranfers","status":"publish","type":"page","link":"https:\/\/www.praguecitytransfers.com\/it\/rental-tranfers\/","title":{"rendered":"Rental &amp; Tranfers"},"content":{"rendered":"\n\t<section class=\"section\" id=\"section_1472014984\">\n\t\t<div class=\"bg section-bg fill bg-fill  bg-loaded\" >\n\n\t\t\t\n\t\t\t\n\t\t\t\n\n\t\t<\/div>\n\n\t\t\n\n\t\t<div class=\"section-content relative\">\n\t\t\t\n\n<div class=\"row\" style=\"max-width:1200px\" id=\"row-1779676188\">\n\n\n\t<div id=\"col-1589336592\" class=\"col medium-6 small-12 large-5\"  >\n\t\t\t\t<div class=\"col-inner\"  >\n\t\t\t\n\t\t\t\n\n\t<div id=\"gap-1920058377\" class=\"gap-element clearfix\" style=\"display:block; height:auto;\">\n\t\t\n<style>\n#gap-1920058377 {\n  padding-top: 60px;\n}\n<\/style>\n\t<\/div>\n\t\n\n\t<div id=\"text-192573654\" class=\"text\">\n\t\t\n\n<h1>Rental &amp; Tranfers<\/h1>\n\n\t\t\n<style>\n#text-192573654 {\n  font-size: 2.75rem;\n}\n<\/style>\n\t<\/div>\n\t\n\n\t\t<\/div>\n\t\t\t\t\t<\/div>\n\n\t\n\n<\/div>\n<div class=\"row\" style=\"max-width:1200px\" id=\"row-1190958027\">\n\n\n\t<div id=\"col-1011693197\" class=\"col small-12 large-12\"  >\n\t\t\t\t<div class=\"col-inner\"  >\n\t\t\t\n\t\t\t\n\n<div class=\"row align-bottom\" style=\"max-width:1200px\" id=\"row-472153612\">\n\n\n\t<div id=\"col-1116821052\" class=\"col medium-12 small-12 large-6\"  >\n\t\t\t\t<div class=\"col-inner\"  >\n\t\t\t\n\t\t\t\n\n\t<div id=\"text-1198977025\" class=\"text\">\n\t\t\n\n<h2>Trasferimenti dall&#8217;aeroporto<\/h2>\n\t\t\n<style>\n#text-1198977025 {\n  font-size: 1.5rem;\n}\n<\/style>\n\t<\/div>\n\t\n<p>Offriamo un esclusivo servizio di autista aeroportuale, fornendo un&#8217;assistenza completa dall&#8217;inizio alla fine. Viaggiate con stile e comfort grazie ai nostri lussuosi veicoli Mercedes-Benz, che garantiscono un trasferimento tranquillo e sicuro. Monitoriamo meticolosamente gli orari dei voli per garantire che il vostro autista sia pronto ad accogliervi in aeroporto in tempo. Il vostro autista personale, munito di badge, vi accoglier\u00e0 nella sala arrivi e vi assister\u00e0 con i bagagli. Per maggiore comodit\u00e0, offriamo anche trasferimenti con jet privati da e per il Terminal T3, nonch\u00e9 l&#8217;accesso alla business lounge VIP dell&#8217;aeroporto V\u00e1clav Havel di Praga.    <\/p>\n\n<a class=\"button secondary is-link\"  >\n    <span>R\u00e9servation en ligne<\/span>\n  <i class=\"icon-angle-right\" aria-hidden=\"true\" ><\/i><\/a>\n\n\n\n\t\t<\/div>\n\t\t\t\t\t<\/div>\n\n\t\n\n\t<div id=\"col-1187547365\" class=\"col medium-12 small-12 large-6 medium-col-first\"  >\n\t\t\t\t<div class=\"col-inner\"  >\n\t\t\t\n\t\t\t\n\n\n  <div class=\"banner has-hover has-parallax\" id=\"banner-1617827731\">\n          <div class=\"banner-inner fill\">\n        <div class=\"banner-bg fill\" data-parallax=\"-3\" data-parallax-container=\".banner\" data-parallax-background>\n            <div class=\"bg fill bg-fill \"><\/div>\n                                    \n                    <\/div>\n\t\t\n        <div class=\"banner-layers container\">\n            <div class=\"fill banner-link\"><\/div>            \n\n\n        <\/div>\n      <\/div>\n\n            \n<style>\n#banner-1617827731 {\n  padding-top: 400px;\n  background-color: rgb(255, 255, 255);\n}\n#banner-1617827731 .bg.bg-loaded {\n  background-image: url(https:\/\/www.praguecitytransfers.com\/wp-content\/uploads\/2020\/10\/shutterstock_372107485-scaled-1.jpg);\n}\n#banner-1617827731 .bg {\n  background-position: 34% 56%;\n}\n@media (min-width:550px) {\n  #banner-1617827731 {\n    padding-top: 600px;\n  }\n}\n@media (min-width:850px) {\n  #banner-1617827731 {\n    padding-top: 700px;\n  }\n}\n<\/style>\n  <\/div>\n\n\n\n\t\t<\/div>\n\t\t\t\t\n<style>\n#col-1187547365 > .col-inner {\n  padding: 0px 0px 30px 0px;\n  margin: -70px 0px 0px 0px;\n}\n@media (min-width:850px) {\n  #col-1187547365 > .col-inner {\n    margin: -260px 0px 0px 0px;\n  }\n}\n<\/style>\n\t<\/div>\n\n\t\n\n<\/div>\n\n\t\t<\/div>\n\t\t\t\t\t<\/div>\n\n\t\n\n<\/div>\n<div class=\"row\" style=\"max-width:1200px\" id=\"row-1967988226\">\n\n\n\t<div id=\"col-1293973653\" class=\"col medium-11 small-12 large-8\"  >\n\t\t\t\t<div class=\"col-inner\"  >\n\t\t\t\n\t\t\t\n\n\t<div id=\"gap-980903452\" class=\"gap-element clearfix\" style=\"display:block; height:auto;\">\n\t\t\n<style>\n#gap-980903452 {\n  padding-top: 30px;\n}\n<\/style>\n\t<\/div>\n\t\n\n\n  <div class=\"banner has-hover has-parallax\" id=\"banner-165732784\">\n          <div class=\"banner-inner fill\">\n        <div class=\"banner-bg fill\" data-parallax=\"-3\" data-parallax-container=\".banner\" data-parallax-background>\n            <div class=\"bg fill bg-fill \"><\/div>\n                                    \n                    <\/div>\n\t\t\n        <div class=\"banner-layers container\">\n            <div class=\"fill banner-link\"><\/div>            \n\n\n        <\/div>\n      <\/div>\n\n            \n<style>\n#banner-165732784 {\n  padding-top: 300px;\n  background-color: rgb(249, 245, 229);\n}\n#banner-165732784 .bg.bg-loaded {\n  background-image: url(https:\/\/www.praguecitytransfers.com\/wp-content\/uploads\/2024\/09\/business-car-transfer-1024x576.jpg);\n}\n#banner-165732784 .bg {\n  background-position: 92% 29%;\n}\n@media (min-width:550px) {\n  #banner-165732784 {\n    padding-top: 500px;\n  }\n}\n<\/style>\n  <\/div>\n\n\n\n\t\t<\/div>\n\t\t\t\t\t<\/div>\n\n\t\n\n<\/div>\n<div class=\"row align-right\" style=\"max-width:1200px\" id=\"row-1448709205\">\n\n\n\t<div id=\"col-235332643\" class=\"col medium-8 small-12 large-6\"  >\n\t\t\t\t<div class=\"col-inner\" style=\"background-color:rgb(255, 255, 255);\" >\n\t\t\t\n\t\t\t\n\n\t<div id=\"text-4202085376\" class=\"text\">\n\t\t\n\n<h2>Trasferimenti commerciali<\/h2>\n\n\t\t\n<style>\n#text-4202085376 {\n  font-size: 1.5rem;\n}\n<\/style>\n\t<\/div>\n\t\n<p>Forniamo un servizio di trasferimento aziendale di alto livello, progettato per soddisfare le esigenze dei professionisti pi\u00f9 impegnati. Con i nostri lussuosi veicoli Mercedes-Benz, potrete godere di un viaggio confortevole ed efficiente, sia che si tratti di spostamenti tra una riunione e l&#8217;altra che di eventi aziendali. I nostri autisti professionisti assicurano puntualit\u00e0 e un viaggio tranquillo, permettendovi di concentrarvi su ci\u00f2 che conta. Adattiamo ogni trasferimento al vostro programma, con un monitoraggio in tempo reale per garantire che il vostro autista sia pronto in tempo. Che si tratti di prelievi dall&#8217;aeroporto o di trasferimenti da punto a punto, garantiamo un&#8217;esperienza di viaggio d&#8217;affari senza soluzione di continuit\u00e0 con il massimo livello di servizio.    <\/p>\n\n<a class=\"button secondary is-link\"  >\n    <span>R\u00e9servation en ligne<\/span>\n  <i class=\"icon-angle-right\" aria-hidden=\"true\" ><\/i><\/a>\n\n\n\n\t\t<\/div>\n\t\t\t\t\n<style>\n#col-235332643 > .col-inner {\n  padding: 10% 10% 10% 10%;\n  margin: -42px -42px 0px 0px;\n}\n@media (min-width:550px) {\n  #col-235332643 > .col-inner {\n    margin: -317px -42px 0px 0px;\n  }\n}\n<\/style>\n\t<\/div>\n\n\t\n\n<\/div>\n<div class=\"row\" style=\"max-width:1200px\" id=\"row-247220998\">\n\n\n\t<div id=\"col-46074407\" class=\"col medium-6 small-12 large-6\"  >\n\t\t\t\t<div class=\"col-inner\"  >\n\t\t\t\n\t\t\t\n\n\n  <div class=\"banner has-hover has-parallax\" id=\"banner-1774211410\">\n          <div class=\"banner-inner fill\">\n        <div class=\"banner-bg fill\" data-parallax=\"-3\" data-parallax-container=\".banner\" data-parallax-background>\n            <div class=\"bg fill bg-fill \"><\/div>\n                                    \n                    <\/div>\n\t\t\n        <div class=\"banner-layers container\">\n            <div class=\"fill banner-link\"><\/div>            \n\n\n        <\/div>\n      <\/div>\n\n            \n<style>\n#banner-1774211410 {\n  padding-top: 400px;\n  background-color: rgb(255, 255, 255);\n}\n#banner-1774211410 .bg.bg-loaded {\n  background-image: url(https:\/\/www.praguecitytransfers.com\/wp-content\/uploads\/2021\/08\/Obrazek-WhatsApp-2024-07-11-v-22.09.44_ba6484d2-1-scaled-1.jpg);\n}\n#banner-1774211410 .bg {\n  background-position: 33% 56%;\n}\n@media (min-width:550px) {\n  #banner-1774211410 {\n    padding-top: 600px;\n  }\n}\n<\/style>\n  <\/div>\n\n\n\t<div id=\"gap-60696464\" class=\"gap-element clearfix\" style=\"display:block; height:auto;\">\n\t\t\n<style>\n#gap-60696464 {\n  padding-top: 30px;\n}\n@media (min-width:550px) {\n  #gap-60696464 {\n    padding-top: 100px;\n  }\n}\n<\/style>\n\t<\/div>\n\t\n\n\t<div id=\"text-353179811\" class=\"text\">\n\t\t\n\n<h2>Trasferimenti in hotel<\/h2>\n\n\t\t\n<style>\n#text-353179811 {\n  font-size: 1.5rem;\n}\n<\/style>\n\t<\/div>\n\t\n<p>Offriamo un servizio di trasferimento dall&#8217;hotel senza soluzione di continuit\u00e0, assicurandovi un viaggio comodo e senza stress da o verso la vostra sistemazione. La nostra flotta di veicoli di lusso Mercedes-Benz garantisce un viaggio elegante e senza intoppi, sia in arrivo che in partenza. Il vostro autista professionista vi accoglier\u00e0 all&#8217;aeroporto o all&#8217;hotel, vi assister\u00e0 con i bagagli e vi garantir\u00e0 un servizio puntuale e affidabile. Grazie all&#8217;attenzione per ogni dettaglio, ci proponiamo di offrire un&#8217;esperienza di trasferimento superiore, rendendo il vostro soggiorno pi\u00f9 piacevole dal momento del vostro arrivo fino alla partenza.   <\/p>\n\n<a class=\"button secondary is-link\"  >\n    <span>R\u00e9servation en ligne<\/span>\n  <i class=\"icon-angle-right\" aria-hidden=\"true\" ><\/i><\/a>\n\n\n\n\t\t<\/div>\n\t\t\t\t\n<style>\n#col-46074407 > .col-inner {\n  padding: 0px 0px 0px 1px;\n}\n@media (min-width:850px) {\n  #col-46074407 > .col-inner {\n    padding: 50px 50px 50px 0px;\n  }\n}\n<\/style>\n\t<\/div>\n\n\t\n\n\t<div id=\"col-919586600\" class=\"col medium-6 small-12 large-6\"  >\n\t\t\t\t<div class=\"col-inner\"  >\n\t\t\t\n\t\t\t\n\n\t<div id=\"text-3213067895\" class=\"text\">\n\t\t\n\n<h2>Noleggio orario con autista<\/h2>\n\t\t\n<style>\n#text-3213067895 {\n  font-size: 1.5rem;\n}\n<\/style>\n\t<\/div>\n\t\n<p>Il nostro servizio di autista a ore offre la flessibilit\u00e0 e la convenienza necessarie per ogni occasione. Che si tratti di riunioni di lavoro, tour della citt\u00e0 o eventi speciali, i nostri autisti professionisti e i nostri lussuosi veicoli Mercedes-Benz sono a vostra disposizione. Godetevi un&#8217;esperienza senza soluzione di continuit\u00e0 con un servizio personalizzato, che vi garantir\u00e0 di viaggiare con stile e comfort, per qualsiasi periodo di tempo abbiate bisogno di noi.  <\/p>\n<a class=\"button secondary is-link\"  >\n    <span>R\u00e9servation en ligne<\/span>\n  <i class=\"icon-angle-right\" aria-hidden=\"true\" ><\/i><\/a>\n\n\n\t<div id=\"gap-1067326645\" class=\"gap-element clearfix\" style=\"display:block; height:auto;\">\n\t\t\n<style>\n#gap-1067326645 {\n  padding-top: 30px;\n}\n@media (min-width:550px) {\n  #gap-1067326645 {\n    padding-top: 80px;\n  }\n}\n<\/style>\n\t<\/div>\n\t\n\n\n  <div class=\"banner has-hover has-parallax\" id=\"banner-1341177028\">\n          <div class=\"banner-inner fill\">\n        <div class=\"banner-bg fill\" data-parallax=\"-3\" data-parallax-container=\".banner\" data-parallax-background>\n            <div class=\"bg fill bg-fill \"><\/div>\n                                    \n                    <\/div>\n\t\t\n        <div class=\"banner-layers container\">\n            <div class=\"fill banner-link\"><\/div>            \n\n\n        <\/div>\n      <\/div>\n\n            \n<style>\n#banner-1341177028 {\n  padding-top: 400px;\n  background-color: rgb(255, 255, 255);\n}\n#banner-1341177028 .bg.bg-loaded {\n  background-image: url(https:\/\/www.praguecitytransfers.com\/wp-content\/uploads\/2024\/01\/IMG-20240116-WA0080-scaled-1.jpg);\n}\n#banner-1341177028 .bg {\n  background-position: 47% 26%;\n}\n@media (min-width:550px) {\n  #banner-1341177028 {\n    padding-top: 600px;\n  }\n}\n<\/style>\n  <\/div>\n\n\n\n\t\t<\/div>\n\t\t\t\t\n<style>\n#col-919586600 > .col-inner {\n  padding: 0px 0px 0px 0;\n}\n@media (min-width:550px) {\n  #col-919586600 > .col-inner {\n    padding: 50px 0px 0px 20px;\n  }\n}\n@media (min-width:850px) {\n  #col-919586600 > .col-inner {\n    padding: 50px 0px 0px 50px;\n  }\n}\n<\/style>\n\t<\/div>\n\n\t\n\n<\/div>\n\n\t\t<\/div>\n\n\t\t\n<style>\n#section_1472014984 {\n  padding-top: 30px;\n  padding-bottom: 30px;\n}\n<\/style>\n\t<\/section>\n\t\n\n","protected":false},"excerpt":{"rendered":"","protected":false},"author":1,"featured_media":0,"parent":0,"menu_order":0,"comment_status":"closed","ping_status":"closed","template":"","meta":{"inline_featured_image":false,"footnotes":""},"class_list":["post-15837","page","type-page","status-publish","hentry"],"_links":{"self":[{"href":"https:\/\/www.praguecitytransfers.com\/it\/wp-json\/wp\/v2\/pages\/15837","targetHints":{"allow":["GET"]}}],"collection":[{"href":"https:\/\/www.praguecitytransfers.com\/it\/wp-json\/wp\/v2\/pages"}],"about":[{"href":"https:\/\/www.praguecitytransfers.com\/it\/wp-json\/wp\/v2\/types\/page"}],"author":[{"embeddable":true,"href":"https:\/\/www.praguecitytransfers.com\/it\/wp-json\/wp\/v2\/users\/1"}],"replies":[{"embeddable":true,"href":"https:\/\/www.praguecitytransfers.com\/it\/wp-json\/wp\/v2\/comments?post=15837"}],"version-history":[{"count":1,"href":"https:\/\/www.praguecitytransfers.com\/it\/wp-json\/wp\/v2\/pages\/15837\/revisions"}],"predecessor-version":[{"id":15838,"href":"https:\/\/www.praguecitytransfers.com\/it\/wp-json\/wp\/v2\/pages\/15837\/revisions\/15838"}],"wp:attachment":[{"href":"https:\/\/www.praguecitytransfers.com\/it\/wp-json\/wp\/v2\/media?parent=15837"}],"curies":[{"name":"wp","href":"https:\/\/api.w.org\/{rel}","templated":true}]}}