{"id":15809,"date":"2024-09-04T00:13:12","date_gmt":"2024-09-03T22:13:12","guid":{"rendered":"https:\/\/www.praguecitytransfers.com\/servizi\/"},"modified":"2024-10-11T14:40:47","modified_gmt":"2024-10-11T12:40:47","slug":"servizi","status":"publish","type":"page","link":"https:\/\/www.praguecitytransfers.com\/it\/servizi\/","title":{"rendered":"Servizi"},"content":{"rendered":"\n\t<section class=\"section\" id=\"section_340202777\">\n\t\t<div class=\"bg section-bg fill bg-fill  bg-loaded\" >\n\n\t\t\t\n\t\t\t\n\t\t\t\n\n\t\t<\/div>\n\n\t\t\n\n\t\t<div class=\"section-content relative\">\n\t\t\t\n\n<div class=\"row\" style=\"max-width:1200px\" id=\"row-1259312033\">\n\n\n\t<div id=\"col-1865504424\" class=\"col medium-6 small-12 large-5\"  >\n\t\t\t\t<div class=\"col-inner\"  >\n\t\t\t\n\t\t\t\n\n\t<div id=\"gap-833632216\" class=\"gap-element clearfix\" style=\"display:block; height:auto;\">\n\t\t\n<style>\n#gap-833632216 {\n  padding-top: 60px;\n}\n<\/style>\n\t<\/div>\n\t\n\n\t<div id=\"text-3355932897\" class=\"text\">\n\t\t\n\n<h1>I nostri servizi<\/h1>\n\t\t\n<style>\n#text-3355932897 {\n  font-size: 2.75rem;\n}\n<\/style>\n\t<\/div>\n\t\n\n\t\t<\/div>\n\t\t\t\t\t<\/div>\n\n\t\n\n<\/div>\n<div class=\"row\" style=\"max-width:1200px\" id=\"row-1047962212\">\n\n\n\t<div id=\"col-1852937293\" class=\"col small-12 large-12\"  >\n\t\t\t\t<div class=\"col-inner\"  >\n\t\t\t\n\t\t\t\n\n<div class=\"row align-bottom\" style=\"max-width:1200px\" id=\"row-308590543\">\n\n\n\t<div id=\"col-232082146\" class=\"col medium-12 small-12 large-6\"  >\n\t\t\t\t<div class=\"col-inner\"  >\n\t\t\t\n\t\t\t\n\n\t<div id=\"text-1705023607\" class=\"text\">\n\t\t\n\n<h2>Flotta Mercedes di lusso con autista<\/h2>\n\t\t\n<style>\n#text-1705023607 {\n  font-size: 1.5rem;\n}\n<\/style>\n\t<\/div>\n\t\n<p>Sperimentate un&#8217;attenzione e una professionalit\u00e0 senza pari con il nostro servizio di trasferimento VIP. Siamo specializzati nel noleggio di veicoli di lusso con autista per trasferimenti aeroportuali, viaggi d&#8217;affari, noleggi a ore e trasporto di delegazioni governative e diplomatiche. Con sede a Praga, serviamo clienti in tutta la Repubblica Ceca e nell&#8217;UE. Viaggiate con stile e comfort grazie alla nostra esclusiva flotta di veicoli Mercedes-Benz, assicurando un&#8217;esperienza di prima classe dall&#8217;inizio alla fine.   <\/p>\n<a class=\"button secondary is-link\"  >\n    <span>R\u00e9servation en ligne<\/span>\n  <i class=\"icon-angle-right\" aria-hidden=\"true\" ><\/i><\/a>\n\n\n\n\t\t<\/div>\n\t\t\t\t\t<\/div>\n\n\t\n\n\t<div id=\"col-1986763679\" class=\"col medium-12 small-12 large-6 medium-col-first\"  >\n\t\t\t\t<div class=\"col-inner\"  >\n\t\t\t\n\t\t\t\n\n\n  <div class=\"banner has-hover has-parallax\" id=\"banner-1395578772\">\n          <div class=\"banner-inner fill\">\n        <div class=\"banner-bg fill\" data-parallax=\"-3\" data-parallax-container=\".banner\" data-parallax-background>\n            <div class=\"bg fill bg-fill \"><\/div>\n                                    \n                    <\/div>\n\t\t\n        <div class=\"banner-layers container\">\n            <div class=\"fill banner-link\"><\/div>            \n\n\n        <\/div>\n      <\/div>\n\n            \n<style>\n#banner-1395578772 {\n  padding-top: 400px;\n  background-color: rgb(255, 255, 255);\n}\n#banner-1395578772 .bg.bg-loaded {\n  background-image: url(https:\/\/www.praguecitytransfers.com\/wp-content\/uploads\/2024\/05\/hlavni-1.jpg);\n}\n#banner-1395578772 .bg {\n  background-position: 78% 33%;\n}\n@media (min-width:550px) {\n  #banner-1395578772 {\n    padding-top: 600px;\n  }\n}\n@media (min-width:850px) {\n  #banner-1395578772 {\n    padding-top: 700px;\n  }\n}\n<\/style>\n  <\/div>\n\n\n\n\t\t<\/div>\n\t\t\t\t\n<style>\n#col-1986763679 > .col-inner {\n  padding: 0px 0px 30px 0px;\n  margin: -70px 0px 0px 0px;\n}\n@media (min-width:850px) {\n  #col-1986763679 > .col-inner {\n    margin: -260px 0px 0px 0px;\n  }\n}\n<\/style>\n\t<\/div>\n\n\t\n\n<\/div>\n\n\t\t<\/div>\n\t\t\t\t\t<\/div>\n\n\t\n\n<\/div>\n<div class=\"row\" style=\"max-width:1200px\" id=\"row-757615999\">\n\n\n\t<div id=\"col-227076015\" class=\"col medium-11 small-12 large-8\"  >\n\t\t\t\t<div class=\"col-inner\"  >\n\t\t\t\n\t\t\t\n\n\t<div id=\"gap-1937543402\" class=\"gap-element clearfix\" style=\"display:block; height:auto;\">\n\t\t\n<style>\n#gap-1937543402 {\n  padding-top: 30px;\n}\n<\/style>\n\t<\/div>\n\t\n\n\n  <div class=\"banner has-hover has-parallax\" id=\"banner-1462468466\">\n          <div class=\"banner-inner fill\">\n        <div class=\"banner-bg fill\" data-parallax=\"-3\" data-parallax-container=\".banner\" data-parallax-background>\n            <div class=\"bg fill bg-fill \"><\/div>\n                                    \n                    <\/div>\n\t\t\n        <div class=\"banner-layers container\">\n            <div class=\"fill banner-link\"><\/div>            \n\n\n        <\/div>\n      <\/div>\n\n            \n<style>\n#banner-1462468466 {\n  padding-top: 300px;\n  background-color: rgb(249, 245, 229);\n}\n#banner-1462468466 .bg.bg-loaded {\n  background-image: url(https:\/\/www.praguecitytransfers.com\/wp-content\/uploads\/2021\/08\/Obrazek-WhatsApp-2024-07-11-v-22.17.14_61423e4c-1-scaled-1.jpg);\n}\n#banner-1462468466 .bg {\n  background-position: 56% 35%;\n}\n@media (min-width:550px) {\n  #banner-1462468466 {\n    padding-top: 500px;\n  }\n}\n<\/style>\n  <\/div>\n\n\n\n\t\t<\/div>\n\t\t\t\t\t<\/div>\n\n\t\n\n<\/div>\n<div class=\"row align-right\" style=\"max-width:1200px\" id=\"row-1448202369\">\n\n\n\t<div id=\"col-470444010\" class=\"col medium-8 small-12 large-6\"  >\n\t\t\t\t<div class=\"col-inner\" style=\"background-color:rgb(255, 255, 255);\" >\n\t\t\t\n\t\t\t\n\n\t<div id=\"text-637592541\" class=\"text\">\n\t\t\n\n<h2>Approccio individuale<\/h2>\n\t\t\n<style>\n#text-637592541 {\n  font-size: 1.5rem;\n}\n<\/style>\n\t<\/div>\n\t\n<p>Offriamo un approccio personalizzato, con autisti professionisti e veicoli confortevoli adatti a ogni evento. La nostra flotta di veicoli Mercedes-Benz \u00e8 pronta per ogni occasione, assicurando che ogni evento, indipendentemente dalle dimensioni, dal luogo o dal prestigio, riceva lo stesso eccezionale livello di cura e attenzione. <\/p>\n<a class=\"button secondary is-link\"  >\n    <span>R\u00e9servation en ligne<\/span>\n  <i class=\"icon-angle-right\" aria-hidden=\"true\" ><\/i><\/a>\n\n\n\n\t\t<\/div>\n\t\t\t\t\n<style>\n#col-470444010 > .col-inner {\n  padding: 10% 10% 10% 10%;\n  margin: -42px -42px 0px 0px;\n}\n@media (min-width:550px) {\n  #col-470444010 > .col-inner {\n    margin: -317px -42px 0px 0px;\n  }\n}\n<\/style>\n\t<\/div>\n\n\t\n\n<\/div>\n<div class=\"row\" style=\"max-width:1200px\" id=\"row-1370143131\">\n\n\n\t<div id=\"col-504661893\" class=\"col medium-6 small-12 large-6\"  >\n\t\t\t\t<div class=\"col-inner\"  >\n\t\t\t\n\t\t\t\n\n\n  <div class=\"banner has-hover has-parallax\" id=\"banner-1073251615\">\n          <div class=\"banner-inner fill\">\n        <div class=\"banner-bg fill\" data-parallax=\"-3\" data-parallax-container=\".banner\" data-parallax-background>\n            <div class=\"bg fill bg-fill \"><\/div>\n                                    \n                    <\/div>\n\t\t\n        <div class=\"banner-layers container\">\n            <div class=\"fill banner-link\"><\/div>            \n\n\n        <\/div>\n      <\/div>\n\n            \n<style>\n#banner-1073251615 {\n  padding-top: 400px;\n  background-color: rgb(255, 255, 255);\n}\n#banner-1073251615 .bg.bg-loaded {\n  background-image: url(https:\/\/www.praguecitytransfers.com\/wp-content\/uploads\/2021\/08\/Obrazek-WhatsApp-2024-07-11-v-22.09.44_ba6484d2-1-scaled-1.jpg);\n}\n#banner-1073251615 .bg {\n  background-position: 33% 56%;\n}\n@media (min-width:550px) {\n  #banner-1073251615 {\n    padding-top: 600px;\n  }\n}\n<\/style>\n  <\/div>\n\n\n\t<div id=\"gap-1725865757\" class=\"gap-element clearfix\" style=\"display:block; height:auto;\">\n\t\t\n<style>\n#gap-1725865757 {\n  padding-top: 30px;\n}\n@media (min-width:550px) {\n  #gap-1725865757 {\n    padding-top: 100px;\n  }\n}\n<\/style>\n\t<\/div>\n\t\n\n\t<div id=\"text-3858628932\" class=\"text\">\n\t\t\n\n<h2>Per i nostri clienti<\/h2>\n\t\t\n<style>\n#text-3858628932 {\n  font-size: 1.5rem;\n}\n<\/style>\n\t<\/div>\n\t\n<p>Al centro dei nostri servizi c&#8217;\u00e8 l&#8217;impegno nei confronti di voi, i nostri stimati clienti. La vostra soddisfazione \u00e8 la nostra massima priorit\u00e0 e facciamo tutto il possibile per rendere la vostra esperienza eccezionale. Dalla prenotazione alla destinazione finale, ci impegniamo a fornirvi un&#8217;attenzione personale, un servizio professionale e un comfort di lusso. Grazie per averci scelto. La vostra fiducia ci spinge a continuare a offrire l&#8217;eccellenza in ogni viaggio.   <\/p>\n<a class=\"button secondary is-link\"  >\n    <span>R\u00e9servation en ligne<\/span>\n  <i class=\"icon-angle-right\" aria-hidden=\"true\" ><\/i><\/a>\n\n\n\n\t\t<\/div>\n\t\t\t\t\n<style>\n#col-504661893 > .col-inner {\n  padding: 0px 0px 0px 1px;\n}\n@media (min-width:850px) {\n  #col-504661893 > .col-inner {\n    padding: 50px 50px 50px 0px;\n  }\n}\n<\/style>\n\t<\/div>\n\n\t\n\n\t<div id=\"col-546526509\" class=\"col medium-6 small-12 large-6\"  >\n\t\t\t\t<div class=\"col-inner\"  >\n\t\t\t\n\t\t\t\n\n\t<div id=\"text-1640006123\" class=\"text\">\n\t\t\n\n<h2>Noleggio orario con autista<\/h2>\n\t\t\n<style>\n#text-1640006123 {\n  font-size: 1.5rem;\n}\n<\/style>\n\t<\/div>\n\t\n<p>Il nostro servizio di autista a ore offre la flessibilit\u00e0 e la convenienza necessarie per ogni occasione. Che si tratti di riunioni di lavoro, tour della citt\u00e0 o eventi speciali, i nostri autisti professionisti e i nostri lussuosi veicoli Mercedes-Benz sono a vostra disposizione. Godetevi un&#8217;esperienza senza soluzione di continuit\u00e0 con un servizio personalizzato, che vi garantir\u00e0 di viaggiare con stile e comfort, per qualsiasi periodo di tempo abbiate bisogno di noi.  <\/p>\n<a class=\"button secondary is-link\"  >\n    <span>R\u00e9servation en ligne<\/span>\n  <i class=\"icon-angle-right\" aria-hidden=\"true\" ><\/i><\/a>\n\n\n\t<div id=\"gap-665115487\" class=\"gap-element clearfix\" style=\"display:block; height:auto;\">\n\t\t\n<style>\n#gap-665115487 {\n  padding-top: 30px;\n}\n@media (min-width:550px) {\n  #gap-665115487 {\n    padding-top: 80px;\n  }\n}\n<\/style>\n\t<\/div>\n\t\n\n\n  <div class=\"banner has-hover has-parallax\" id=\"banner-1965691772\">\n          <div class=\"banner-inner fill\">\n        <div class=\"banner-bg fill\" data-parallax=\"-3\" data-parallax-container=\".banner\" data-parallax-background>\n            <div class=\"bg fill bg-fill \"><\/div>\n                                    \n                    <\/div>\n\t\t\n        <div class=\"banner-layers container\">\n            <div class=\"fill banner-link\"><\/div>            \n\n\n        <\/div>\n      <\/div>\n\n            \n<style>\n#banner-1965691772 {\n  padding-top: 400px;\n  background-color: rgb(255, 255, 255);\n}\n#banner-1965691772 .bg.bg-loaded {\n  background-image: url(https:\/\/www.praguecitytransfers.com\/wp-content\/uploads\/2024\/01\/IMG-20240116-WA0080-scaled-1.jpg);\n}\n#banner-1965691772 .bg {\n  background-position: 47% 26%;\n}\n@media (min-width:550px) {\n  #banner-1965691772 {\n    padding-top: 600px;\n  }\n}\n<\/style>\n  <\/div>\n\n\n\n\t\t<\/div>\n\t\t\t\t\n<style>\n#col-546526509 > .col-inner {\n  padding: 0px 0px 0px 0;\n}\n@media (min-width:550px) {\n  #col-546526509 > .col-inner {\n    padding: 50px 0px 0px 20px;\n  }\n}\n@media (min-width:850px) {\n  #col-546526509 > .col-inner {\n    padding: 50px 0px 0px 50px;\n  }\n}\n<\/style>\n\t<\/div>\n\n\t\n\n<\/div>\n\n\t\t<\/div>\n\n\t\t\n<style>\n#section_340202777 {\n  padding-top: 30px;\n  padding-bottom: 30px;\n}\n<\/style>\n\t<\/section>\n\t\n\n","protected":false},"excerpt":{"rendered":"","protected":false},"author":1,"featured_media":0,"parent":0,"menu_order":0,"comment_status":"closed","ping_status":"closed","template":"","meta":{"inline_featured_image":false,"footnotes":""},"class_list":["post-15809","page","type-page","status-publish","hentry"],"_links":{"self":[{"href":"https:\/\/www.praguecitytransfers.com\/it\/wp-json\/wp\/v2\/pages\/15809","targetHints":{"allow":["GET"]}}],"collection":[{"href":"https:\/\/www.praguecitytransfers.com\/it\/wp-json\/wp\/v2\/pages"}],"about":[{"href":"https:\/\/www.praguecitytransfers.com\/it\/wp-json\/wp\/v2\/types\/page"}],"author":[{"embeddable":true,"href":"https:\/\/www.praguecitytransfers.com\/it\/wp-json\/wp\/v2\/users\/1"}],"replies":[{"embeddable":true,"href":"https:\/\/www.praguecitytransfers.com\/it\/wp-json\/wp\/v2\/comments?post=15809"}],"version-history":[{"count":1,"href":"https:\/\/www.praguecitytransfers.com\/it\/wp-json\/wp\/v2\/pages\/15809\/revisions"}],"predecessor-version":[{"id":15810,"href":"https:\/\/www.praguecitytransfers.com\/it\/wp-json\/wp\/v2\/pages\/15809\/revisions\/15810"}],"wp:attachment":[{"href":"https:\/\/www.praguecitytransfers.com\/it\/wp-json\/wp\/v2\/media?parent=15809"}],"curies":[{"name":"wp","href":"https:\/\/api.w.org\/{rel}","templated":true}]}}