{"id":15817,"date":"2024-09-04T00:26:02","date_gmt":"2024-09-03T22:26:02","guid":{"rendered":"https:\/\/www.praguecitytransfers.com\/merci\/"},"modified":"2024-10-11T14:45:17","modified_gmt":"2024-10-11T12:45:17","slug":"merci","status":"publish","type":"page","link":"https:\/\/www.praguecitytransfers.com\/fr\/merci\/","title":{"rendered":"Merci"},"content":{"rendered":"\n\t<section class=\"section\" id=\"section_1731295028\">\n\t\t<div class=\"bg section-bg fill bg-fill  bg-loaded\" >\n\n\t\t\t\n\t\t\t\n\t\t\t\n\n\t\t<\/div>\n\n\t\t\n\n\t\t<div class=\"section-content relative\">\n\t\t\t\n\n\t<div id=\"text-3363932920\" class=\"text\">\n\t\t\n\n<h2>Merci pour votre commande !<\/h2>\n\t\t\n<style>\n#text-3363932920 {\n  text-align: center;\n}\n<\/style>\n\t<\/div>\n\t\n<div class=\"row\"  id=\"row-653362714\">\n\n\n\t<div id=\"col-945205082\" class=\"col small-12 large-12\"  >\n\t\t\t\t<div class=\"col-inner\"  >\n\t\t\t\n\t\t\t\n\n<p>Nous sommes ravis que vous vous joigniez \u00e0 nous ! Votre r\u00e9servation a \u00e9t\u00e9 <strong>confirm\u00e9e avec succ\u00e8s.<\/strong> <\/p>\n<p>Si vous avez besoin d&rsquo;apporter des modifications ou si vous avez des demandes particuli\u00e8res, n&rsquo;h\u00e9sitez pas \u00e0 nous contacter au <a href=\"tel:+420792800430\">+420 792 800 430<\/a>. Nous nous r\u00e9jouissons de vous faire vivre une exp\u00e9rience exceptionnelle. <\/p>\n<p><strong>A bient\u00f4t !<\/strong><\/p>\n<a href=\"https:\/\/www.praguecitytransfers.com\/fr\/\" target=\"_self\" class=\"button success\"  style=\"border-radius:99px;\">\n    <span>Retour \u00e0 la maison<\/span>\n  <\/a>\n\n\n\n\t\t<\/div>\n\t\t\t\t\t<\/div>\n\n\t\n\n<\/div>\n\n\t\t<\/div>\n\n\t\t\n<style>\n#section_1731295028 {\n  padding-top: 30px;\n  padding-bottom: 30px;\n}\n<\/style>\n\t<\/section>\n\t\n\n","protected":false},"excerpt":{"rendered":"","protected":false},"author":1,"featured_media":0,"parent":0,"menu_order":0,"comment_status":"closed","ping_status":"closed","template":"page-blank.php","meta":{"inline_featured_image":false,"footnotes":""},"class_list":["post-15817","page","type-page","status-publish","hentry"],"_links":{"self":[{"href":"https:\/\/www.praguecitytransfers.com\/fr\/wp-json\/wp\/v2\/pages\/15817","targetHints":{"allow":["GET"]}}],"collection":[{"href":"https:\/\/www.praguecitytransfers.com\/fr\/wp-json\/wp\/v2\/pages"}],"about":[{"href":"https:\/\/www.praguecitytransfers.com\/fr\/wp-json\/wp\/v2\/types\/page"}],"author":[{"embeddable":true,"href":"https:\/\/www.praguecitytransfers.com\/fr\/wp-json\/wp\/v2\/users\/1"}],"replies":[{"embeddable":true,"href":"https:\/\/www.praguecitytransfers.com\/fr\/wp-json\/wp\/v2\/comments?post=15817"}],"version-history":[{"count":1,"href":"https:\/\/www.praguecitytransfers.com\/fr\/wp-json\/wp\/v2\/pages\/15817\/revisions"}],"predecessor-version":[{"id":15818,"href":"https:\/\/www.praguecitytransfers.com\/fr\/wp-json\/wp\/v2\/pages\/15817\/revisions\/15818"}],"wp:attachment":[{"href":"https:\/\/www.praguecitytransfers.com\/fr\/wp-json\/wp\/v2\/media?parent=15817"}],"curies":[{"name":"wp","href":"https:\/\/api.w.org\/{rel}","templated":true}]}}