{"id":15785,"date":"2024-09-04T01:28:11","date_gmt":"2024-09-03T23:28:11","guid":{"rendered":"https:\/\/www.praguecitytransfers.com\/flotte-de-vehicules\/"},"modified":"2024-10-11T14:12:46","modified_gmt":"2024-10-11T12:12:46","slug":"flotte-de-vehicules","status":"publish","type":"page","link":"https:\/\/www.praguecitytransfers.com\/fr\/flotte-de-vehicules\/","title":{"rendered":"Flotte de v\u00e9hicules"},"content":{"rendered":"\n\t<div id=\"gap-1185463333\" class=\"gap-element clearfix\" style=\"display:block; height:auto;\">\n\t\t\n<style>\n#gap-1185463333 {\n  padding-top: 50px;\n}\n<\/style>\n\t<\/div>\n\t\n\n<div class=\"row row-full-width\"  id=\"row-1657379289\">\n\n\n\t<div id=\"col-1682702815\" class=\"col small-12 large-12\"  >\n\t\t\t\t<div class=\"col-inner\"  >\n\t\t\t\n\t\t\t\n\n<div class=\"row row-collapse row-full-width\"  id=\"row-1255575989\">\n\n\n\t<div id=\"col-668186271\" class=\"col medium-6 small-12 large-6\"  >\n\t\t\t\t<div class=\"col-inner\"  >\n\t\t\t\n\t\t\t\n\n\n  <div class=\"banner has-hover\" id=\"banner-1873356478\">\n          <div class=\"banner-inner fill\">\n        <div class=\"banner-bg fill\" >\n            <div class=\"bg fill bg-fill \"><\/div>\n                                    \n                    <\/div>\n\t\t\n        <div class=\"banner-layers container\">\n            <div class=\"fill banner-link\"><\/div>            \n\n   <div id=\"text-box-304649544\" class=\"text-box banner-layer x50 md-x50 lg-x50 y50 md-y50 lg-y50 res-text\">\n                                <div class=\"text-box-content text dark\">\n              \n              <div class=\"text-inner text-center\">\n                  \n\n\n              <\/div>\n           <\/div>\n                            \n<style>\n#text-box-304649544 {\n  width: 60%;\n}\n#text-box-304649544 .text-box-content {\n  font-size: 100%;\n}\n<\/style>\n    <\/div>\n \n\n        <\/div>\n      <\/div>\n\n            \n<style>\n#banner-1873356478 {\n  padding-top: 300px;\n  background-color: rgba(255, 255, 255, 0);\n}\n#banner-1873356478 .bg.bg-loaded {\n  background-image: url(https:\/\/www.praguecitytransfers.com\/wp-content\/uploads\/2024\/01\/skoda.png);\n}\n#banner-1873356478 .bg {\n  background-position: 42% 62%;\n}\n@media (min-width:550px) {\n  #banner-1873356478 {\n    padding-top: 350px;\n  }\n}\n@media (min-width:850px) {\n  #banner-1873356478 {\n    padding-top: 425px;\n  }\n}\n<\/style>\n  <\/div>\n\n\n\n\t\t<\/div>\n\t\t\t\t\t<\/div>\n\n\t\n\n\t<div id=\"col-423175744\" class=\"col medium-6 small-12 large-6\"  >\n\t\t\t\t<div class=\"col-inner\"  >\n\t\t\t\n\t\t\t\n\n\t<section class=\"section\" id=\"section_1016405542\">\n\t\t<div class=\"bg section-bg fill bg-fill  bg-loaded\" >\n\n\t\t\t\n\t\t\t\n\t\t\t\n\n\t\t<\/div>\n\n\t\t\n\n\t\t<div class=\"section-content relative\">\n\t\t\t\n\n<div class=\"row align-center\"  id=\"row-1330598249\">\n\n\n\t<div id=\"col-28383802\" class=\"col medium-10 small-12 large-7\"  >\n\t\t\t\t<div class=\"col-inner text-center\"  >\n\t\t\t\n\t\t\t\n\n\t<div id=\"gap-1271635160\" class=\"gap-element clearfix\" style=\"display:block; height:auto;\">\n\t\t\n<style>\n#gap-1271635160 {\n  padding-top: 40px;\n}\n<\/style>\n\t<\/div>\n\t\n\n\t<div id=\"text-3106019072\" class=\"text\">\n\t\t\n\n<h3>Confort<\/h3>\n\t\t\n<style>\n#text-3106019072 {\n  font-size: 2rem;\n  line-height: 0.75;\n}\n<\/style>\n\t<\/div>\n\t\n\t<div id=\"text-1632493559\" class=\"text\">\n\t\t\n\n<p>Nos voitures de la cat\u00e9gorie confort sont con\u00e7ues pour offrir une conduite relaxante et agr\u00e9able sans faire de compromis sur la qualit\u00e9. Avec un int\u00e9rieur spacieux, une conduite souple et des \u00e9quipements modernes, ces v\u00e9hicules sont parfaits pour les d\u00e9placements quotidiens ou les longs voyages. Que vous voyagiez pour les affaires ou pour les loisirs, notre cat\u00e9gorie confort vous garantit une exp\u00e9rience agr\u00e9able et sans stress, en combinant d&rsquo;excellentes caract\u00e9ristiques de conduite avec un prix abordable et du style.  <\/p>\n\t\t\n<style>\n#text-1632493559 {\n  text-align: left;\n}\n<\/style>\n\t<\/div>\n\t\n<a class=\"button secondary\"  style=\"border-radius:99px;padding:5px 20px 5px 20px;\">\n    <span>Reservation<\/span>\n  <\/a>\n\n\n\n\t\t<\/div>\n\t\t\t\t\t<\/div>\n\n\t\n\n<\/div>\n\n\t\t<\/div>\n\n\t\t\n<style>\n#section_1016405542 {\n  padding-top: 0px;\n  padding-bottom: 0px;\n  min-height: 300px;\n}\n@media (min-width:550px) {\n  #section_1016405542 {\n    min-height: 350px;\n  }\n}\n@media (min-width:850px) {\n  #section_1016405542 {\n    min-height: 425px;\n  }\n}\n<\/style>\n\t<\/section>\n\t\n\n\t\t<\/div>\n\t\t\t\t\t<\/div>\n\n\t\n\n<\/div>\n<div class=\"row row-collapse row-full-width\"  id=\"row-189426795\">\n\n\n\t<div id=\"col-1348849433\" class=\"col medium-6 small-12 large-6\"  >\n\t\t\t\t<div class=\"col-inner\"  >\n\t\t\t\n\t\t\t\n\n\t<section class=\"section\" id=\"section_1851579932\">\n\t\t<div class=\"bg section-bg fill bg-fill  bg-loaded\" >\n\n\t\t\t\n\t\t\t\n\t\t\t\n\n\t\t<\/div>\n\n\t\t\n\n\t\t<div class=\"section-content relative\">\n\t\t\t\n\n<div class=\"row align-center\"  id=\"row-1332699264\">\n\n\n\t<div id=\"col-486297425\" class=\"col medium-11 small-12 large-7\"  >\n\t\t\t\t<div class=\"col-inner text-center\"  >\n\t\t\t\n\t\t\t\n\n\t<div id=\"gap-1014782996\" class=\"gap-element clearfix\" style=\"display:block; height:auto;\">\n\t\t\n<style>\n#gap-1014782996 {\n  padding-top: 40px;\n}\n<\/style>\n\t<\/div>\n\t\n\n\t<div id=\"text-697486659\" class=\"text\">\n\t\t\n\n<h3>Business<\/h3>\n\t\t\n<style>\n#text-697486659 {\n  font-size: 2rem;\n  line-height: 0.75;\n}\n<\/style>\n\t<\/div>\n\t\n\t<div id=\"text-4241310744\" class=\"text\">\n\t\t\n\n<p>Nos voitures de cat\u00e9gorie affaires sont con\u00e7ues pour les professionnels exigeants. Avec leur design \u00e9l\u00e9gant, leur int\u00e9rieur spacieux et leur technologie avanc\u00e9e, ces v\u00e9hicules offrent un environnement id\u00e9al pour le travail ou la d\u00e9tente. Que vous vous rendiez \u00e0 une r\u00e9union ou que vous voyagiez d&rsquo;une ville \u00e0 l&rsquo;autre, vous profiterez d&rsquo;un voyage sans encombre, d&rsquo;un confort et d&rsquo;une fiabilit\u00e9 de premier ordre et du prestige que vous attendez d&rsquo;un v\u00e9hicule de classe affaires.  <\/p>\n\t\t\n<style>\n#text-4241310744 {\n  text-align: left;\n}\n<\/style>\n\t<\/div>\n\t\n<a class=\"button secondary\"  style=\"border-radius:99px;padding:5px 20px 5px 20px;\">\n    <span>Reservation<\/span>\n  <\/a>\n\n\n\n\t\t<\/div>\n\t\t\t\t\t<\/div>\n\n\t\n\n<\/div>\n\n\t\t<\/div>\n\n\t\t\n<style>\n#section_1851579932 {\n  padding-top: 0px;\n  padding-bottom: 0px;\n  min-height: 300px;\n}\n@media (min-width:550px) {\n  #section_1851579932 {\n    min-height: 350px;\n  }\n}\n@media (min-width:850px) {\n  #section_1851579932 {\n    min-height: 425px;\n  }\n}\n<\/style>\n\t<\/section>\n\t\n\n\t\t<\/div>\n\t\t\t\t\t<\/div>\n\n\t\n\n\t<div id=\"col-52434710\" class=\"col medium-6 small-12 large-6 small-col-first\"  >\n\t\t\t\t<div class=\"col-inner\"  >\n\t\t\t\n\t\t\t\n\n\n  <div class=\"banner has-hover\" id=\"banner-216060691\">\n          <div class=\"banner-inner fill\">\n        <div class=\"banner-bg fill\" >\n            <div class=\"bg fill bg-fill \"><\/div>\n                                    \n                    <\/div>\n\t\t\n        <div class=\"banner-layers container\">\n            <div class=\"fill banner-link\"><\/div>            \n\n   <div id=\"text-box-1928038679\" class=\"text-box banner-layer x50 md-x50 lg-x50 y50 md-y50 lg-y50 res-text\">\n                                <div class=\"text-box-content text dark\">\n              \n              <div class=\"text-inner text-center\">\n                  \n\n\n              <\/div>\n           <\/div>\n                            \n<style>\n#text-box-1928038679 {\n  width: 60%;\n}\n#text-box-1928038679 .text-box-content {\n  font-size: 100%;\n}\n<\/style>\n    <\/div>\n \n\n        <\/div>\n      <\/div>\n\n            \n<style>\n#banner-216060691 {\n  padding-top: 300px;\n  background-color: rgba(255, 255, 255, 0);\n}\n#banner-216060691 .bg.bg-loaded {\n  background-image: url(https:\/\/www.praguecitytransfers.com\/wp-content\/uploads\/2020\/07\/c.png);\n}\n#banner-216060691 .bg {\n  background-position: 57% 51%;\n}\n@media (min-width:550px) {\n  #banner-216060691 {\n    padding-top: 350px;\n  }\n}\n@media (min-width:850px) {\n  #banner-216060691 {\n    padding-top: 425px;\n  }\n}\n<\/style>\n  <\/div>\n\n\n\n\t\t<\/div>\n\t\t\t\t\t<\/div>\n\n\t\n\n<\/div>\n\n\t\t<\/div>\n\t\t\t\t\t<\/div>\n\n\t\n\n<\/div>\n<div class=\"row row-full-width\"  id=\"row-634936571\">\n\n\n\t<div id=\"col-520136428\" class=\"col small-12 large-12\"  >\n\t\t\t\t<div class=\"col-inner\"  >\n\t\t\t\n\t\t\t\n\n<div class=\"row row-collapse row-full-width\"  id=\"row-389515027\">\n\n\n\t<div id=\"col-2136543494\" class=\"col medium-6 small-12 large-6\"  >\n\t\t\t\t<div class=\"col-inner\"  >\n\t\t\t\n\t\t\t\n\n\n  <div class=\"banner has-hover\" id=\"banner-769912456\">\n          <div class=\"banner-inner fill\">\n        <div class=\"banner-bg fill\" >\n            <div class=\"bg fill bg-fill \"><\/div>\n                                    \n                    <\/div>\n\t\t\n        <div class=\"banner-layers container\">\n            <div class=\"fill banner-link\"><\/div>            \n\n   <div id=\"text-box-726165028\" class=\"text-box banner-layer x50 md-x50 lg-x50 y50 md-y50 lg-y50 res-text\">\n                                <div class=\"text-box-content text dark\">\n              \n              <div class=\"text-inner text-center\">\n                  \n\n\n              <\/div>\n           <\/div>\n                            \n<style>\n#text-box-726165028 {\n  width: 60%;\n}\n#text-box-726165028 .text-box-content {\n  font-size: 100%;\n}\n<\/style>\n    <\/div>\n \n\n        <\/div>\n      <\/div>\n\n            \n<style>\n#banner-769912456 {\n  padding-top: 300px;\n  background-color: rgba(255, 255, 255, 0);\n}\n#banner-769912456 .bg.bg-loaded {\n  background-image: url(https:\/\/www.praguecitytransfers.com\/wp-content\/uploads\/2024\/01\/V-797x533-1.png);\n}\n#banner-769912456 .bg {\n  background-position: 42% 62%;\n}\n@media (min-width:550px) {\n  #banner-769912456 {\n    padding-top: 350px;\n  }\n}\n@media (min-width:850px) {\n  #banner-769912456 {\n    padding-top: 425px;\n  }\n}\n<\/style>\n  <\/div>\n\n\n\n\t\t<\/div>\n\t\t\t\t\t<\/div>\n\n\t\n\n\t<div id=\"col-387012130\" class=\"col medium-6 small-12 large-6\"  >\n\t\t\t\t<div class=\"col-inner\"  >\n\t\t\t\n\t\t\t\n\n\t<section class=\"section\" id=\"section_1997932177\">\n\t\t<div class=\"bg section-bg fill bg-fill  bg-loaded\" >\n\n\t\t\t\n\t\t\t\n\t\t\t\n\n\t\t<\/div>\n\n\t\t\n\n\t\t<div class=\"section-content relative\">\n\t\t\t\n\n<div class=\"row align-center\"  id=\"row-165949667\">\n\n\n\t<div id=\"col-1321538081\" class=\"col medium-10 small-12 large-7\"  >\n\t\t\t\t<div class=\"col-inner text-center\"  >\n\t\t\t\n\t\t\t\n\n\t<div id=\"gap-2007092101\" class=\"gap-element clearfix\" style=\"display:block; height:auto;\">\n\t\t\n<style>\n#gap-2007092101 {\n  padding-top: 40px;\n}\n<\/style>\n\t<\/div>\n\t\n\n\t<div id=\"text-1914934177\" class=\"text\">\n\t\t\n\n<h3>Minivan<\/h3>\n\t\t\n<style>\n#text-1914934177 {\n  font-size: 2rem;\n  line-height: 0.75;\n}\n<\/style>\n\t<\/div>\n\t\n\t<div id=\"text-3354568163\" class=\"text\">\n\t\t\n\n<p>Nos monospaces sont la solution id\u00e9ale pour les voyages en groupe, car ils offrent un espace g\u00e9n\u00e9reux sans compromettre le confort. Avec des si\u00e8ges modulables, des \u00e9quipements modernes et des dispositifs de s\u00e9curit\u00e9 am\u00e9lior\u00e9s, ces v\u00e9hicules sont id\u00e9aux pour les voyages en famille, les sorties d&rsquo;entreprise ou les transferts de groupe. Que vous vous rendiez \u00e0 l&rsquo;a\u00e9roport ou que vous exploriez la ville, nos monospaces garantissent \u00e0 chaque passager un voyage agr\u00e9able et sans encombre. Traduit avec DeepL.com (version gratuite)  <\/p>\n\t\t\n<style>\n#text-3354568163 {\n  text-align: left;\n}\n<\/style>\n\t<\/div>\n\t\n<a class=\"button secondary\"  style=\"border-radius:99px;padding:5px 20px 5px 20px;\">\n    <span>Reservation<\/span>\n  <\/a>\n\n\n\n\t\t<\/div>\n\t\t\t\t\t<\/div>\n\n\t\n\n<\/div>\n\n\t\t<\/div>\n\n\t\t\n<style>\n#section_1997932177 {\n  padding-top: 0px;\n  padding-bottom: 0px;\n  min-height: 300px;\n}\n@media (min-width:550px) {\n  #section_1997932177 {\n    min-height: 350px;\n  }\n}\n@media (min-width:850px) {\n  #section_1997932177 {\n    min-height: 425px;\n  }\n}\n<\/style>\n\t<\/section>\n\t\n\n\t\t<\/div>\n\t\t\t\t\t<\/div>\n\n\t\n\n<\/div>\n<div class=\"row row-collapse row-full-width\"  id=\"row-1527848740\">\n\n\n\t<div id=\"col-1454046193\" class=\"col medium-6 small-12 large-6\"  >\n\t\t\t\t<div class=\"col-inner\"  >\n\t\t\t\n\t\t\t\n\n\t<section class=\"section\" id=\"section_664939545\">\n\t\t<div class=\"bg section-bg fill bg-fill  bg-loaded\" >\n\n\t\t\t\n\t\t\t\n\t\t\t\n\n\t\t<\/div>\n\n\t\t\n\n\t\t<div class=\"section-content relative\">\n\t\t\t\n\n<div class=\"row align-center\"  id=\"row-1690424195\">\n\n\n\t<div id=\"col-267894879\" class=\"col medium-11 small-12 large-7\"  >\n\t\t\t\t<div class=\"col-inner text-center\"  >\n\t\t\t\n\t\t\t\n\n\t<div id=\"gap-1029303264\" class=\"gap-element clearfix\" style=\"display:block; height:auto;\">\n\t\t\n<style>\n#gap-1029303264 {\n  padding-top: 40px;\n}\n<\/style>\n\t<\/div>\n\t\n\n\t<div id=\"text-2291999111\" class=\"text\">\n\t\t\n\n<h3>Luxury<\/h3>\n\t\t\n<style>\n#text-2291999111 {\n  font-size: 2rem;\n  line-height: 0.75;\n}\n<\/style>\n\t<\/div>\n\t\n\t<div id=\"text-4168941975\" class=\"text\">\n\t\t\n\n<p>Offrez-vous l&rsquo;exp\u00e9rience de conduite ultime avec nos v\u00e9hicules de cat\u00e9gorie luxe. Ces voitures b\u00e9n\u00e9ficient d&rsquo;une finition haut de gamme, d&rsquo;une technologie de pointe et d&rsquo;un confort in\u00e9gal\u00e9. De l&rsquo;int\u00e9rieur en cuir \u00e0 la climatisation et aux syst\u00e8mes de divertissement, chaque d\u00e9tail est con\u00e7u pour offrir une exp\u00e9rience de premi\u00e8re classe. Que ce soit pour les affaires ou pour le plaisir, nos v\u00e9hicules de luxe vous permettent d&rsquo;arriver avec style et sophistication. Traduit avec DeepL.com (version gratuite)   <\/p>\n\t\t\n<style>\n#text-4168941975 {\n  text-align: left;\n}\n<\/style>\n\t<\/div>\n\t\n<a class=\"button secondary\"  style=\"border-radius:99px;padding:5px 20px 5px 20px;\">\n    <span>Reservation<\/span>\n  <\/a>\n\n\n\n\t\t<\/div>\n\t\t\t\t\t<\/div>\n\n\t\n\n<\/div>\n\n\t\t<\/div>\n\n\t\t\n<style>\n#section_664939545 {\n  padding-top: 0px;\n  padding-bottom: 0px;\n  min-height: 300px;\n}\n@media (min-width:550px) {\n  #section_664939545 {\n    min-height: 350px;\n  }\n}\n@media (min-width:850px) {\n  #section_664939545 {\n    min-height: 425px;\n  }\n}\n<\/style>\n\t<\/section>\n\t\n\n\t\t<\/div>\n\t\t\t\t\t<\/div>\n\n\t\n\n\t<div id=\"col-170188781\" class=\"col medium-6 small-12 large-6 small-col-first\"  >\n\t\t\t\t<div class=\"col-inner\"  >\n\t\t\t\n\t\t\t\n\n\n  <div class=\"banner has-hover\" id=\"banner-1986718492\">\n          <div class=\"banner-inner fill\">\n        <div class=\"banner-bg fill\" >\n            <div class=\"bg fill bg-fill \"><\/div>\n                                    \n                    <\/div>\n\t\t\n        <div class=\"banner-layers container\">\n            <div class=\"fill banner-link\"><\/div>            \n\n   <div id=\"text-box-1825618470\" class=\"text-box banner-layer x50 md-x50 lg-x50 y50 md-y50 lg-y50 res-text\">\n                                <div class=\"text-box-content text dark\">\n              \n              <div class=\"text-inner text-center\">\n                  \n\n\n              <\/div>\n           <\/div>\n                            \n<style>\n#text-box-1825618470 {\n  width: 60%;\n}\n#text-box-1825618470 .text-box-content {\n  font-size: 100%;\n}\n<\/style>\n    <\/div>\n \n\n        <\/div>\n      <\/div>\n\n            \n<style>\n#banner-1986718492 {\n  padding-top: 300px;\n  background-color: rgba(255, 255, 255, 0);\n}\n#banner-1986718492 .bg.bg-loaded {\n  background-image: url(https:\/\/www.praguecitytransfers.com\/wp-content\/uploads\/2024\/01\/mercedes_22s580elphevamgln4wdsd7b_angularfront-600x400-1.png);\n}\n#banner-1986718492 .bg {\n  background-position: 57% 51%;\n}\n@media (min-width:550px) {\n  #banner-1986718492 {\n    padding-top: 350px;\n  }\n}\n@media (min-width:850px) {\n  #banner-1986718492 {\n    padding-top: 425px;\n  }\n}\n<\/style>\n  <\/div>\n\n\n\n\t\t<\/div>\n\t\t\t\t\t<\/div>\n\n\t\n\n<\/div>\n\n\t\t<\/div>\n\t\t\t\t\t<\/div>\n\n\t\n\n<\/div>\n<div class=\"row row-full-width\"  id=\"row-1429963659\">\n\n\n\t<div id=\"col-1384667448\" class=\"col small-12 large-12\"  >\n\t\t\t\t<div class=\"col-inner\"  >\n\t\t\t\n\t\t\t\n\n<div class=\"row row-collapse row-full-width\"  id=\"row-1216624227\">\n\n\n\t<div id=\"col-682222167\" class=\"col medium-6 small-12 large-6\"  >\n\t\t\t\t<div class=\"col-inner\"  >\n\t\t\t\n\t\t\t\n\n\n  <div class=\"banner has-hover\" id=\"banner-573100374\">\n          <div class=\"banner-inner fill\">\n        <div class=\"banner-bg fill\" >\n            <div class=\"bg fill bg-fill \"><\/div>\n                                    \n                    <\/div>\n\t\t\n        <div class=\"banner-layers container\">\n            <div class=\"fill banner-link\"><\/div>            \n\n   <div id=\"text-box-1241785661\" class=\"text-box banner-layer x50 md-x50 lg-x50 y50 md-y50 lg-y50 res-text\">\n                                <div class=\"text-box-content text dark\">\n              \n              <div class=\"text-inner text-center\">\n                  \n\n\n              <\/div>\n           <\/div>\n                            \n<style>\n#text-box-1241785661 {\n  width: 60%;\n}\n#text-box-1241785661 .text-box-content {\n  font-size: 100%;\n}\n<\/style>\n    <\/div>\n \n\n        <\/div>\n      <\/div>\n\n            \n<style>\n#banner-573100374 {\n  padding-top: 300px;\n  background-color: rgba(255, 255, 255, 0);\n}\n#banner-573100374 .bg.bg-loaded {\n  background-image: url(https:\/\/www.praguecitytransfers.com\/wp-content\/uploads\/2024\/05\/mercedes-benz-sprinter-tourer.png);\n}\n#banner-573100374 .bg {\n  background-position: 42% 62%;\n}\n@media (min-width:550px) {\n  #banner-573100374 {\n    padding-top: 350px;\n  }\n}\n@media (min-width:850px) {\n  #banner-573100374 {\n    padding-top: 425px;\n  }\n}\n<\/style>\n  <\/div>\n\n\n\n\t\t<\/div>\n\t\t\t\t\t<\/div>\n\n\t\n\n\t<div id=\"col-1774706569\" class=\"col medium-6 small-12 large-6\"  >\n\t\t\t\t<div class=\"col-inner\"  >\n\t\t\t\n\t\t\t\n\n\t<section class=\"section\" id=\"section_847286472\">\n\t\t<div class=\"bg section-bg fill bg-fill  bg-loaded\" >\n\n\t\t\t\n\t\t\t\n\t\t\t\n\n\t\t<\/div>\n\n\t\t\n\n\t\t<div class=\"section-content relative\">\n\t\t\t\n\n<div class=\"row align-center\"  id=\"row-994992423\">\n\n\n\t<div id=\"col-112756103\" class=\"col medium-10 small-12 large-7\"  >\n\t\t\t\t<div class=\"col-inner text-center\"  >\n\t\t\t\n\t\t\t\n\n\t<div id=\"gap-1392764006\" class=\"gap-element clearfix\" style=\"display:block; height:auto;\">\n\t\t\n<style>\n#gap-1392764006 {\n  padding-top: 40px;\n}\n<\/style>\n\t<\/div>\n\t\n\n\t<div id=\"text-2157614982\" class=\"text\">\n\t\t\n\n<h3>Minibus<\/h3>\n\t\t\n<style>\n#text-2157614982 {\n  font-size: 2rem;\n  line-height: 0.75;\n}\n<\/style>\n\t<\/div>\n\t\n\t<div id=\"text-3010530019\" class=\"text\">\n\t\t\n\n<p>Pour les groupes plus importants, nos minibus offrent la combinaison parfaite d&rsquo;espace, de confort et de commodit\u00e9. Con\u00e7us pour accueillir un plus grand nombre de passagers tout en offrant une exp\u00e9rience de voyage de qualit\u00e9, nos minibus sont \u00e9quip\u00e9s de si\u00e8ges confortables, d&rsquo;un grand espace pour les bagages et d&rsquo;\u00e9quipements modernes. Id\u00e9aux pour les \u00e9v\u00e9nements d&rsquo;entreprise, les visites de groupe ou les transferts d&rsquo;a\u00e9roport, ces v\u00e9hicules garantissent que tout le monde voyage dans le confort. Traduit avec DeepL.com (version gratuite)  <\/p>\n\t\t\n<style>\n#text-3010530019 {\n  text-align: left;\n}\n<\/style>\n\t<\/div>\n\t\n<a class=\"button secondary\"  style=\"border-radius:99px;padding:5px 20px 5px 20px;\">\n    <span>Reservation<\/span>\n  <\/a>\n\n\n\n\t\t<\/div>\n\t\t\t\t\t<\/div>\n\n\t\n\n<\/div>\n\n\t\t<\/div>\n\n\t\t\n<style>\n#section_847286472 {\n  padding-top: 0px;\n  padding-bottom: 0px;\n  min-height: 300px;\n}\n@media (min-width:550px) {\n  #section_847286472 {\n    min-height: 350px;\n  }\n}\n@media (min-width:850px) {\n  #section_847286472 {\n    min-height: 425px;\n  }\n}\n<\/style>\n\t<\/section>\n\t\n\n\t\t<\/div>\n\t\t\t\t\t<\/div>\n\n\t\n\n<\/div>\n<div class=\"row row-collapse row-full-width\"  id=\"row-48002831\">\n\n\n\t<div id=\"col-404534954\" class=\"col medium-6 small-12 large-6\"  >\n\t\t\t\t<div class=\"col-inner\"  >\n\t\t\t\n\t\t\t\n\n\t<section class=\"section\" id=\"section_365491857\">\n\t\t<div class=\"bg section-bg fill bg-fill  bg-loaded\" >\n\n\t\t\t\n\t\t\t\n\t\t\t\n\n\t\t<\/div>\n\n\t\t\n\n\t\t<div class=\"section-content relative\">\n\t\t\t\n\n<div class=\"row align-center\"  id=\"row-1017878338\">\n\n\n\t<div id=\"col-743293866\" class=\"col medium-11 small-12 large-7\"  >\n\t\t\t\t<div class=\"col-inner text-center\"  >\n\t\t\t\n\t\t\t\n\n\t<div id=\"gap-969072673\" class=\"gap-element clearfix\" style=\"display:block; height:auto;\">\n\t\t\n<style>\n#gap-969072673 {\n  padding-top: 40px;\n}\n<\/style>\n\t<\/div>\n\t\n\n\t<div id=\"text-1822804865\" class=\"text\">\n\t\t\n\n<h3>Business minivan<\/h3>\n\n\t\t\n<style>\n#text-1822804865 {\n  font-size: 2rem;\n  line-height: 0.75;\n}\n<\/style>\n\t<\/div>\n\t\n\t<div id=\"text-1197075811\" class=\"text\">\n\t\t\n\n<p>La cat\u00e9gorie Classe V est parfaite pour ceux qui ont besoin \u00e0 la fois de luxe et d&rsquo;espace. Ces v\u00e9hicules allient les caract\u00e9ristiques haut de gamme d&rsquo;une voiture de luxe \u00e0 la praticit\u00e9 d&rsquo;un monospace. Avec un design \u00e9l\u00e9gant, un int\u00e9rieur spacieux et des \u00e9quipements de premier ordre, la Classe V offre une solution parfaite pour les voyages en groupe, sans sacrifier le confort ou l&rsquo;\u00e9l\u00e9gance. Id\u00e9ale pour les transferts de cadres, les voyages en famille ou les \u00e9v\u00e9nements sp\u00e9ciaux, cette cat\u00e9gorie garantit un voyage sophistiqu\u00e9 et confortable pour tous.   <\/p>\n\t\t\n<style>\n#text-1197075811 {\n  text-align: left;\n}\n<\/style>\n\t<\/div>\n\t\n<a class=\"button secondary\"  style=\"border-radius:99px;padding:5px 20px 5px 20px;\">\n    <span>Reservation<\/span>\n  <\/a>\n\n\n\n\t\t<\/div>\n\t\t\t\t\t<\/div>\n\n\t\n\n<\/div>\n\n\t\t<\/div>\n\n\t\t\n<style>\n#section_365491857 {\n  padding-top: 0px;\n  padding-bottom: 0px;\n  min-height: 300px;\n}\n@media (min-width:550px) {\n  #section_365491857 {\n    min-height: 350px;\n  }\n}\n@media (min-width:850px) {\n  #section_365491857 {\n    min-height: 425px;\n  }\n}\n<\/style>\n\t<\/section>\n\t\n\n\t\t<\/div>\n\t\t\t\t\t<\/div>\n\n\t\n\n\t<div id=\"col-1320532326\" class=\"col medium-6 small-12 large-6 small-col-first\"  >\n\t\t\t\t<div class=\"col-inner\"  >\n\t\t\t\n\t\t\t\n\n\n  <div class=\"banner has-hover\" id=\"banner-2137112867\">\n          <div class=\"banner-inner fill\">\n        <div class=\"banner-bg fill\" >\n            <div class=\"bg fill bg-fill \"><\/div>\n                                    \n                    <\/div>\n\t\t\n        <div class=\"banner-layers container\">\n            <div class=\"fill banner-link\"><\/div>            \n\n   <div id=\"text-box-385184925\" class=\"text-box banner-layer x50 md-x50 lg-x50 y50 md-y50 lg-y50 res-text\">\n                                <div class=\"text-box-content text dark\">\n              \n              <div class=\"text-inner text-center\">\n                  \n\n\n              <\/div>\n           <\/div>\n                            \n<style>\n#text-box-385184925 {\n  width: 60%;\n}\n#text-box-385184925 .text-box-content {\n  font-size: 100%;\n}\n<\/style>\n    <\/div>\n \n\n        <\/div>\n      <\/div>\n\n            \n<style>\n#banner-2137112867 {\n  padding-top: 300px;\n  background-color: rgba(255, 255, 255, 0);\n}\n#banner-2137112867 .bg.bg-loaded {\n  background-image: url(https:\/\/www.praguecitytransfers.com\/wp-content\/uploads\/2024\/09\/V-class.png);\n}\n#banner-2137112867 .bg {\n  background-position: 24% 52%;\n}\n@media (min-width:550px) {\n  #banner-2137112867 {\n    padding-top: 350px;\n  }\n}\n@media (min-width:850px) {\n  #banner-2137112867 {\n    padding-top: 425px;\n  }\n}\n<\/style>\n  <\/div>\n\n\n\n\t\t<\/div>\n\t\t\t\t\t<\/div>\n\n\t\n\n<\/div>\n\n\t\t<\/div>\n\t\t\t\t\t<\/div>\n\n\t\n\n<\/div>\n\n","protected":false},"excerpt":{"rendered":"","protected":false},"author":1,"featured_media":0,"parent":0,"menu_order":0,"comment_status":"closed","ping_status":"closed","template":"page-blank.php","meta":{"inline_featured_image":false,"footnotes":""},"class_list":["post-15785","page","type-page","status-publish","hentry"],"_links":{"self":[{"href":"https:\/\/www.praguecitytransfers.com\/fr\/wp-json\/wp\/v2\/pages\/15785","targetHints":{"allow":["GET"]}}],"collection":[{"href":"https:\/\/www.praguecitytransfers.com\/fr\/wp-json\/wp\/v2\/pages"}],"about":[{"href":"https:\/\/www.praguecitytransfers.com\/fr\/wp-json\/wp\/v2\/types\/page"}],"author":[{"embeddable":true,"href":"https:\/\/www.praguecitytransfers.com\/fr\/wp-json\/wp\/v2\/users\/1"}],"replies":[{"embeddable":true,"href":"https:\/\/www.praguecitytransfers.com\/fr\/wp-json\/wp\/v2\/comments?post=15785"}],"version-history":[{"count":1,"href":"https:\/\/www.praguecitytransfers.com\/fr\/wp-json\/wp\/v2\/pages\/15785\/revisions"}],"predecessor-version":[{"id":15786,"href":"https:\/\/www.praguecitytransfers.com\/fr\/wp-json\/wp\/v2\/pages\/15785\/revisions\/15786"}],"wp:attachment":[{"href":"https:\/\/www.praguecitytransfers.com\/fr\/wp-json\/wp\/v2\/media?parent=15785"}],"curies":[{"name":"wp","href":"https:\/\/api.w.org\/{rel}","templated":true}]}}