{"id":15843,"date":"2024-09-16T01:47:10","date_gmt":"2024-09-15T23:47:10","guid":{"rendered":"https:\/\/www.praguecitytransfers.com\/rental-tranfers\/"},"modified":"2024-10-11T15:07:03","modified_gmt":"2024-10-11T13:07:03","slug":"rental-tranfers","status":"publish","type":"page","link":"https:\/\/www.praguecitytransfers.com\/es\/rental-tranfers\/","title":{"rendered":"Rental &amp; Tranfers"},"content":{"rendered":"\n\t<section class=\"section\" id=\"section_1086132465\">\n\t\t<div class=\"bg section-bg fill bg-fill  bg-loaded\" >\n\n\t\t\t\n\t\t\t\n\t\t\t\n\n\t\t<\/div>\n\n\t\t\n\n\t\t<div class=\"section-content relative\">\n\t\t\t\n\n<div class=\"row\" style=\"max-width:1200px\" id=\"row-901049478\">\n\n\n\t<div id=\"col-1962463436\" class=\"col medium-6 small-12 large-5\"  >\n\t\t\t\t<div class=\"col-inner\"  >\n\t\t\t\n\t\t\t\n\n\t<div id=\"gap-959394975\" class=\"gap-element clearfix\" style=\"display:block; height:auto;\">\n\t\t\n<style>\n#gap-959394975 {\n  padding-top: 60px;\n}\n<\/style>\n\t<\/div>\n\t\n\n\t<div id=\"text-2822876964\" class=\"text\">\n\t\t\n\n<h1>Rental &amp; Tranfers<\/h1>\n\n\t\t\n<style>\n#text-2822876964 {\n  font-size: 2.75rem;\n}\n<\/style>\n\t<\/div>\n\t\n\n\t\t<\/div>\n\t\t\t\t\t<\/div>\n\n\t\n\n<\/div>\n<div class=\"row\" style=\"max-width:1200px\" id=\"row-1244059572\">\n\n\n\t<div id=\"col-1645134163\" class=\"col small-12 large-12\"  >\n\t\t\t\t<div class=\"col-inner\"  >\n\t\t\t\n\t\t\t\n\n<div class=\"row align-bottom\" style=\"max-width:1200px\" id=\"row-193105203\">\n\n\n\t<div id=\"col-2104447357\" class=\"col medium-12 small-12 large-6\"  >\n\t\t\t\t<div class=\"col-inner\"  >\n\t\t\t\n\t\t\t\n\n\t<div id=\"text-4101721368\" class=\"text\">\n\t\t\n\n<h2>Traslados aeropuerto<\/h2>\n\t\t\n<style>\n#text-4101721368 {\n  font-size: 1.5rem;\n}\n<\/style>\n\t<\/div>\n\t\n<p>Ofrecemos un servicio exclusivo de ch\u00f3fer en el aeropuerto, proporcionando una atenci\u00f3n integral de principio a fin. Viaje con estilo y comodidad con nuestros lujosos veh\u00edculos Mercedes-Benz, que garantizan un traslado tranquilo y seguro. Controlamos meticulosamente los horarios de los vuelos para asegurarnos de que su ch\u00f3fer est\u00e9 listo para recibirle en el aeropuerto a tiempo. Su ch\u00f3fer personal, que llevar\u00e1 una placa con su nombre, le recibir\u00e1 en el vest\u00edbulo de llegadas y le ayudar\u00e1 con su equipaje. Para mayor comodidad, tambi\u00e9n ofrecemos traslados en jet privado desde y hacia la Terminal T3, as\u00ed como acceso a la sala VIP de negocios del Aeropuerto V\u00e1clav Havel de Praga.    <\/p>\n\n<a class=\"button secondary is-link\"  >\n    <span>Reserva en l\u00ednea<\/span>\n  <i class=\"icon-angle-right\" aria-hidden=\"true\" ><\/i><\/a>\n\n\n\n\t\t<\/div>\n\t\t\t\t\t<\/div>\n\n\t\n\n\t<div id=\"col-1754103088\" class=\"col medium-12 small-12 large-6 medium-col-first\"  >\n\t\t\t\t<div class=\"col-inner\"  >\n\t\t\t\n\t\t\t\n\n\n  <div class=\"banner has-hover has-parallax\" id=\"banner-568719633\">\n          <div class=\"banner-inner fill\">\n        <div class=\"banner-bg fill\" data-parallax=\"-3\" data-parallax-container=\".banner\" data-parallax-background>\n            <div class=\"bg fill bg-fill \"><\/div>\n                                    \n                    <\/div>\n\t\t\n        <div class=\"banner-layers container\">\n            <div class=\"fill banner-link\"><\/div>            \n\n\n        <\/div>\n      <\/div>\n\n            \n<style>\n#banner-568719633 {\n  padding-top: 400px;\n  background-color: rgb(255, 255, 255);\n}\n#banner-568719633 .bg.bg-loaded {\n  background-image: url(https:\/\/www.praguecitytransfers.com\/wp-content\/uploads\/2020\/10\/shutterstock_372107485-scaled-1.jpg);\n}\n#banner-568719633 .bg {\n  background-position: 34% 56%;\n}\n@media (min-width:550px) {\n  #banner-568719633 {\n    padding-top: 600px;\n  }\n}\n@media (min-width:850px) {\n  #banner-568719633 {\n    padding-top: 700px;\n  }\n}\n<\/style>\n  <\/div>\n\n\n\n\t\t<\/div>\n\t\t\t\t\n<style>\n#col-1754103088 > .col-inner {\n  padding: 0px 0px 30px 0px;\n  margin: -70px 0px 0px 0px;\n}\n@media (min-width:850px) {\n  #col-1754103088 > .col-inner {\n    margin: -260px 0px 0px 0px;\n  }\n}\n<\/style>\n\t<\/div>\n\n\t\n\n<\/div>\n\n\t\t<\/div>\n\t\t\t\t\t<\/div>\n\n\t\n\n<\/div>\n<div class=\"row\" style=\"max-width:1200px\" id=\"row-900367317\">\n\n\n\t<div id=\"col-1959654456\" class=\"col medium-11 small-12 large-8\"  >\n\t\t\t\t<div class=\"col-inner\"  >\n\t\t\t\n\t\t\t\n\n\t<div id=\"gap-1335684314\" class=\"gap-element clearfix\" style=\"display:block; height:auto;\">\n\t\t\n<style>\n#gap-1335684314 {\n  padding-top: 30px;\n}\n<\/style>\n\t<\/div>\n\t\n\n\n  <div class=\"banner has-hover has-parallax\" id=\"banner-1450934050\">\n          <div class=\"banner-inner fill\">\n        <div class=\"banner-bg fill\" data-parallax=\"-3\" data-parallax-container=\".banner\" data-parallax-background>\n            <div class=\"bg fill bg-fill \"><\/div>\n                                    \n                    <\/div>\n\t\t\n        <div class=\"banner-layers container\">\n            <div class=\"fill banner-link\"><\/div>            \n\n\n        <\/div>\n      <\/div>\n\n            \n<style>\n#banner-1450934050 {\n  padding-top: 300px;\n  background-color: rgb(249, 245, 229);\n}\n#banner-1450934050 .bg.bg-loaded {\n  background-image: url(https:\/\/www.praguecitytransfers.com\/wp-content\/uploads\/2024\/09\/business-car-transfer-1024x576.jpg);\n}\n#banner-1450934050 .bg {\n  background-position: 92% 29%;\n}\n@media (min-width:550px) {\n  #banner-1450934050 {\n    padding-top: 500px;\n  }\n}\n<\/style>\n  <\/div>\n\n\n\n\t\t<\/div>\n\t\t\t\t\t<\/div>\n\n\t\n\n<\/div>\n<div class=\"row align-right\" style=\"max-width:1200px\" id=\"row-2112336021\">\n\n\n\t<div id=\"col-2077426824\" class=\"col medium-8 small-12 large-6\"  >\n\t\t\t\t<div class=\"col-inner\" style=\"background-color:rgb(255, 255, 255);\" >\n\t\t\t\n\t\t\t\n\n\t<div id=\"text-2789250994\" class=\"text\">\n\t\t\n\n<h2>Traspasos de empresas<\/h2>\n\n\t\t\n<style>\n#text-2789250994 {\n  font-size: 1.5rem;\n}\n<\/style>\n\t<\/div>\n\t\n<p>Ofrecemos un servicio premium de traslados de negocios dise\u00f1ado para satisfacer las necesidades de los profesionales m\u00e1s ocupados. Con nuestros lujosos veh\u00edculos Mercedes-Benz, podr\u00e1 disfrutar de un viaje c\u00f3modo y eficiente, tanto si viaja entre reuniones como a eventos corporativos. Nuestros ch\u00f3feres profesionales garantizan la puntualidad y un viaje tranquilo, permiti\u00e9ndole centrarse en lo que importa. Adaptamos cada traslado a su horario, con seguimiento en tiempo real para garantizar que su ch\u00f3fer est\u00e9 listo a tiempo. Tanto si se trata de recogidas en el aeropuerto como de traslados de punto a punto, le garantizamos una experiencia de viaje de negocios perfecta con el m\u00e1ximo nivel de servicio.    <\/p>\n\n<a class=\"button secondary is-link\"  >\n    <span>Reserva en l\u00ednea<\/span>\n  <i class=\"icon-angle-right\" aria-hidden=\"true\" ><\/i><\/a>\n\n\n\n\t\t<\/div>\n\t\t\t\t\n<style>\n#col-2077426824 > .col-inner {\n  padding: 10% 10% 10% 10%;\n  margin: -42px -42px 0px 0px;\n}\n@media (min-width:550px) {\n  #col-2077426824 > .col-inner {\n    margin: -317px -42px 0px 0px;\n  }\n}\n<\/style>\n\t<\/div>\n\n\t\n\n<\/div>\n<div class=\"row\" style=\"max-width:1200px\" id=\"row-872717107\">\n\n\n\t<div id=\"col-961503914\" class=\"col medium-6 small-12 large-6\"  >\n\t\t\t\t<div class=\"col-inner\"  >\n\t\t\t\n\t\t\t\n\n\n  <div class=\"banner has-hover has-parallax\" id=\"banner-1858780751\">\n          <div class=\"banner-inner fill\">\n        <div class=\"banner-bg fill\" data-parallax=\"-3\" data-parallax-container=\".banner\" data-parallax-background>\n            <div class=\"bg fill bg-fill \"><\/div>\n                                    \n                    <\/div>\n\t\t\n        <div class=\"banner-layers container\">\n            <div class=\"fill banner-link\"><\/div>            \n\n\n        <\/div>\n      <\/div>\n\n            \n<style>\n#banner-1858780751 {\n  padding-top: 400px;\n  background-color: rgb(255, 255, 255);\n}\n#banner-1858780751 .bg.bg-loaded {\n  background-image: url(https:\/\/www.praguecitytransfers.com\/wp-content\/uploads\/2021\/08\/Obrazek-WhatsApp-2024-07-11-v-22.09.44_ba6484d2-1-scaled-1.jpg);\n}\n#banner-1858780751 .bg {\n  background-position: 33% 56%;\n}\n@media (min-width:550px) {\n  #banner-1858780751 {\n    padding-top: 600px;\n  }\n}\n<\/style>\n  <\/div>\n\n\n\t<div id=\"gap-1138110094\" class=\"gap-element clearfix\" style=\"display:block; height:auto;\">\n\t\t\n<style>\n#gap-1138110094 {\n  padding-top: 30px;\n}\n@media (min-width:550px) {\n  #gap-1138110094 {\n    padding-top: 100px;\n  }\n}\n<\/style>\n\t<\/div>\n\t\n\n\t<div id=\"text-820460135\" class=\"text\">\n\t\t\n\n<h2>Traslados de hotel<\/h2>\n\n\t\t\n<style>\n#text-820460135 {\n  font-size: 1.5rem;\n}\n<\/style>\n\t<\/div>\n\t\n<p>Ofrecemos un servicio de traslado de hotel sin interrupciones, garantizando un viaje c\u00f3modo y sin estr\u00e9s hacia o desde su alojamiento. Nuestra flota de lujosos veh\u00edculos Mercedes-Benz garantiza un viaje elegante y tranquilo, tanto si llega como si se marcha. Su ch\u00f3fer profesional le recoger\u00e1 en el aeropuerto o en su hotel, le ayudar\u00e1 con el equipaje y le garantizar\u00e1 un servicio puntual y fiable. Con atenci\u00f3n a cada detalle, nuestro objetivo es proporcionar una experiencia de traslado superior, haciendo que su estancia sea m\u00e1s agradable desde el momento de su llegada hasta el momento de su partida.   <\/p>\n\n<a class=\"button secondary is-link\"  >\n    <span>Reserva en l\u00ednea<\/span>\n  <i class=\"icon-angle-right\" aria-hidden=\"true\" ><\/i><\/a>\n\n\n\n\t\t<\/div>\n\t\t\t\t\n<style>\n#col-961503914 > .col-inner {\n  padding: 0px 0px 0px 1px;\n}\n@media (min-width:850px) {\n  #col-961503914 > .col-inner {\n    padding: 50px 50px 50px 0px;\n  }\n}\n<\/style>\n\t<\/div>\n\n\t\n\n\t<div id=\"col-1909206202\" class=\"col medium-6 small-12 large-6\"  >\n\t\t\t\t<div class=\"col-inner\"  >\n\t\t\t\n\t\t\t\n\n\t<div id=\"text-708944001\" class=\"text\">\n\t\t\n\n<h2>Alquiler por horas con ch\u00f3fer<\/h2>\n\t\t\n<style>\n#text-708944001 {\n  font-size: 1.5rem;\n}\n<\/style>\n\t<\/div>\n\t\n<p>Nuestro servicio de ch\u00f3fer por horas le ofrece la flexibilidad y comodidad que necesita para cualquier ocasi\u00f3n. Ya sea para reuniones de negocios, visitas a la ciudad o eventos especiales, nuestros ch\u00f3feres profesionales y veh\u00edculos de lujo Mercedes-Benz est\u00e1n a su disposici\u00f3n. Disfrute de una experiencia fluida con un servicio personalizado, que le garantiza viajar con estilo y comodidad, independientemente del tiempo que nos necesite.  <\/p>\n<a class=\"button secondary is-link\"  >\n    <span>Reserva en l\u00ednea<\/span>\n  <i class=\"icon-angle-right\" aria-hidden=\"true\" ><\/i><\/a>\n\n\n\t<div id=\"gap-662499735\" class=\"gap-element clearfix\" style=\"display:block; height:auto;\">\n\t\t\n<style>\n#gap-662499735 {\n  padding-top: 30px;\n}\n@media (min-width:550px) {\n  #gap-662499735 {\n    padding-top: 80px;\n  }\n}\n<\/style>\n\t<\/div>\n\t\n\n\n  <div class=\"banner has-hover has-parallax\" id=\"banner-1520037903\">\n          <div class=\"banner-inner fill\">\n        <div class=\"banner-bg fill\" data-parallax=\"-3\" data-parallax-container=\".banner\" data-parallax-background>\n            <div class=\"bg fill bg-fill \"><\/div>\n                                    \n                    <\/div>\n\t\t\n        <div class=\"banner-layers container\">\n            <div class=\"fill banner-link\"><\/div>            \n\n\n        <\/div>\n      <\/div>\n\n            \n<style>\n#banner-1520037903 {\n  padding-top: 400px;\n  background-color: rgb(255, 255, 255);\n}\n#banner-1520037903 .bg.bg-loaded {\n  background-image: url(https:\/\/www.praguecitytransfers.com\/wp-content\/uploads\/2024\/01\/IMG-20240116-WA0080-scaled-1.jpg);\n}\n#banner-1520037903 .bg {\n  background-position: 47% 26%;\n}\n@media (min-width:550px) {\n  #banner-1520037903 {\n    padding-top: 600px;\n  }\n}\n<\/style>\n  <\/div>\n\n\n\n\t\t<\/div>\n\t\t\t\t\n<style>\n#col-1909206202 > .col-inner {\n  padding: 0px 0px 0px 0;\n}\n@media (min-width:550px) {\n  #col-1909206202 > .col-inner {\n    padding: 50px 0px 0px 20px;\n  }\n}\n@media (min-width:850px) {\n  #col-1909206202 > .col-inner {\n    padding: 50px 0px 0px 50px;\n  }\n}\n<\/style>\n\t<\/div>\n\n\t\n\n<\/div>\n\n\t\t<\/div>\n\n\t\t\n<style>\n#section_1086132465 {\n  padding-top: 30px;\n  padding-bottom: 30px;\n}\n<\/style>\n\t<\/section>\n\t\n\n","protected":false},"excerpt":{"rendered":"","protected":false},"author":1,"featured_media":0,"parent":0,"menu_order":0,"comment_status":"closed","ping_status":"closed","template":"","meta":{"inline_featured_image":false,"footnotes":""},"class_list":["post-15843","page","type-page","status-publish","hentry"],"_links":{"self":[{"href":"https:\/\/www.praguecitytransfers.com\/es\/wp-json\/wp\/v2\/pages\/15843","targetHints":{"allow":["GET"]}}],"collection":[{"href":"https:\/\/www.praguecitytransfers.com\/es\/wp-json\/wp\/v2\/pages"}],"about":[{"href":"https:\/\/www.praguecitytransfers.com\/es\/wp-json\/wp\/v2\/types\/page"}],"author":[{"embeddable":true,"href":"https:\/\/www.praguecitytransfers.com\/es\/wp-json\/wp\/v2\/users\/1"}],"replies":[{"embeddable":true,"href":"https:\/\/www.praguecitytransfers.com\/es\/wp-json\/wp\/v2\/comments?post=15843"}],"version-history":[{"count":1,"href":"https:\/\/www.praguecitytransfers.com\/es\/wp-json\/wp\/v2\/pages\/15843\/revisions"}],"predecessor-version":[{"id":15844,"href":"https:\/\/www.praguecitytransfers.com\/es\/wp-json\/wp\/v2\/pages\/15843\/revisions\/15844"}],"wp:attachment":[{"href":"https:\/\/www.praguecitytransfers.com\/es\/wp-json\/wp\/v2\/media?parent=15843"}],"curies":[{"name":"wp","href":"https:\/\/api.w.org\/{rel}","templated":true}]}}