{"id":15815,"date":"2024-09-04T00:13:12","date_gmt":"2024-09-03T22:13:12","guid":{"rendered":"https:\/\/www.praguecitytransfers.com\/servicios\/"},"modified":"2024-10-11T14:43:51","modified_gmt":"2024-10-11T12:43:51","slug":"servicios","status":"publish","type":"page","link":"https:\/\/www.praguecitytransfers.com\/es\/servicios\/","title":{"rendered":"Servicios"},"content":{"rendered":"\n\t<section class=\"section\" id=\"section_1218293180\">\n\t\t<div class=\"bg section-bg fill bg-fill  bg-loaded\" >\n\n\t\t\t\n\t\t\t\n\t\t\t\n\n\t\t<\/div>\n\n\t\t\n\n\t\t<div class=\"section-content relative\">\n\t\t\t\n\n<div class=\"row\" style=\"max-width:1200px\" id=\"row-586411587\">\n\n\n\t<div id=\"col-1547787287\" class=\"col medium-6 small-12 large-5\"  >\n\t\t\t\t<div class=\"col-inner\"  >\n\t\t\t\n\t\t\t\n\n\t<div id=\"gap-776726670\" class=\"gap-element clearfix\" style=\"display:block; height:auto;\">\n\t\t\n<style>\n#gap-776726670 {\n  padding-top: 60px;\n}\n<\/style>\n\t<\/div>\n\t\n\n\t<div id=\"text-1031900432\" class=\"text\">\n\t\t\n\n<h1>Nuestros servicios<\/h1>\n\t\t\n<style>\n#text-1031900432 {\n  font-size: 2.75rem;\n}\n<\/style>\n\t<\/div>\n\t\n\n\t\t<\/div>\n\t\t\t\t\t<\/div>\n\n\t\n\n<\/div>\n<div class=\"row\" style=\"max-width:1200px\" id=\"row-1901913472\">\n\n\n\t<div id=\"col-350603044\" class=\"col small-12 large-12\"  >\n\t\t\t\t<div class=\"col-inner\"  >\n\t\t\t\n\t\t\t\n\n<div class=\"row align-bottom\" style=\"max-width:1200px\" id=\"row-1791741492\">\n\n\n\t<div id=\"col-464495350\" class=\"col medium-12 small-12 large-6\"  >\n\t\t\t\t<div class=\"col-inner\"  >\n\t\t\t\n\t\t\t\n\n\t<div id=\"text-3385350048\" class=\"text\">\n\t\t\n\n<h2>Flota Mercedes de lujo con ch\u00f3fer<\/h2>\n\t\t\n<style>\n#text-3385350048 {\n  font-size: 1.5rem;\n}\n<\/style>\n\t<\/div>\n\t\n<p>Experimente una atenci\u00f3n y profesionalidad sin igual con nuestro servicio de traslados VIP. Estamos especializados en el alquiler de veh\u00edculos de lujo con ch\u00f3fer para traslados al aeropuerto, viajes de negocios, alquileres por horas y transporte de delegaciones gubernamentales y diplom\u00e1ticas. Con sede en Praga, atendemos a clientes de toda la Rep\u00fablica Checa y la UE. Viaje con estilo y comodidad con nuestra exclusiva flota de veh\u00edculos Mercedes-Benz, garantizando una experiencia de primera clase de principio a fin.   <\/p>\n<a class=\"button secondary is-link\"  >\n    <span>Reserva en l\u00ednea<\/span>\n  <i class=\"icon-angle-right\" aria-hidden=\"true\" ><\/i><\/a>\n\n\n\n\t\t<\/div>\n\t\t\t\t\t<\/div>\n\n\t\n\n\t<div id=\"col-422982721\" class=\"col medium-12 small-12 large-6 medium-col-first\"  >\n\t\t\t\t<div class=\"col-inner\"  >\n\t\t\t\n\t\t\t\n\n\n  <div class=\"banner has-hover has-parallax\" id=\"banner-214119508\">\n          <div class=\"banner-inner fill\">\n        <div class=\"banner-bg fill\" data-parallax=\"-3\" data-parallax-container=\".banner\" data-parallax-background>\n            <div class=\"bg fill bg-fill \"><\/div>\n                                    \n                    <\/div>\n\t\t\n        <div class=\"banner-layers container\">\n            <div class=\"fill banner-link\"><\/div>            \n\n\n        <\/div>\n      <\/div>\n\n            \n<style>\n#banner-214119508 {\n  padding-top: 400px;\n  background-color: rgb(255, 255, 255);\n}\n#banner-214119508 .bg.bg-loaded {\n  background-image: url(https:\/\/www.praguecitytransfers.com\/wp-content\/uploads\/2024\/05\/hlavni-1.jpg);\n}\n#banner-214119508 .bg {\n  background-position: 78% 33%;\n}\n@media (min-width:550px) {\n  #banner-214119508 {\n    padding-top: 600px;\n  }\n}\n@media (min-width:850px) {\n  #banner-214119508 {\n    padding-top: 700px;\n  }\n}\n<\/style>\n  <\/div>\n\n\n\n\t\t<\/div>\n\t\t\t\t\n<style>\n#col-422982721 > .col-inner {\n  padding: 0px 0px 30px 0px;\n  margin: -70px 0px 0px 0px;\n}\n@media (min-width:850px) {\n  #col-422982721 > .col-inner {\n    margin: -260px 0px 0px 0px;\n  }\n}\n<\/style>\n\t<\/div>\n\n\t\n\n<\/div>\n\n\t\t<\/div>\n\t\t\t\t\t<\/div>\n\n\t\n\n<\/div>\n<div class=\"row\" style=\"max-width:1200px\" id=\"row-1598632876\">\n\n\n\t<div id=\"col-685134668\" class=\"col medium-11 small-12 large-8\"  >\n\t\t\t\t<div class=\"col-inner\"  >\n\t\t\t\n\t\t\t\n\n\t<div id=\"gap-1018479953\" class=\"gap-element clearfix\" style=\"display:block; height:auto;\">\n\t\t\n<style>\n#gap-1018479953 {\n  padding-top: 30px;\n}\n<\/style>\n\t<\/div>\n\t\n\n\n  <div class=\"banner has-hover has-parallax\" id=\"banner-484122465\">\n          <div class=\"banner-inner fill\">\n        <div class=\"banner-bg fill\" data-parallax=\"-3\" data-parallax-container=\".banner\" data-parallax-background>\n            <div class=\"bg fill bg-fill \"><\/div>\n                                    \n                    <\/div>\n\t\t\n        <div class=\"banner-layers container\">\n            <div class=\"fill banner-link\"><\/div>            \n\n\n        <\/div>\n      <\/div>\n\n            \n<style>\n#banner-484122465 {\n  padding-top: 300px;\n  background-color: rgb(249, 245, 229);\n}\n#banner-484122465 .bg.bg-loaded {\n  background-image: url(https:\/\/www.praguecitytransfers.com\/wp-content\/uploads\/2021\/08\/Obrazek-WhatsApp-2024-07-11-v-22.17.14_61423e4c-1-scaled-1.jpg);\n}\n#banner-484122465 .bg {\n  background-position: 56% 35%;\n}\n@media (min-width:550px) {\n  #banner-484122465 {\n    padding-top: 500px;\n  }\n}\n<\/style>\n  <\/div>\n\n\n\n\t\t<\/div>\n\t\t\t\t\t<\/div>\n\n\t\n\n<\/div>\n<div class=\"row align-right\" style=\"max-width:1200px\" id=\"row-1474192119\">\n\n\n\t<div id=\"col-1843502619\" class=\"col medium-8 small-12 large-6\"  >\n\t\t\t\t<div class=\"col-inner\" style=\"background-color:rgb(255, 255, 255);\" >\n\t\t\t\n\t\t\t\n\n\t<div id=\"text-1759809376\" class=\"text\">\n\t\t\n\n<h2>Enfoque individual<\/h2>\n\t\t\n<style>\n#text-1759809376 {\n  font-size: 1.5rem;\n}\n<\/style>\n\t<\/div>\n\t\n<p>Proporcionamos un enfoque personalizado, con ch\u00f3feres profesionales y veh\u00edculos confortables adaptados a cualquier evento. Nuestra flota de veh\u00edculos Mercedes-Benz est\u00e1 preparada para cada ocasi\u00f3n, garantizando que cada evento, sin importar el tama\u00f1o, el lugar o el prestigio, reciba el mismo nivel excepcional de cuidado y atenci\u00f3n. <\/p>\n<a class=\"button secondary is-link\"  >\n    <span>Reserva en l\u00ednea<\/span>\n  <i class=\"icon-angle-right\" aria-hidden=\"true\" ><\/i><\/a>\n\n\n\n\t\t<\/div>\n\t\t\t\t\n<style>\n#col-1843502619 > .col-inner {\n  padding: 10% 10% 10% 10%;\n  margin: -42px -42px 0px 0px;\n}\n@media (min-width:550px) {\n  #col-1843502619 > .col-inner {\n    margin: -317px -42px 0px 0px;\n  }\n}\n<\/style>\n\t<\/div>\n\n\t\n\n<\/div>\n<div class=\"row\" style=\"max-width:1200px\" id=\"row-1027510582\">\n\n\n\t<div id=\"col-578885391\" class=\"col medium-6 small-12 large-6\"  >\n\t\t\t\t<div class=\"col-inner\"  >\n\t\t\t\n\t\t\t\n\n\n  <div class=\"banner has-hover has-parallax\" id=\"banner-504667424\">\n          <div class=\"banner-inner fill\">\n        <div class=\"banner-bg fill\" data-parallax=\"-3\" data-parallax-container=\".banner\" data-parallax-background>\n            <div class=\"bg fill bg-fill \"><\/div>\n                                    \n                    <\/div>\n\t\t\n        <div class=\"banner-layers container\">\n            <div class=\"fill banner-link\"><\/div>            \n\n\n        <\/div>\n      <\/div>\n\n            \n<style>\n#banner-504667424 {\n  padding-top: 400px;\n  background-color: rgb(255, 255, 255);\n}\n#banner-504667424 .bg.bg-loaded {\n  background-image: url(https:\/\/www.praguecitytransfers.com\/wp-content\/uploads\/2021\/08\/Obrazek-WhatsApp-2024-07-11-v-22.09.44_ba6484d2-1-scaled-1.jpg);\n}\n#banner-504667424 .bg {\n  background-position: 33% 56%;\n}\n@media (min-width:550px) {\n  #banner-504667424 {\n    padding-top: 600px;\n  }\n}\n<\/style>\n  <\/div>\n\n\n\t<div id=\"gap-777831629\" class=\"gap-element clearfix\" style=\"display:block; height:auto;\">\n\t\t\n<style>\n#gap-777831629 {\n  padding-top: 30px;\n}\n@media (min-width:550px) {\n  #gap-777831629 {\n    padding-top: 100px;\n  }\n}\n<\/style>\n\t<\/div>\n\t\n\n\t<div id=\"text-3769258600\" class=\"text\">\n\t\t\n\n<h2>Para nuestros clientes<\/h2>\n\t\t\n<style>\n#text-3769258600 {\n  font-size: 1.5rem;\n}\n<\/style>\n\t<\/div>\n\t\n<p>En el centro de nuestros servicios est\u00e1 el compromiso con usted, nuestro valioso cliente. Su satisfacci\u00f3n es nuestra m\u00e1xima prioridad, y vamos m\u00e1s all\u00e1 para asegurarnos de que cada experiencia con nosotros sea excepcional. Desde el momento de su reserva hasta el destino final, nos dedicamos a proporcionarle una atenci\u00f3n personalizada, un servicio profesional y un confort de lujo. Gracias por elegirnos; su confianza nos inspira a seguir ofreciendo excelencia en cada viaje.   <\/p>\n<a class=\"button secondary is-link\"  >\n    <span>Reserva en l\u00ednea<\/span>\n  <i class=\"icon-angle-right\" aria-hidden=\"true\" ><\/i><\/a>\n\n\n\n\t\t<\/div>\n\t\t\t\t\n<style>\n#col-578885391 > .col-inner {\n  padding: 0px 0px 0px 1px;\n}\n@media (min-width:850px) {\n  #col-578885391 > .col-inner {\n    padding: 50px 50px 50px 0px;\n  }\n}\n<\/style>\n\t<\/div>\n\n\t\n\n\t<div id=\"col-2071471918\" class=\"col medium-6 small-12 large-6\"  >\n\t\t\t\t<div class=\"col-inner\"  >\n\t\t\t\n\t\t\t\n\n\t<div id=\"text-1145650180\" class=\"text\">\n\t\t\n\n<h2>Alquiler por horas con ch\u00f3fer<\/h2>\n\t\t\n<style>\n#text-1145650180 {\n  font-size: 1.5rem;\n}\n<\/style>\n\t<\/div>\n\t\n<p>Nuestro servicio de ch\u00f3fer por horas le ofrece la flexibilidad y comodidad que necesita para cualquier ocasi\u00f3n. Ya sea para reuniones de negocios, visitas a la ciudad o eventos especiales, nuestros ch\u00f3feres profesionales y veh\u00edculos de lujo Mercedes-Benz est\u00e1n a su disposici\u00f3n. Disfrute de una experiencia fluida con un servicio personalizado, que le garantiza viajar con estilo y comodidad, independientemente del tiempo que nos necesite.  <\/p>\n<a class=\"button secondary is-link\"  >\n    <span>Reserva en l\u00ednea<\/span>\n  <i class=\"icon-angle-right\" aria-hidden=\"true\" ><\/i><\/a>\n\n\n\t<div id=\"gap-2035722658\" class=\"gap-element clearfix\" style=\"display:block; height:auto;\">\n\t\t\n<style>\n#gap-2035722658 {\n  padding-top: 30px;\n}\n@media (min-width:550px) {\n  #gap-2035722658 {\n    padding-top: 80px;\n  }\n}\n<\/style>\n\t<\/div>\n\t\n\n\n  <div class=\"banner has-hover has-parallax\" id=\"banner-430158820\">\n          <div class=\"banner-inner fill\">\n        <div class=\"banner-bg fill\" data-parallax=\"-3\" data-parallax-container=\".banner\" data-parallax-background>\n            <div class=\"bg fill bg-fill \"><\/div>\n                                    \n                    <\/div>\n\t\t\n        <div class=\"banner-layers container\">\n            <div class=\"fill banner-link\"><\/div>            \n\n\n        <\/div>\n      <\/div>\n\n            \n<style>\n#banner-430158820 {\n  padding-top: 400px;\n  background-color: rgb(255, 255, 255);\n}\n#banner-430158820 .bg.bg-loaded {\n  background-image: url(https:\/\/www.praguecitytransfers.com\/wp-content\/uploads\/2024\/01\/IMG-20240116-WA0080-scaled-1.jpg);\n}\n#banner-430158820 .bg {\n  background-position: 47% 26%;\n}\n@media (min-width:550px) {\n  #banner-430158820 {\n    padding-top: 600px;\n  }\n}\n<\/style>\n  <\/div>\n\n\n\n\t\t<\/div>\n\t\t\t\t\n<style>\n#col-2071471918 > .col-inner {\n  padding: 0px 0px 0px 0;\n}\n@media (min-width:550px) {\n  #col-2071471918 > .col-inner {\n    padding: 50px 0px 0px 20px;\n  }\n}\n@media (min-width:850px) {\n  #col-2071471918 > .col-inner {\n    padding: 50px 0px 0px 50px;\n  }\n}\n<\/style>\n\t<\/div>\n\n\t\n\n<\/div>\n\n\t\t<\/div>\n\n\t\t\n<style>\n#section_1218293180 {\n  padding-top: 30px;\n  padding-bottom: 30px;\n}\n<\/style>\n\t<\/section>\n\t\n\n","protected":false},"excerpt":{"rendered":"","protected":false},"author":1,"featured_media":0,"parent":0,"menu_order":0,"comment_status":"closed","ping_status":"closed","template":"","meta":{"inline_featured_image":false,"footnotes":""},"class_list":["post-15815","page","type-page","status-publish","hentry"],"_links":{"self":[{"href":"https:\/\/www.praguecitytransfers.com\/es\/wp-json\/wp\/v2\/pages\/15815","targetHints":{"allow":["GET"]}}],"collection":[{"href":"https:\/\/www.praguecitytransfers.com\/es\/wp-json\/wp\/v2\/pages"}],"about":[{"href":"https:\/\/www.praguecitytransfers.com\/es\/wp-json\/wp\/v2\/types\/page"}],"author":[{"embeddable":true,"href":"https:\/\/www.praguecitytransfers.com\/es\/wp-json\/wp\/v2\/users\/1"}],"replies":[{"embeddable":true,"href":"https:\/\/www.praguecitytransfers.com\/es\/wp-json\/wp\/v2\/comments?post=15815"}],"version-history":[{"count":1,"href":"https:\/\/www.praguecitytransfers.com\/es\/wp-json\/wp\/v2\/pages\/15815\/revisions"}],"predecessor-version":[{"id":15816,"href":"https:\/\/www.praguecitytransfers.com\/es\/wp-json\/wp\/v2\/pages\/15815\/revisions\/15816"}],"wp:attachment":[{"href":"https:\/\/www.praguecitytransfers.com\/es\/wp-json\/wp\/v2\/media?parent=15815"}],"curies":[{"name":"wp","href":"https:\/\/api.w.org\/{rel}","templated":true}]}}