{"id":15835,"date":"2024-09-16T01:47:10","date_gmt":"2024-09-15T23:47:10","guid":{"rendered":"https:\/\/www.praguecitytransfers.com\/rental-tranfers\/"},"modified":"2024-10-11T15:00:30","modified_gmt":"2024-10-11T13:00:30","slug":"rental-tranfers","status":"publish","type":"page","link":"https:\/\/www.praguecitytransfers.com\/de\/rental-tranfers\/","title":{"rendered":"Rental &amp; Tranfers"},"content":{"rendered":"\n\t<section class=\"section\" id=\"section_1550127397\">\n\t\t<div class=\"bg section-bg fill bg-fill  bg-loaded\" >\n\n\t\t\t\n\t\t\t\n\t\t\t\n\n\t\t<\/div>\n\n\t\t\n\n\t\t<div class=\"section-content relative\">\n\t\t\t\n\n<div class=\"row\" style=\"max-width:1200px\" id=\"row-1459631548\">\n\n\n\t<div id=\"col-1241131058\" class=\"col medium-6 small-12 large-5\"  >\n\t\t\t\t<div class=\"col-inner\"  >\n\t\t\t\n\t\t\t\n\n\t<div id=\"gap-1115577776\" class=\"gap-element clearfix\" style=\"display:block; height:auto;\">\n\t\t\n<style>\n#gap-1115577776 {\n  padding-top: 60px;\n}\n<\/style>\n\t<\/div>\n\t\n\n\t<div id=\"text-16444422\" class=\"text\">\n\t\t\n\n<h1>Rental &amp; Tranfers<\/h1>\n\n\t\t\n<style>\n#text-16444422 {\n  font-size: 2.75rem;\n}\n<\/style>\n\t<\/div>\n\t\n\n\t\t<\/div>\n\t\t\t\t\t<\/div>\n\n\t\n\n<\/div>\n<div class=\"row\" style=\"max-width:1200px\" id=\"row-1617938791\">\n\n\n\t<div id=\"col-62141368\" class=\"col small-12 large-12\"  >\n\t\t\t\t<div class=\"col-inner\"  >\n\t\t\t\n\t\t\t\n\n<div class=\"row align-bottom\" style=\"max-width:1200px\" id=\"row-510718696\">\n\n\n\t<div id=\"col-1421638427\" class=\"col medium-12 small-12 large-6\"  >\n\t\t\t\t<div class=\"col-inner\"  >\n\t\t\t\n\t\t\t\n\n\t<div id=\"text-734252970\" class=\"text\">\n\t\t\n\n<h2>Flughafen-Transfers<\/h2>\n\t\t\n<style>\n#text-734252970 {\n  font-size: 1.5rem;\n}\n<\/style>\n\t<\/div>\n\t\n<p>Wir bieten einen exklusiven Flughafen-Chauffeur-Service, der eine umfassende Betreuung von Anfang bis Ende bietet. Reisen Sie stilvoll und komfortabel mit unseren luxuri\u00f6sen Mercedes-Benz Fahrzeugen und sorgen Sie f\u00fcr einen reibungslosen und sicheren Transfer. Wir \u00fcberwachen sorgf\u00e4ltig die Flugpl\u00e4ne, um sicherzustellen, dass Ihr Chauffeur Sie p\u00fcnktlich am Flughafen abholen kann. Ihr pers\u00f6nlicher Chauffeur, der ein Namensschild tr\u00e4gt, wird Sie in der Ankunftshalle begr\u00fc\u00dfen und Ihnen mit Ihrem Gep\u00e4ck behilflich sein. F\u00fcr zus\u00e4tzlichen Komfort bieten wir auch Privatjet-Transfers zum und vom Terminal T3 sowie Zugang zur VIP-Business-Lounge am Flughafen V\u00e1clav Havel in Prag.    <\/p>\n\n<a class=\"button secondary is-link\"  >\n    <span>Online-Reservierung<\/span>\n  <i class=\"icon-angle-right\" aria-hidden=\"true\" ><\/i><\/a>\n\n\n\n\t\t<\/div>\n\t\t\t\t\t<\/div>\n\n\t\n\n\t<div id=\"col-685013901\" class=\"col medium-12 small-12 large-6 medium-col-first\"  >\n\t\t\t\t<div class=\"col-inner\"  >\n\t\t\t\n\t\t\t\n\n\n  <div class=\"banner has-hover has-parallax\" id=\"banner-1941587978\">\n          <div class=\"banner-inner fill\">\n        <div class=\"banner-bg fill\" data-parallax=\"-3\" data-parallax-container=\".banner\" data-parallax-background>\n            <div class=\"bg fill bg-fill \"><\/div>\n                                    \n                    <\/div>\n\t\t\n        <div class=\"banner-layers container\">\n            <div class=\"fill banner-link\"><\/div>            \n\n\n        <\/div>\n      <\/div>\n\n            \n<style>\n#banner-1941587978 {\n  padding-top: 400px;\n  background-color: rgb(255, 255, 255);\n}\n#banner-1941587978 .bg.bg-loaded {\n  background-image: url(https:\/\/www.praguecitytransfers.com\/wp-content\/uploads\/2020\/10\/shutterstock_372107485-scaled-1.jpg);\n}\n#banner-1941587978 .bg {\n  background-position: 34% 56%;\n}\n@media (min-width:550px) {\n  #banner-1941587978 {\n    padding-top: 600px;\n  }\n}\n@media (min-width:850px) {\n  #banner-1941587978 {\n    padding-top: 700px;\n  }\n}\n<\/style>\n  <\/div>\n\n\n\n\t\t<\/div>\n\t\t\t\t\n<style>\n#col-685013901 > .col-inner {\n  padding: 0px 0px 30px 0px;\n  margin: -70px 0px 0px 0px;\n}\n@media (min-width:850px) {\n  #col-685013901 > .col-inner {\n    margin: -260px 0px 0px 0px;\n  }\n}\n<\/style>\n\t<\/div>\n\n\t\n\n<\/div>\n\n\t\t<\/div>\n\t\t\t\t\t<\/div>\n\n\t\n\n<\/div>\n<div class=\"row\" style=\"max-width:1200px\" id=\"row-459640668\">\n\n\n\t<div id=\"col-32407423\" class=\"col medium-11 small-12 large-8\"  >\n\t\t\t\t<div class=\"col-inner\"  >\n\t\t\t\n\t\t\t\n\n\t<div id=\"gap-596188976\" class=\"gap-element clearfix\" style=\"display:block; height:auto;\">\n\t\t\n<style>\n#gap-596188976 {\n  padding-top: 30px;\n}\n<\/style>\n\t<\/div>\n\t\n\n\n  <div class=\"banner has-hover has-parallax\" id=\"banner-796575251\">\n          <div class=\"banner-inner fill\">\n        <div class=\"banner-bg fill\" data-parallax=\"-3\" data-parallax-container=\".banner\" data-parallax-background>\n            <div class=\"bg fill bg-fill \"><\/div>\n                                    \n                    <\/div>\n\t\t\n        <div class=\"banner-layers container\">\n            <div class=\"fill banner-link\"><\/div>            \n\n\n        <\/div>\n      <\/div>\n\n            \n<style>\n#banner-796575251 {\n  padding-top: 300px;\n  background-color: rgb(249, 245, 229);\n}\n#banner-796575251 .bg.bg-loaded {\n  background-image: url(https:\/\/www.praguecitytransfers.com\/wp-content\/uploads\/2024\/09\/business-car-transfer-1024x576.jpg);\n}\n#banner-796575251 .bg {\n  background-position: 92% 29%;\n}\n@media (min-width:550px) {\n  #banner-796575251 {\n    padding-top: 500px;\n  }\n}\n<\/style>\n  <\/div>\n\n\n\n\t\t<\/div>\n\t\t\t\t\t<\/div>\n\n\t\n\n<\/div>\n<div class=\"row align-right\" style=\"max-width:1200px\" id=\"row-278977478\">\n\n\n\t<div id=\"col-531118601\" class=\"col medium-8 small-12 large-6\"  >\n\t\t\t\t<div class=\"col-inner\" style=\"background-color:rgb(255, 255, 255);\" >\n\t\t\t\n\t\t\t\n\n\t<div id=\"text-248024281\" class=\"text\">\n\t\t\n\n<h2>Unternehmens\u00fcbertragungen<\/h2>\n\n\t\t\n<style>\n#text-248024281 {\n  font-size: 1.5rem;\n}\n<\/style>\n\t<\/div>\n\t\n<p>Wir bieten einen erstklassigen Business-Transfer-Service, der auf die Bed\u00fcrfnisse von vielbesch\u00e4ftigten Gesch\u00e4ftsleuten zugeschnitten ist. Mit unseren luxuri\u00f6sen Mercedes-Benz Fahrzeugen k\u00f6nnen Sie eine komfortable und effiziente Reise genie\u00dfen, egal ob Sie zwischen Meetings oder zu Firmenveranstaltungen unterwegs sind. Unsere professionellen Chauffeure sorgen f\u00fcr P\u00fcnktlichkeit und eine reibungslose Fahrt, damit Sie sich auf das Wesentliche konzentrieren k\u00f6nnen. Wir passen jeden Transfer an Ihren Zeitplan an und \u00fcberwachen in Echtzeit, dass Ihr Chauffeur p\u00fcnktlich zur Stelle ist. Ob Flughafentransfers oder Punkt-zu-Punkt-Transfers, wir garantieren Ihnen einen reibungslosen Ablauf Ihrer Gesch\u00e4ftsreise mit einem H\u00f6chstma\u00df an Service.    <\/p>\n\n<a class=\"button secondary is-link\"  >\n    <span>Online-Reservierung<\/span>\n  <i class=\"icon-angle-right\" aria-hidden=\"true\" ><\/i><\/a>\n\n\n\n\t\t<\/div>\n\t\t\t\t\n<style>\n#col-531118601 > .col-inner {\n  padding: 10% 10% 10% 10%;\n  margin: -42px -42px 0px 0px;\n}\n@media (min-width:550px) {\n  #col-531118601 > .col-inner {\n    margin: -317px -42px 0px 0px;\n  }\n}\n<\/style>\n\t<\/div>\n\n\t\n\n<\/div>\n<div class=\"row\" style=\"max-width:1200px\" id=\"row-206439453\">\n\n\n\t<div id=\"col-2057603978\" class=\"col medium-6 small-12 large-6\"  >\n\t\t\t\t<div class=\"col-inner\"  >\n\t\t\t\n\t\t\t\n\n\n  <div class=\"banner has-hover has-parallax\" id=\"banner-886536676\">\n          <div class=\"banner-inner fill\">\n        <div class=\"banner-bg fill\" data-parallax=\"-3\" data-parallax-container=\".banner\" data-parallax-background>\n            <div class=\"bg fill bg-fill \"><\/div>\n                                    \n                    <\/div>\n\t\t\n        <div class=\"banner-layers container\">\n            <div class=\"fill banner-link\"><\/div>            \n\n\n        <\/div>\n      <\/div>\n\n            \n<style>\n#banner-886536676 {\n  padding-top: 400px;\n  background-color: rgb(255, 255, 255);\n}\n#banner-886536676 .bg.bg-loaded {\n  background-image: url(https:\/\/www.praguecitytransfers.com\/wp-content\/uploads\/2021\/08\/Obrazek-WhatsApp-2024-07-11-v-22.09.44_ba6484d2-1-scaled-1.jpg);\n}\n#banner-886536676 .bg {\n  background-position: 33% 56%;\n}\n@media (min-width:550px) {\n  #banner-886536676 {\n    padding-top: 600px;\n  }\n}\n<\/style>\n  <\/div>\n\n\n\t<div id=\"gap-82653909\" class=\"gap-element clearfix\" style=\"display:block; height:auto;\">\n\t\t\n<style>\n#gap-82653909 {\n  padding-top: 30px;\n}\n@media (min-width:550px) {\n  #gap-82653909 {\n    padding-top: 100px;\n  }\n}\n<\/style>\n\t<\/div>\n\t\n\n\t<div id=\"text-2393878750\" class=\"text\">\n\t\t\n\n<h2>Hotel-Transfers<\/h2>\n\n\t\t\n<style>\n#text-2393878750 {\n  font-size: 1.5rem;\n}\n<\/style>\n\t<\/div>\n\t\n<p>Wir bieten einen nahtlosen Hoteltransfer-Service, der eine komfortable und stressfreie Reise zu oder von Ihrer Unterkunft gew\u00e4hrleistet. Unsere Flotte von luxuri\u00f6sen Mercedes-Benz Fahrzeugen garantiert eine stilvolle und reibungslose Fahrt, egal ob Sie ankommen oder abreisen. Ihr professioneller Chauffeur holt Sie am Flughafen oder in Ihrem Hotel ab, ist Ihnen beim Gep\u00e4ck behilflich und sorgt f\u00fcr einen p\u00fcnktlichen und zuverl\u00e4ssigen Service. Wir achten auf jedes Detail, um Ihnen ein erstklassiges Transfererlebnis zu bieten und Ihren Aufenthalt von der Ankunft bis zur Abreise noch angenehmer zu gestalten.   <\/p>\n\n<a class=\"button secondary is-link\"  >\n    <span>Online-Reservierung<\/span>\n  <i class=\"icon-angle-right\" aria-hidden=\"true\" ><\/i><\/a>\n\n\n\n\t\t<\/div>\n\t\t\t\t\n<style>\n#col-2057603978 > .col-inner {\n  padding: 0px 0px 0px 1px;\n}\n@media (min-width:850px) {\n  #col-2057603978 > .col-inner {\n    padding: 50px 50px 50px 0px;\n  }\n}\n<\/style>\n\t<\/div>\n\n\t\n\n\t<div id=\"col-162099756\" class=\"col medium-6 small-12 large-6\"  >\n\t\t\t\t<div class=\"col-inner\"  >\n\t\t\t\n\t\t\t\n\n\t<div id=\"text-3931203296\" class=\"text\">\n\t\t\n\n<h2>Stundenweise Miete mit Chauffeur<\/h2>\n\t\t\n<style>\n#text-3931203296 {\n  font-size: 1.5rem;\n}\n<\/style>\n\t<\/div>\n\t\n<p>Unser stundenweiser Chauffeurservice bietet Ihnen die Flexibilit\u00e4t und den Komfort, den Sie f\u00fcr jeden Anlass ben\u00f6tigen. Ob f\u00fcr Gesch\u00e4ftstreffen, Stadtrundfahrten oder besondere Veranstaltungen, unsere professionellen Chauffeure und luxuri\u00f6sen Mercedes-Benz Fahrzeuge stehen Ihnen zur Verf\u00fcgung. Genie\u00dfen Sie eine nahtlose Erfahrung mit pers\u00f6nlichem Service, der sicherstellt, dass Sie mit Stil und Komfort reisen, egal wie lange Sie uns brauchen.  <\/p>\n<a class=\"button secondary is-link\"  >\n    <span>Online-Reservierung<\/span>\n  <i class=\"icon-angle-right\" aria-hidden=\"true\" ><\/i><\/a>\n\n\n\t<div id=\"gap-178694549\" class=\"gap-element clearfix\" style=\"display:block; height:auto;\">\n\t\t\n<style>\n#gap-178694549 {\n  padding-top: 30px;\n}\n@media (min-width:550px) {\n  #gap-178694549 {\n    padding-top: 80px;\n  }\n}\n<\/style>\n\t<\/div>\n\t\n\n\n  <div class=\"banner has-hover has-parallax\" id=\"banner-694987618\">\n          <div class=\"banner-inner fill\">\n        <div class=\"banner-bg fill\" data-parallax=\"-3\" data-parallax-container=\".banner\" data-parallax-background>\n            <div class=\"bg fill bg-fill \"><\/div>\n                                    \n                    <\/div>\n\t\t\n        <div class=\"banner-layers container\">\n            <div class=\"fill banner-link\"><\/div>            \n\n\n        <\/div>\n      <\/div>\n\n            \n<style>\n#banner-694987618 {\n  padding-top: 400px;\n  background-color: rgb(255, 255, 255);\n}\n#banner-694987618 .bg.bg-loaded {\n  background-image: url(https:\/\/www.praguecitytransfers.com\/wp-content\/uploads\/2024\/01\/IMG-20240116-WA0080-scaled-1.jpg);\n}\n#banner-694987618 .bg {\n  background-position: 47% 26%;\n}\n@media (min-width:550px) {\n  #banner-694987618 {\n    padding-top: 600px;\n  }\n}\n<\/style>\n  <\/div>\n\n\n\n\t\t<\/div>\n\t\t\t\t\n<style>\n#col-162099756 > .col-inner {\n  padding: 0px 0px 0px 0;\n}\n@media (min-width:550px) {\n  #col-162099756 > .col-inner {\n    padding: 50px 0px 0px 20px;\n  }\n}\n@media (min-width:850px) {\n  #col-162099756 > .col-inner {\n    padding: 50px 0px 0px 50px;\n  }\n}\n<\/style>\n\t<\/div>\n\n\t\n\n<\/div>\n\n\t\t<\/div>\n\n\t\t\n<style>\n#section_1550127397 {\n  padding-top: 30px;\n  padding-bottom: 30px;\n}\n<\/style>\n\t<\/section>\n\t\n\n","protected":false},"excerpt":{"rendered":"","protected":false},"author":1,"featured_media":0,"parent":0,"menu_order":0,"comment_status":"closed","ping_status":"closed","template":"","meta":{"inline_featured_image":false,"footnotes":""},"class_list":["post-15835","page","type-page","status-publish","hentry"],"_links":{"self":[{"href":"https:\/\/www.praguecitytransfers.com\/de\/wp-json\/wp\/v2\/pages\/15835","targetHints":{"allow":["GET"]}}],"collection":[{"href":"https:\/\/www.praguecitytransfers.com\/de\/wp-json\/wp\/v2\/pages"}],"about":[{"href":"https:\/\/www.praguecitytransfers.com\/de\/wp-json\/wp\/v2\/types\/page"}],"author":[{"embeddable":true,"href":"https:\/\/www.praguecitytransfers.com\/de\/wp-json\/wp\/v2\/users\/1"}],"replies":[{"embeddable":true,"href":"https:\/\/www.praguecitytransfers.com\/de\/wp-json\/wp\/v2\/comments?post=15835"}],"version-history":[{"count":1,"href":"https:\/\/www.praguecitytransfers.com\/de\/wp-json\/wp\/v2\/pages\/15835\/revisions"}],"predecessor-version":[{"id":15836,"href":"https:\/\/www.praguecitytransfers.com\/de\/wp-json\/wp\/v2\/pages\/15835\/revisions\/15836"}],"wp:attachment":[{"href":"https:\/\/www.praguecitytransfers.com\/de\/wp-json\/wp\/v2\/media?parent=15835"}],"curies":[{"name":"wp","href":"https:\/\/api.w.org\/{rel}","templated":true}]}}