{"id":15807,"date":"2024-09-04T00:13:12","date_gmt":"2024-09-03T22:13:12","guid":{"rendered":"https:\/\/www.praguecitytransfers.com\/dienstleistungen\/"},"modified":"2024-10-11T14:40:11","modified_gmt":"2024-10-11T12:40:11","slug":"dienstleistungen","status":"publish","type":"page","link":"https:\/\/www.praguecitytransfers.com\/de\/dienstleistungen\/","title":{"rendered":"Dienstleistungen"},"content":{"rendered":"\n\t<section class=\"section\" id=\"section_1558870654\">\n\t\t<div class=\"bg section-bg fill bg-fill  bg-loaded\" >\n\n\t\t\t\n\t\t\t\n\t\t\t\n\n\t\t<\/div>\n\n\t\t\n\n\t\t<div class=\"section-content relative\">\n\t\t\t\n\n<div class=\"row\" style=\"max-width:1200px\" id=\"row-1351266912\">\n\n\n\t<div id=\"col-1301881335\" class=\"col medium-6 small-12 large-5\"  >\n\t\t\t\t<div class=\"col-inner\"  >\n\t\t\t\n\t\t\t\n\n\t<div id=\"gap-360399944\" class=\"gap-element clearfix\" style=\"display:block; height:auto;\">\n\t\t\n<style>\n#gap-360399944 {\n  padding-top: 60px;\n}\n<\/style>\n\t<\/div>\n\t\n\n\t<div id=\"text-3707001745\" class=\"text\">\n\t\t\n\n<h1>Unsere Dienstleistungen<\/h1>\n\t\t\n<style>\n#text-3707001745 {\n  font-size: 2.75rem;\n}\n<\/style>\n\t<\/div>\n\t\n\n\t\t<\/div>\n\t\t\t\t\t<\/div>\n\n\t\n\n<\/div>\n<div class=\"row\" style=\"max-width:1200px\" id=\"row-952103437\">\n\n\n\t<div id=\"col-1945479997\" class=\"col small-12 large-12\"  >\n\t\t\t\t<div class=\"col-inner\"  >\n\t\t\t\n\t\t\t\n\n<div class=\"row align-bottom\" style=\"max-width:1200px\" id=\"row-304827285\">\n\n\n\t<div id=\"col-2123735028\" class=\"col medium-12 small-12 large-6\"  >\n\t\t\t\t<div class=\"col-inner\"  >\n\t\t\t\n\t\t\t\n\n\t<div id=\"text-1544896655\" class=\"text\">\n\t\t\n\n<h2>Luxuri\u00f6se Mercedes-Flotte mit Chauffeur<\/h2>\n\t\t\n<style>\n#text-1544896655 {\n  font-size: 1.5rem;\n}\n<\/style>\n\t<\/div>\n\t\n<p>Erleben Sie unvergleichliche Sorgfalt und Professionalit\u00e4t mit unserem VIP-Transfer-Service. Wir sind spezialisiert auf die Anmietung von Luxusfahrzeugen mit Chauffeurservice f\u00fcr Flughafentransfers, Gesch\u00e4ftsreisen, stundenweise Anmietungen und den Transport von Regierungs- und diplomatischen Delegationen. Von Prag aus bedienen wir Kunden in der gesamten Tschechischen Republik und der EU. Reisen Sie stilvoll und komfortabel mit unserer exklusiven Flotte von Mercedes-Benz-Fahrzeugen, die Ihnen von Anfang bis Ende ein erstklassiges Erlebnis bieten.   <\/p>\n<a class=\"button secondary is-link\"  >\n    <span>Online-Reservierung<\/span>\n  <i class=\"icon-angle-right\" aria-hidden=\"true\" ><\/i><\/a>\n\n\n\n\t\t<\/div>\n\t\t\t\t\t<\/div>\n\n\t\n\n\t<div id=\"col-404950497\" class=\"col medium-12 small-12 large-6 medium-col-first\"  >\n\t\t\t\t<div class=\"col-inner\"  >\n\t\t\t\n\t\t\t\n\n\n  <div class=\"banner has-hover has-parallax\" id=\"banner-1262398578\">\n          <div class=\"banner-inner fill\">\n        <div class=\"banner-bg fill\" data-parallax=\"-3\" data-parallax-container=\".banner\" data-parallax-background>\n            <div class=\"bg fill bg-fill \"><\/div>\n                                    \n                    <\/div>\n\t\t\n        <div class=\"banner-layers container\">\n            <div class=\"fill banner-link\"><\/div>            \n\n\n        <\/div>\n      <\/div>\n\n            \n<style>\n#banner-1262398578 {\n  padding-top: 400px;\n  background-color: rgb(255, 255, 255);\n}\n#banner-1262398578 .bg.bg-loaded {\n  background-image: url(https:\/\/www.praguecitytransfers.com\/wp-content\/uploads\/2024\/05\/hlavni-1.jpg);\n}\n#banner-1262398578 .bg {\n  background-position: 78% 33%;\n}\n@media (min-width:550px) {\n  #banner-1262398578 {\n    padding-top: 600px;\n  }\n}\n@media (min-width:850px) {\n  #banner-1262398578 {\n    padding-top: 700px;\n  }\n}\n<\/style>\n  <\/div>\n\n\n\n\t\t<\/div>\n\t\t\t\t\n<style>\n#col-404950497 > .col-inner {\n  padding: 0px 0px 30px 0px;\n  margin: -70px 0px 0px 0px;\n}\n@media (min-width:850px) {\n  #col-404950497 > .col-inner {\n    margin: -260px 0px 0px 0px;\n  }\n}\n<\/style>\n\t<\/div>\n\n\t\n\n<\/div>\n\n\t\t<\/div>\n\t\t\t\t\t<\/div>\n\n\t\n\n<\/div>\n<div class=\"row\" style=\"max-width:1200px\" id=\"row-305803602\">\n\n\n\t<div id=\"col-542393563\" class=\"col medium-11 small-12 large-8\"  >\n\t\t\t\t<div class=\"col-inner\"  >\n\t\t\t\n\t\t\t\n\n\t<div id=\"gap-1621375243\" class=\"gap-element clearfix\" style=\"display:block; height:auto;\">\n\t\t\n<style>\n#gap-1621375243 {\n  padding-top: 30px;\n}\n<\/style>\n\t<\/div>\n\t\n\n\n  <div class=\"banner has-hover has-parallax\" id=\"banner-2020755149\">\n          <div class=\"banner-inner fill\">\n        <div class=\"banner-bg fill\" data-parallax=\"-3\" data-parallax-container=\".banner\" data-parallax-background>\n            <div class=\"bg fill bg-fill \"><\/div>\n                                    \n                    <\/div>\n\t\t\n        <div class=\"banner-layers container\">\n            <div class=\"fill banner-link\"><\/div>            \n\n\n        <\/div>\n      <\/div>\n\n            \n<style>\n#banner-2020755149 {\n  padding-top: 300px;\n  background-color: rgb(249, 245, 229);\n}\n#banner-2020755149 .bg.bg-loaded {\n  background-image: url(https:\/\/www.praguecitytransfers.com\/wp-content\/uploads\/2021\/08\/Obrazek-WhatsApp-2024-07-11-v-22.17.14_61423e4c-1-scaled-1.jpg);\n}\n#banner-2020755149 .bg {\n  background-position: 56% 35%;\n}\n@media (min-width:550px) {\n  #banner-2020755149 {\n    padding-top: 500px;\n  }\n}\n<\/style>\n  <\/div>\n\n\n\n\t\t<\/div>\n\t\t\t\t\t<\/div>\n\n\t\n\n<\/div>\n<div class=\"row align-right\" style=\"max-width:1200px\" id=\"row-1365265397\">\n\n\n\t<div id=\"col-753460122\" class=\"col medium-8 small-12 large-6\"  >\n\t\t\t\t<div class=\"col-inner\" style=\"background-color:rgb(255, 255, 255);\" >\n\t\t\t\n\t\t\t\n\n\t<div id=\"text-1024381025\" class=\"text\">\n\t\t\n\n<h2>Individueller Ansatz<\/h2>\n\t\t\n<style>\n#text-1024381025 {\n  font-size: 1.5rem;\n}\n<\/style>\n\t<\/div>\n\t\n<p>Wir bieten einen pers\u00f6nlichen Ansatz mit professionellen Chauffeuren und komfortablen Fahrzeugen, die auf jede Veranstaltung zugeschnitten sind. Unsere Flotte von Mercedes-Benz Fahrzeugen ist f\u00fcr jeden Anlass bereit und stellt sicher, dass jede Veranstaltung, unabh\u00e4ngig von der Gr\u00f6\u00dfe, dem Veranstaltungsort oder dem Prestige, das gleiche au\u00dfergew\u00f6hnliche Niveau an Sorgfalt und Aufmerksamkeit erh\u00e4lt. <\/p>\n<a class=\"button secondary is-link\"  >\n    <span>Online-Reservierung<\/span>\n  <i class=\"icon-angle-right\" aria-hidden=\"true\" ><\/i><\/a>\n\n\n\n\t\t<\/div>\n\t\t\t\t\n<style>\n#col-753460122 > .col-inner {\n  padding: 10% 10% 10% 10%;\n  margin: -42px -42px 0px 0px;\n}\n@media (min-width:550px) {\n  #col-753460122 > .col-inner {\n    margin: -317px -42px 0px 0px;\n  }\n}\n<\/style>\n\t<\/div>\n\n\t\n\n<\/div>\n<div class=\"row\" style=\"max-width:1200px\" id=\"row-886352019\">\n\n\n\t<div id=\"col-2033107691\" class=\"col medium-6 small-12 large-6\"  >\n\t\t\t\t<div class=\"col-inner\"  >\n\t\t\t\n\t\t\t\n\n\n  <div class=\"banner has-hover has-parallax\" id=\"banner-857129827\">\n          <div class=\"banner-inner fill\">\n        <div class=\"banner-bg fill\" data-parallax=\"-3\" data-parallax-container=\".banner\" data-parallax-background>\n            <div class=\"bg fill bg-fill \"><\/div>\n                                    \n                    <\/div>\n\t\t\n        <div class=\"banner-layers container\">\n            <div class=\"fill banner-link\"><\/div>            \n\n\n        <\/div>\n      <\/div>\n\n            \n<style>\n#banner-857129827 {\n  padding-top: 400px;\n  background-color: rgb(255, 255, 255);\n}\n#banner-857129827 .bg.bg-loaded {\n  background-image: url(https:\/\/www.praguecitytransfers.com\/wp-content\/uploads\/2021\/08\/Obrazek-WhatsApp-2024-07-11-v-22.09.44_ba6484d2-1-scaled-1.jpg);\n}\n#banner-857129827 .bg {\n  background-position: 33% 56%;\n}\n@media (min-width:550px) {\n  #banner-857129827 {\n    padding-top: 600px;\n  }\n}\n<\/style>\n  <\/div>\n\n\n\t<div id=\"gap-859151737\" class=\"gap-element clearfix\" style=\"display:block; height:auto;\">\n\t\t\n<style>\n#gap-859151737 {\n  padding-top: 30px;\n}\n@media (min-width:550px) {\n  #gap-859151737 {\n    padding-top: 100px;\n  }\n}\n<\/style>\n\t<\/div>\n\t\n\n\t<div id=\"text-1782256488\" class=\"text\">\n\t\t\n\n<h2>F\u00fcr unsere Kunden<\/h2>\n\t\t\n<style>\n#text-1782256488 {\n  font-size: 1.5rem;\n}\n<\/style>\n\t<\/div>\n\t\n<p>Das Herzst\u00fcck unserer Dienstleistungen ist unser Engagement f\u00fcr Sie, unseren gesch\u00e4tzten Kunden. Ihre Zufriedenheit ist unsere oberste Priorit\u00e4t, und wir tun alles, um sicherzustellen, dass jede Erfahrung mit uns au\u00dfergew\u00f6hnlich ist. Von der Buchung bis zur Ankunft am Zielort sind wir bestrebt, Ihnen pers\u00f6nliche Betreuung, professionellen Service und luxuri\u00f6sen Komfort zu bieten. Vielen Dank, dass Sie sich f\u00fcr uns entschieden haben &#8211; Ihr Vertrauen spornt uns an, auch weiterhin bei jeder Reise hervorragende Leistungen zu erbringen.   <\/p>\n<a class=\"button secondary is-link\"  >\n    <span>Online-Reservierung<\/span>\n  <i class=\"icon-angle-right\" aria-hidden=\"true\" ><\/i><\/a>\n\n\n\n\t\t<\/div>\n\t\t\t\t\n<style>\n#col-2033107691 > .col-inner {\n  padding: 0px 0px 0px 1px;\n}\n@media (min-width:850px) {\n  #col-2033107691 > .col-inner {\n    padding: 50px 50px 50px 0px;\n  }\n}\n<\/style>\n\t<\/div>\n\n\t\n\n\t<div id=\"col-457991829\" class=\"col medium-6 small-12 large-6\"  >\n\t\t\t\t<div class=\"col-inner\"  >\n\t\t\t\n\t\t\t\n\n\t<div id=\"text-40388317\" class=\"text\">\n\t\t\n\n<h2>Stundenweise Miete mit Chauffeur<\/h2>\n\t\t\n<style>\n#text-40388317 {\n  font-size: 1.5rem;\n}\n<\/style>\n\t<\/div>\n\t\n<p>Unser stundenweiser Chauffeurservice bietet Ihnen die Flexibilit\u00e4t und den Komfort, den Sie f\u00fcr jeden Anlass ben\u00f6tigen. Ob f\u00fcr Gesch\u00e4ftstreffen, Stadtrundfahrten oder besondere Veranstaltungen, unsere professionellen Chauffeure und luxuri\u00f6sen Mercedes-Benz Fahrzeuge stehen Ihnen zur Verf\u00fcgung. Genie\u00dfen Sie eine nahtlose Erfahrung mit pers\u00f6nlichem Service, der sicherstellt, dass Sie mit Stil und Komfort reisen, egal wie lange Sie uns brauchen.  <\/p>\n<a class=\"button secondary is-link\"  >\n    <span>Online-Reservierung<\/span>\n  <i class=\"icon-angle-right\" aria-hidden=\"true\" ><\/i><\/a>\n\n\n\t<div id=\"gap-247225285\" class=\"gap-element clearfix\" style=\"display:block; height:auto;\">\n\t\t\n<style>\n#gap-247225285 {\n  padding-top: 30px;\n}\n@media (min-width:550px) {\n  #gap-247225285 {\n    padding-top: 80px;\n  }\n}\n<\/style>\n\t<\/div>\n\t\n\n\n  <div class=\"banner has-hover has-parallax\" id=\"banner-738284618\">\n          <div class=\"banner-inner fill\">\n        <div class=\"banner-bg fill\" data-parallax=\"-3\" data-parallax-container=\".banner\" data-parallax-background>\n            <div class=\"bg fill bg-fill \"><\/div>\n                                    \n                    <\/div>\n\t\t\n        <div class=\"banner-layers container\">\n            <div class=\"fill banner-link\"><\/div>            \n\n\n        <\/div>\n      <\/div>\n\n            \n<style>\n#banner-738284618 {\n  padding-top: 400px;\n  background-color: rgb(255, 255, 255);\n}\n#banner-738284618 .bg.bg-loaded {\n  background-image: url(https:\/\/www.praguecitytransfers.com\/wp-content\/uploads\/2024\/01\/IMG-20240116-WA0080-scaled-1.jpg);\n}\n#banner-738284618 .bg {\n  background-position: 47% 26%;\n}\n@media (min-width:550px) {\n  #banner-738284618 {\n    padding-top: 600px;\n  }\n}\n<\/style>\n  <\/div>\n\n\n\n\t\t<\/div>\n\t\t\t\t\n<style>\n#col-457991829 > .col-inner {\n  padding: 0px 0px 0px 0;\n}\n@media (min-width:550px) {\n  #col-457991829 > .col-inner {\n    padding: 50px 0px 0px 20px;\n  }\n}\n@media (min-width:850px) {\n  #col-457991829 > .col-inner {\n    padding: 50px 0px 0px 50px;\n  }\n}\n<\/style>\n\t<\/div>\n\n\t\n\n<\/div>\n\n\t\t<\/div>\n\n\t\t\n<style>\n#section_1558870654 {\n  padding-top: 30px;\n  padding-bottom: 30px;\n}\n<\/style>\n\t<\/section>\n\t\n\n","protected":false},"excerpt":{"rendered":"","protected":false},"author":1,"featured_media":0,"parent":0,"menu_order":0,"comment_status":"closed","ping_status":"closed","template":"","meta":{"inline_featured_image":false,"footnotes":""},"class_list":["post-15807","page","type-page","status-publish","hentry"],"_links":{"self":[{"href":"https:\/\/www.praguecitytransfers.com\/de\/wp-json\/wp\/v2\/pages\/15807","targetHints":{"allow":["GET"]}}],"collection":[{"href":"https:\/\/www.praguecitytransfers.com\/de\/wp-json\/wp\/v2\/pages"}],"about":[{"href":"https:\/\/www.praguecitytransfers.com\/de\/wp-json\/wp\/v2\/types\/page"}],"author":[{"embeddable":true,"href":"https:\/\/www.praguecitytransfers.com\/de\/wp-json\/wp\/v2\/users\/1"}],"replies":[{"embeddable":true,"href":"https:\/\/www.praguecitytransfers.com\/de\/wp-json\/wp\/v2\/comments?post=15807"}],"version-history":[{"count":1,"href":"https:\/\/www.praguecitytransfers.com\/de\/wp-json\/wp\/v2\/pages\/15807\/revisions"}],"predecessor-version":[{"id":15808,"href":"https:\/\/www.praguecitytransfers.com\/de\/wp-json\/wp\/v2\/pages\/15807\/revisions\/15808"}],"wp:attachment":[{"href":"https:\/\/www.praguecitytransfers.com\/de\/wp-json\/wp\/v2\/media?parent=15807"}],"curies":[{"name":"wp","href":"https:\/\/api.w.org\/{rel}","templated":true}]}}