{"id":15787,"date":"2024-09-04T01:28:11","date_gmt":"2024-09-03T23:28:11","guid":{"rendered":"https:\/\/www.praguecitytransfers.com\/fuhrpark\/"},"modified":"2024-10-11T14:15:18","modified_gmt":"2024-10-11T12:15:18","slug":"fuhrpark","status":"publish","type":"page","link":"https:\/\/www.praguecitytransfers.com\/de\/fuhrpark\/","title":{"rendered":"Fuhrpark"},"content":{"rendered":"\n\t<div id=\"gap-341302087\" class=\"gap-element clearfix\" style=\"display:block; height:auto;\">\n\t\t\n<style>\n#gap-341302087 {\n  padding-top: 50px;\n}\n<\/style>\n\t<\/div>\n\t\n\n<div class=\"row row-full-width\"  id=\"row-98272249\">\n\n\n\t<div id=\"col-1080136573\" class=\"col small-12 large-12\"  >\n\t\t\t\t<div class=\"col-inner\"  >\n\t\t\t\n\t\t\t\n\n<div class=\"row row-collapse row-full-width\"  id=\"row-809214192\">\n\n\n\t<div id=\"col-655174732\" class=\"col medium-6 small-12 large-6\"  >\n\t\t\t\t<div class=\"col-inner\"  >\n\t\t\t\n\t\t\t\n\n\n  <div class=\"banner has-hover\" id=\"banner-866463124\">\n          <div class=\"banner-inner fill\">\n        <div class=\"banner-bg fill\" >\n            <div class=\"bg fill bg-fill \"><\/div>\n                                    \n                    <\/div>\n\t\t\n        <div class=\"banner-layers container\">\n            <div class=\"fill banner-link\"><\/div>            \n\n   <div id=\"text-box-75834828\" class=\"text-box banner-layer x50 md-x50 lg-x50 y50 md-y50 lg-y50 res-text\">\n                                <div class=\"text-box-content text dark\">\n              \n              <div class=\"text-inner text-center\">\n                  \n\n\n              <\/div>\n           <\/div>\n                            \n<style>\n#text-box-75834828 {\n  width: 60%;\n}\n#text-box-75834828 .text-box-content {\n  font-size: 100%;\n}\n<\/style>\n    <\/div>\n \n\n        <\/div>\n      <\/div>\n\n            \n<style>\n#banner-866463124 {\n  padding-top: 300px;\n  background-color: rgba(255, 255, 255, 0);\n}\n#banner-866463124 .bg.bg-loaded {\n  background-image: url(https:\/\/www.praguecitytransfers.com\/wp-content\/uploads\/2024\/01\/skoda.png);\n}\n#banner-866463124 .bg {\n  background-position: 42% 62%;\n}\n@media (min-width:550px) {\n  #banner-866463124 {\n    padding-top: 350px;\n  }\n}\n@media (min-width:850px) {\n  #banner-866463124 {\n    padding-top: 425px;\n  }\n}\n<\/style>\n  <\/div>\n\n\n\n\t\t<\/div>\n\t\t\t\t\t<\/div>\n\n\t\n\n\t<div id=\"col-458710426\" class=\"col medium-6 small-12 large-6\"  >\n\t\t\t\t<div class=\"col-inner\"  >\n\t\t\t\n\t\t\t\n\n\t<section class=\"section\" id=\"section_1424200665\">\n\t\t<div class=\"bg section-bg fill bg-fill  bg-loaded\" >\n\n\t\t\t\n\t\t\t\n\t\t\t\n\n\t\t<\/div>\n\n\t\t\n\n\t\t<div class=\"section-content relative\">\n\t\t\t\n\n<div class=\"row align-center\"  id=\"row-1373503470\">\n\n\n\t<div id=\"col-1120558735\" class=\"col medium-10 small-12 large-7\"  >\n\t\t\t\t<div class=\"col-inner text-center\"  >\n\t\t\t\n\t\t\t\n\n\t<div id=\"gap-363972179\" class=\"gap-element clearfix\" style=\"display:block; height:auto;\">\n\t\t\n<style>\n#gap-363972179 {\n  padding-top: 40px;\n}\n<\/style>\n\t<\/div>\n\t\n\n\t<div id=\"text-2468835141\" class=\"text\">\n\t\t\n\n<h3>Komfortklasse<\/h3>\n\t\t\n<style>\n#text-2468835141 {\n  font-size: 2rem;\n  line-height: 0.75;\n}\n<\/style>\n\t<\/div>\n\t\n\t<div id=\"text-3214426034\" class=\"text\">\n\t\t\n\n<p>Unsere Fahrzeuge der Komfortkategorie sind so konzipiert, dass sie eine entspannende und angenehme Fahrt bieten, ohne dabei Kompromisse bei der Qualit\u00e4t einzugehen. Mit ihren ger\u00e4umigen Innenr\u00e4umen, dem geschmeidigen Fahrverhalten und der modernen Ausstattung eignen sich diese Fahrzeuge perfekt f\u00fcr allt\u00e4gliche Reisen oder l\u00e4ngere Fahrten. Ganz gleich, ob Sie gesch\u00e4ftlich oder privat unterwegs sind, unsere Komfortklasse sorgt f\u00fcr ein angenehmes und stressfreies Erlebnis und verbindet hervorragende Fahreigenschaften mit Erschwinglichkeit und Stil.  <\/p>\n\t\t\n<style>\n#text-3214426034 {\n  text-align: left;\n}\n<\/style>\n\t<\/div>\n\t\n<a class=\"button secondary\"  style=\"border-radius:99px;padding:5px 20px 5px 20px;\">\n    <span>Reservierung<\/span>\n  <\/a>\n\n\n\n\t\t<\/div>\n\t\t\t\t\t<\/div>\n\n\t\n\n<\/div>\n\n\t\t<\/div>\n\n\t\t\n<style>\n#section_1424200665 {\n  padding-top: 0px;\n  padding-bottom: 0px;\n  min-height: 300px;\n}\n@media (min-width:550px) {\n  #section_1424200665 {\n    min-height: 350px;\n  }\n}\n@media (min-width:850px) {\n  #section_1424200665 {\n    min-height: 425px;\n  }\n}\n<\/style>\n\t<\/section>\n\t\n\n\t\t<\/div>\n\t\t\t\t\t<\/div>\n\n\t\n\n<\/div>\n<div class=\"row row-collapse row-full-width\"  id=\"row-288780883\">\n\n\n\t<div id=\"col-310816107\" class=\"col medium-6 small-12 large-6\"  >\n\t\t\t\t<div class=\"col-inner\"  >\n\t\t\t\n\t\t\t\n\n\t<section class=\"section\" id=\"section_117655674\">\n\t\t<div class=\"bg section-bg fill bg-fill  bg-loaded\" >\n\n\t\t\t\n\t\t\t\n\t\t\t\n\n\t\t<\/div>\n\n\t\t\n\n\t\t<div class=\"section-content relative\">\n\t\t\t\n\n<div class=\"row align-center\"  id=\"row-1018668833\">\n\n\n\t<div id=\"col-1303405049\" class=\"col medium-11 small-12 large-7\"  >\n\t\t\t\t<div class=\"col-inner text-center\"  >\n\t\t\t\n\t\t\t\n\n\t<div id=\"gap-176934621\" class=\"gap-element clearfix\" style=\"display:block; height:auto;\">\n\t\t\n<style>\n#gap-176934621 {\n  padding-top: 40px;\n}\n<\/style>\n\t<\/div>\n\t\n\n\t<div id=\"text-1549708671\" class=\"text\">\n\t\t\n\n<h3>Business<\/h3>\n\t\t\n<style>\n#text-1549708671 {\n  font-size: 2rem;\n  line-height: 0.75;\n}\n<\/style>\n\t<\/div>\n\t\n\t<div id=\"text-2976230729\" class=\"text\">\n\t\t\n\n<p>Unsere Fahrzeuge der Business-Kategorie sind f\u00fcr den anspruchsvollen Gesch\u00e4ftsmann konzipiert. Mit schlankem Design, ger\u00e4umigen Innenr\u00e4umen und fortschrittlicher Technologie bieten diese Fahrzeuge eine ideale Umgebung f\u00fcr Arbeit oder Entspannung. Egal, ob Sie zu einem Meeting fahren oder zwischen zwei St\u00e4dten unterwegs sind, Sie werden eine nahtlose Reise mit erstklassigem Komfort, Zuverl\u00e4ssigkeit und dem Prestige genie\u00dfen, das Sie von einem Fahrzeug der Business-Klasse erwarten.  <\/p>\n\t\t\n<style>\n#text-2976230729 {\n  text-align: left;\n}\n<\/style>\n\t<\/div>\n\t\n<a class=\"button secondary\"  style=\"border-radius:99px;padding:5px 20px 5px 20px;\">\n    <span>Reservierung<\/span>\n  <\/a>\n\n\n\n\t\t<\/div>\n\t\t\t\t\t<\/div>\n\n\t\n\n<\/div>\n\n\t\t<\/div>\n\n\t\t\n<style>\n#section_117655674 {\n  padding-top: 0px;\n  padding-bottom: 0px;\n  min-height: 300px;\n}\n@media (min-width:550px) {\n  #section_117655674 {\n    min-height: 350px;\n  }\n}\n@media (min-width:850px) {\n  #section_117655674 {\n    min-height: 425px;\n  }\n}\n<\/style>\n\t<\/section>\n\t\n\n\t\t<\/div>\n\t\t\t\t\t<\/div>\n\n\t\n\n\t<div id=\"col-444235983\" class=\"col medium-6 small-12 large-6 small-col-first\"  >\n\t\t\t\t<div class=\"col-inner\"  >\n\t\t\t\n\t\t\t\n\n\n  <div class=\"banner has-hover\" id=\"banner-1445286202\">\n          <div class=\"banner-inner fill\">\n        <div class=\"banner-bg fill\" >\n            <div class=\"bg fill bg-fill \"><\/div>\n                                    \n                    <\/div>\n\t\t\n        <div class=\"banner-layers container\">\n            <div class=\"fill banner-link\"><\/div>            \n\n   <div id=\"text-box-356285013\" class=\"text-box banner-layer x50 md-x50 lg-x50 y50 md-y50 lg-y50 res-text\">\n                                <div class=\"text-box-content text dark\">\n              \n              <div class=\"text-inner text-center\">\n                  \n\n\n              <\/div>\n           <\/div>\n                            \n<style>\n#text-box-356285013 {\n  width: 60%;\n}\n#text-box-356285013 .text-box-content {\n  font-size: 100%;\n}\n<\/style>\n    <\/div>\n \n\n        <\/div>\n      <\/div>\n\n            \n<style>\n#banner-1445286202 {\n  padding-top: 300px;\n  background-color: rgba(255, 255, 255, 0);\n}\n#banner-1445286202 .bg.bg-loaded {\n  background-image: url(https:\/\/www.praguecitytransfers.com\/wp-content\/uploads\/2020\/07\/c.png);\n}\n#banner-1445286202 .bg {\n  background-position: 57% 51%;\n}\n@media (min-width:550px) {\n  #banner-1445286202 {\n    padding-top: 350px;\n  }\n}\n@media (min-width:850px) {\n  #banner-1445286202 {\n    padding-top: 425px;\n  }\n}\n<\/style>\n  <\/div>\n\n\n\n\t\t<\/div>\n\t\t\t\t\t<\/div>\n\n\t\n\n<\/div>\n\n\t\t<\/div>\n\t\t\t\t\t<\/div>\n\n\t\n\n<\/div>\n<div class=\"row row-full-width\"  id=\"row-471131091\">\n\n\n\t<div id=\"col-1571358287\" class=\"col small-12 large-12\"  >\n\t\t\t\t<div class=\"col-inner\"  >\n\t\t\t\n\t\t\t\n\n<div class=\"row row-collapse row-full-width\"  id=\"row-88399423\">\n\n\n\t<div id=\"col-1426627617\" class=\"col medium-6 small-12 large-6\"  >\n\t\t\t\t<div class=\"col-inner\"  >\n\t\t\t\n\t\t\t\n\n\n  <div class=\"banner has-hover\" id=\"banner-749645615\">\n          <div class=\"banner-inner fill\">\n        <div class=\"banner-bg fill\" >\n            <div class=\"bg fill bg-fill \"><\/div>\n                                    \n                    <\/div>\n\t\t\n        <div class=\"banner-layers container\">\n            <div class=\"fill banner-link\"><\/div>            \n\n   <div id=\"text-box-1961692550\" class=\"text-box banner-layer x50 md-x50 lg-x50 y50 md-y50 lg-y50 res-text\">\n                                <div class=\"text-box-content text dark\">\n              \n              <div class=\"text-inner text-center\">\n                  \n\n\n              <\/div>\n           <\/div>\n                            \n<style>\n#text-box-1961692550 {\n  width: 60%;\n}\n#text-box-1961692550 .text-box-content {\n  font-size: 100%;\n}\n<\/style>\n    <\/div>\n \n\n        <\/div>\n      <\/div>\n\n            \n<style>\n#banner-749645615 {\n  padding-top: 300px;\n  background-color: rgba(255, 255, 255, 0);\n}\n#banner-749645615 .bg.bg-loaded {\n  background-image: url(https:\/\/www.praguecitytransfers.com\/wp-content\/uploads\/2024\/01\/V-797x533-1.png);\n}\n#banner-749645615 .bg {\n  background-position: 42% 62%;\n}\n@media (min-width:550px) {\n  #banner-749645615 {\n    padding-top: 350px;\n  }\n}\n@media (min-width:850px) {\n  #banner-749645615 {\n    padding-top: 425px;\n  }\n}\n<\/style>\n  <\/div>\n\n\n\n\t\t<\/div>\n\t\t\t\t\t<\/div>\n\n\t\n\n\t<div id=\"col-1696080339\" class=\"col medium-6 small-12 large-6\"  >\n\t\t\t\t<div class=\"col-inner\"  >\n\t\t\t\n\t\t\t\n\n\t<section class=\"section\" id=\"section_38424309\">\n\t\t<div class=\"bg section-bg fill bg-fill  bg-loaded\" >\n\n\t\t\t\n\t\t\t\n\t\t\t\n\n\t\t<\/div>\n\n\t\t\n\n\t\t<div class=\"section-content relative\">\n\t\t\t\n\n<div class=\"row align-center\"  id=\"row-1598384630\">\n\n\n\t<div id=\"col-1019351728\" class=\"col medium-10 small-12 large-7\"  >\n\t\t\t\t<div class=\"col-inner text-center\"  >\n\t\t\t\n\t\t\t\n\n\t<div id=\"gap-1187635449\" class=\"gap-element clearfix\" style=\"display:block; height:auto;\">\n\t\t\n<style>\n#gap-1187635449 {\n  padding-top: 40px;\n}\n<\/style>\n\t<\/div>\n\t\n\n\t<div id=\"text-3336794619\" class=\"text\">\n\t\t\n\n<h3>Minivan<\/h3>\n\t\t\n<style>\n#text-3336794619 {\n  font-size: 2rem;\n  line-height: 0.75;\n}\n<\/style>\n\t<\/div>\n\t\n\t<div id=\"text-1269030946\" class=\"text\">\n\t\t\n\n<p>Unsere Minivans sind die perfekte L\u00f6sung f\u00fcr Gruppenreisen, denn sie bieten reichlich Platz, ohne dass Sie auf Komfort verzichten m\u00fcssen. Mit flexibler Sitzanordnung, moderner Ausstattung und verbesserten Sicherheitsmerkmalen sind diese Fahrzeuge ideal f\u00fcr Familienausfl\u00fcge, Betriebsausfl\u00fcge oder Gruppentransfers. Ob Sie zum Flughafen fahren oder die Stadt erkunden, unsere Minivans sorgen daf\u00fcr, dass jeder Fahrgast eine reibungslose und angenehme Reise genie\u00dft.  <\/p>\n\t\t\n<style>\n#text-1269030946 {\n  text-align: left;\n}\n<\/style>\n\t<\/div>\n\t\n<a class=\"button secondary\"  style=\"border-radius:99px;padding:5px 20px 5px 20px;\">\n    <span>Reservierung<\/span>\n  <\/a>\n\n\n\n\t\t<\/div>\n\t\t\t\t\t<\/div>\n\n\t\n\n<\/div>\n\n\t\t<\/div>\n\n\t\t\n<style>\n#section_38424309 {\n  padding-top: 0px;\n  padding-bottom: 0px;\n  min-height: 300px;\n}\n@media (min-width:550px) {\n  #section_38424309 {\n    min-height: 350px;\n  }\n}\n@media (min-width:850px) {\n  #section_38424309 {\n    min-height: 425px;\n  }\n}\n<\/style>\n\t<\/section>\n\t\n\n\t\t<\/div>\n\t\t\t\t\t<\/div>\n\n\t\n\n<\/div>\n<div class=\"row row-collapse row-full-width\"  id=\"row-1620203016\">\n\n\n\t<div id=\"col-710699411\" class=\"col medium-6 small-12 large-6\"  >\n\t\t\t\t<div class=\"col-inner\"  >\n\t\t\t\n\t\t\t\n\n\t<section class=\"section\" id=\"section_1931921162\">\n\t\t<div class=\"bg section-bg fill bg-fill  bg-loaded\" >\n\n\t\t\t\n\t\t\t\n\t\t\t\n\n\t\t<\/div>\n\n\t\t\n\n\t\t<div class=\"section-content relative\">\n\t\t\t\n\n<div class=\"row align-center\"  id=\"row-763566930\">\n\n\n\t<div id=\"col-64722135\" class=\"col medium-11 small-12 large-7\"  >\n\t\t\t\t<div class=\"col-inner text-center\"  >\n\t\t\t\n\t\t\t\n\n\t<div id=\"gap-870551464\" class=\"gap-element clearfix\" style=\"display:block; height:auto;\">\n\t\t\n<style>\n#gap-870551464 {\n  padding-top: 40px;\n}\n<\/style>\n\t<\/div>\n\t\n\n\t<div id=\"text-2607892633\" class=\"text\">\n\t\t\n\n<h3>Luxus<\/h3>\n\t\t\n<style>\n#text-2607892633 {\n  font-size: 2rem;\n  line-height: 0.75;\n}\n<\/style>\n\t<\/div>\n\t\n\t<div id=\"text-1450243176\" class=\"text\">\n\t\t\n\n<p>G\u00f6nnen Sie sich das ultimative Fahrerlebnis mit unseren Fahrzeugen der Luxusklasse. Diese Fahrzeuge zeichnen sich durch erstklassige Handwerkskunst, modernste Technologie und unvergleichlichen Komfort aus. Von pl\u00fcschigen Lederausstattungen bis hin zu fortschrittlichen Klima- und Unterhaltungssystemen ist jedes Detail darauf ausgerichtet, Ihnen ein erstklassiges Erlebnis zu bieten. Ob Sie gesch\u00e4ftlich oder privat unterwegs sind, unsere Luxusfahrzeuge sorgen daf\u00fcr, dass Sie mit Stil und Raffinesse ankommen.   <\/p>\n\t\t\n<style>\n#text-1450243176 {\n  text-align: left;\n}\n<\/style>\n\t<\/div>\n\t\n<a class=\"button secondary\"  style=\"border-radius:99px;padding:5px 20px 5px 20px;\">\n    <span>Reservierung<\/span>\n  <\/a>\n\n\n\n\t\t<\/div>\n\t\t\t\t\t<\/div>\n\n\t\n\n<\/div>\n\n\t\t<\/div>\n\n\t\t\n<style>\n#section_1931921162 {\n  padding-top: 0px;\n  padding-bottom: 0px;\n  min-height: 300px;\n}\n@media (min-width:550px) {\n  #section_1931921162 {\n    min-height: 350px;\n  }\n}\n@media (min-width:850px) {\n  #section_1931921162 {\n    min-height: 425px;\n  }\n}\n<\/style>\n\t<\/section>\n\t\n\n\t\t<\/div>\n\t\t\t\t\t<\/div>\n\n\t\n\n\t<div id=\"col-227482864\" class=\"col medium-6 small-12 large-6 small-col-first\"  >\n\t\t\t\t<div class=\"col-inner\"  >\n\t\t\t\n\t\t\t\n\n\n  <div class=\"banner has-hover\" id=\"banner-221854349\">\n          <div class=\"banner-inner fill\">\n        <div class=\"banner-bg fill\" >\n            <div class=\"bg fill bg-fill \"><\/div>\n                                    \n                    <\/div>\n\t\t\n        <div class=\"banner-layers container\">\n            <div class=\"fill banner-link\"><\/div>            \n\n   <div id=\"text-box-395599485\" class=\"text-box banner-layer x50 md-x50 lg-x50 y50 md-y50 lg-y50 res-text\">\n                                <div class=\"text-box-content text dark\">\n              \n              <div class=\"text-inner text-center\">\n                  \n\n\n              <\/div>\n           <\/div>\n                            \n<style>\n#text-box-395599485 {\n  width: 60%;\n}\n#text-box-395599485 .text-box-content {\n  font-size: 100%;\n}\n<\/style>\n    <\/div>\n \n\n        <\/div>\n      <\/div>\n\n            \n<style>\n#banner-221854349 {\n  padding-top: 300px;\n  background-color: rgba(255, 255, 255, 0);\n}\n#banner-221854349 .bg.bg-loaded {\n  background-image: url(https:\/\/www.praguecitytransfers.com\/wp-content\/uploads\/2024\/01\/mercedes_22s580elphevamgln4wdsd7b_angularfront-600x400-1.png);\n}\n#banner-221854349 .bg {\n  background-position: 57% 51%;\n}\n@media (min-width:550px) {\n  #banner-221854349 {\n    padding-top: 350px;\n  }\n}\n@media (min-width:850px) {\n  #banner-221854349 {\n    padding-top: 425px;\n  }\n}\n<\/style>\n  <\/div>\n\n\n\n\t\t<\/div>\n\t\t\t\t\t<\/div>\n\n\t\n\n<\/div>\n\n\t\t<\/div>\n\t\t\t\t\t<\/div>\n\n\t\n\n<\/div>\n<div class=\"row row-full-width\"  id=\"row-477109329\">\n\n\n\t<div id=\"col-291102887\" class=\"col small-12 large-12\"  >\n\t\t\t\t<div class=\"col-inner\"  >\n\t\t\t\n\t\t\t\n\n<div class=\"row row-collapse row-full-width\"  id=\"row-1954887193\">\n\n\n\t<div id=\"col-1099424392\" class=\"col medium-6 small-12 large-6\"  >\n\t\t\t\t<div class=\"col-inner\"  >\n\t\t\t\n\t\t\t\n\n\n  <div class=\"banner has-hover\" id=\"banner-266193183\">\n          <div class=\"banner-inner fill\">\n        <div class=\"banner-bg fill\" >\n            <div class=\"bg fill bg-fill \"><\/div>\n                                    \n                    <\/div>\n\t\t\n        <div class=\"banner-layers container\">\n            <div class=\"fill banner-link\"><\/div>            \n\n   <div id=\"text-box-1125573351\" class=\"text-box banner-layer x50 md-x50 lg-x50 y50 md-y50 lg-y50 res-text\">\n                                <div class=\"text-box-content text dark\">\n              \n              <div class=\"text-inner text-center\">\n                  \n\n\n              <\/div>\n           <\/div>\n                            \n<style>\n#text-box-1125573351 {\n  width: 60%;\n}\n#text-box-1125573351 .text-box-content {\n  font-size: 100%;\n}\n<\/style>\n    <\/div>\n \n\n        <\/div>\n      <\/div>\n\n            \n<style>\n#banner-266193183 {\n  padding-top: 300px;\n  background-color: rgba(255, 255, 255, 0);\n}\n#banner-266193183 .bg.bg-loaded {\n  background-image: url(https:\/\/www.praguecitytransfers.com\/wp-content\/uploads\/2024\/05\/mercedes-benz-sprinter-tourer.png);\n}\n#banner-266193183 .bg {\n  background-position: 42% 62%;\n}\n@media (min-width:550px) {\n  #banner-266193183 {\n    padding-top: 350px;\n  }\n}\n@media (min-width:850px) {\n  #banner-266193183 {\n    padding-top: 425px;\n  }\n}\n<\/style>\n  <\/div>\n\n\n\n\t\t<\/div>\n\t\t\t\t\t<\/div>\n\n\t\n\n\t<div id=\"col-474603514\" class=\"col medium-6 small-12 large-6\"  >\n\t\t\t\t<div class=\"col-inner\"  >\n\t\t\t\n\t\t\t\n\n\t<section class=\"section\" id=\"section_1874487196\">\n\t\t<div class=\"bg section-bg fill bg-fill  bg-loaded\" >\n\n\t\t\t\n\t\t\t\n\t\t\t\n\n\t\t<\/div>\n\n\t\t\n\n\t\t<div class=\"section-content relative\">\n\t\t\t\n\n<div class=\"row align-center\"  id=\"row-426938759\">\n\n\n\t<div id=\"col-274779647\" class=\"col medium-10 small-12 large-7\"  >\n\t\t\t\t<div class=\"col-inner text-center\"  >\n\t\t\t\n\t\t\t\n\n\t<div id=\"gap-889934691\" class=\"gap-element clearfix\" style=\"display:block; height:auto;\">\n\t\t\n<style>\n#gap-889934691 {\n  padding-top: 40px;\n}\n<\/style>\n\t<\/div>\n\t\n\n\t<div id=\"text-3935816230\" class=\"text\">\n\t\t\n\n<h3>Minibus<\/h3>\n\t\t\n<style>\n#text-3935816230 {\n  font-size: 2rem;\n  line-height: 0.75;\n}\n<\/style>\n\t<\/div>\n\t\n\t<div id=\"text-1709227935\" class=\"text\">\n\t\t\n\n<p>F\u00fcr gr\u00f6\u00dfere Gruppen bieten unsere Minibusse die perfekte Kombination aus Platz, Komfort und Bequemlichkeit. Unsere Minibusse sind so konzipiert, dass sie mehr Fahrg\u00e4ste aufnehmen k\u00f6nnen und dennoch ein erstklassiges Reiseerlebnis bieten. Sie sind mit bequemen Sitzen, reichlich Gep\u00e4ckraum und modernen Annehmlichkeiten ausgestattet. Diese Fahrzeuge sind ideal f\u00fcr Firmenveranstaltungen, Gruppenreisen oder Flughafentransfers und sorgen daf\u00fcr, dass jeder bequem reisen kann.  <\/p>\n\t\t\n<style>\n#text-1709227935 {\n  text-align: left;\n}\n<\/style>\n\t<\/div>\n\t\n<a class=\"button secondary\"  style=\"border-radius:99px;padding:5px 20px 5px 20px;\">\n    <span>Reservierung<\/span>\n  <\/a>\n\n\n\n\t\t<\/div>\n\t\t\t\t\t<\/div>\n\n\t\n\n<\/div>\n\n\t\t<\/div>\n\n\t\t\n<style>\n#section_1874487196 {\n  padding-top: 0px;\n  padding-bottom: 0px;\n  min-height: 300px;\n}\n@media (min-width:550px) {\n  #section_1874487196 {\n    min-height: 350px;\n  }\n}\n@media (min-width:850px) {\n  #section_1874487196 {\n    min-height: 425px;\n  }\n}\n<\/style>\n\t<\/section>\n\t\n\n\t\t<\/div>\n\t\t\t\t\t<\/div>\n\n\t\n\n<\/div>\n<div class=\"row row-collapse row-full-width\"  id=\"row-551673318\">\n\n\n\t<div id=\"col-1581912567\" class=\"col medium-6 small-12 large-6\"  >\n\t\t\t\t<div class=\"col-inner\"  >\n\t\t\t\n\t\t\t\n\n\t<section class=\"section\" id=\"section_986659796\">\n\t\t<div class=\"bg section-bg fill bg-fill  bg-loaded\" >\n\n\t\t\t\n\t\t\t\n\t\t\t\n\n\t\t<\/div>\n\n\t\t\n\n\t\t<div class=\"section-content relative\">\n\t\t\t\n\n<div class=\"row align-center\"  id=\"row-1428009456\">\n\n\n\t<div id=\"col-787053000\" class=\"col medium-11 small-12 large-7\"  >\n\t\t\t\t<div class=\"col-inner text-center\"  >\n\t\t\t\n\t\t\t\n\n\t<div id=\"gap-1680749216\" class=\"gap-element clearfix\" style=\"display:block; height:auto;\">\n\t\t\n<style>\n#gap-1680749216 {\n  padding-top: 40px;\n}\n<\/style>\n\t<\/div>\n\t\n\n\t<div id=\"text-3746360406\" class=\"text\">\n\t\t\n\n<h3>Business minivan<\/h3>\n\n\t\t\n<style>\n#text-3746360406 {\n  font-size: 2rem;\n  line-height: 0.75;\n}\n<\/style>\n\t<\/div>\n\t\n\t<div id=\"text-2013694445\" class=\"text\">\n\t\t\n\n<p>Die V-Klasse ist perfekt f\u00fcr alle, die sowohl Luxus als auch Platz brauchen. Diese Fahrzeuge kombinieren die hochwertige Ausstattung eines Luxuswagens mit der Praktikabilit\u00e4t eines Minivans. Mit ihrem eleganten Design, dem ger\u00e4umigen Innenraum und der erstklassigen Ausstattung ist die V-Klasse die perfekte L\u00f6sung f\u00fcr Gruppenreisen, ohne auf Komfort oder Eleganz verzichten zu m\u00fcssen. Diese Kategorie ist ideal f\u00fcr Transfers von F\u00fchrungskr\u00e4ften, Familienausfl\u00fcge oder besondere Veranstaltungen und garantiert eine anspruchsvolle und komfortable Reise f\u00fcr alle.   <\/p>\n\t\t\n<style>\n#text-2013694445 {\n  text-align: left;\n}\n<\/style>\n\t<\/div>\n\t\n<a class=\"button secondary\"  style=\"border-radius:99px;padding:5px 20px 5px 20px;\">\n    <span>Reservierung<\/span>\n  <\/a>\n\n\n\n\t\t<\/div>\n\t\t\t\t\t<\/div>\n\n\t\n\n<\/div>\n\n\t\t<\/div>\n\n\t\t\n<style>\n#section_986659796 {\n  padding-top: 0px;\n  padding-bottom: 0px;\n  min-height: 300px;\n}\n@media (min-width:550px) {\n  #section_986659796 {\n    min-height: 350px;\n  }\n}\n@media (min-width:850px) {\n  #section_986659796 {\n    min-height: 425px;\n  }\n}\n<\/style>\n\t<\/section>\n\t\n\n\t\t<\/div>\n\t\t\t\t\t<\/div>\n\n\t\n\n\t<div id=\"col-932262602\" class=\"col medium-6 small-12 large-6 small-col-first\"  >\n\t\t\t\t<div class=\"col-inner\"  >\n\t\t\t\n\t\t\t\n\n\n  <div class=\"banner has-hover\" id=\"banner-1637047201\">\n          <div class=\"banner-inner fill\">\n        <div class=\"banner-bg fill\" >\n            <div class=\"bg fill bg-fill \"><\/div>\n                                    \n                    <\/div>\n\t\t\n        <div class=\"banner-layers container\">\n            <div class=\"fill banner-link\"><\/div>            \n\n   <div id=\"text-box-1426210968\" class=\"text-box banner-layer x50 md-x50 lg-x50 y50 md-y50 lg-y50 res-text\">\n                                <div class=\"text-box-content text dark\">\n              \n              <div class=\"text-inner text-center\">\n                  \n\n\n              <\/div>\n           <\/div>\n                            \n<style>\n#text-box-1426210968 {\n  width: 60%;\n}\n#text-box-1426210968 .text-box-content {\n  font-size: 100%;\n}\n<\/style>\n    <\/div>\n \n\n        <\/div>\n      <\/div>\n\n            \n<style>\n#banner-1637047201 {\n  padding-top: 300px;\n  background-color: rgba(255, 255, 255, 0);\n}\n#banner-1637047201 .bg.bg-loaded {\n  background-image: url(https:\/\/www.praguecitytransfers.com\/wp-content\/uploads\/2024\/09\/V-class.png);\n}\n#banner-1637047201 .bg {\n  background-position: 24% 52%;\n}\n@media (min-width:550px) {\n  #banner-1637047201 {\n    padding-top: 350px;\n  }\n}\n@media (min-width:850px) {\n  #banner-1637047201 {\n    padding-top: 425px;\n  }\n}\n<\/style>\n  <\/div>\n\n\n\n\t\t<\/div>\n\t\t\t\t\t<\/div>\n\n\t\n\n<\/div>\n\n\t\t<\/div>\n\t\t\t\t\t<\/div>\n\n\t\n\n<\/div>\n\n","protected":false},"excerpt":{"rendered":"","protected":false},"author":1,"featured_media":0,"parent":0,"menu_order":0,"comment_status":"closed","ping_status":"closed","template":"page-blank.php","meta":{"inline_featured_image":false,"footnotes":""},"class_list":["post-15787","page","type-page","status-publish","hentry"],"_links":{"self":[{"href":"https:\/\/www.praguecitytransfers.com\/de\/wp-json\/wp\/v2\/pages\/15787","targetHints":{"allow":["GET"]}}],"collection":[{"href":"https:\/\/www.praguecitytransfers.com\/de\/wp-json\/wp\/v2\/pages"}],"about":[{"href":"https:\/\/www.praguecitytransfers.com\/de\/wp-json\/wp\/v2\/types\/page"}],"author":[{"embeddable":true,"href":"https:\/\/www.praguecitytransfers.com\/de\/wp-json\/wp\/v2\/users\/1"}],"replies":[{"embeddable":true,"href":"https:\/\/www.praguecitytransfers.com\/de\/wp-json\/wp\/v2\/comments?post=15787"}],"version-history":[{"count":1,"href":"https:\/\/www.praguecitytransfers.com\/de\/wp-json\/wp\/v2\/pages\/15787\/revisions"}],"predecessor-version":[{"id":15788,"href":"https:\/\/www.praguecitytransfers.com\/de\/wp-json\/wp\/v2\/pages\/15787\/revisions\/15788"}],"wp:attachment":[{"href":"https:\/\/www.praguecitytransfers.com\/de\/wp-json\/wp\/v2\/media?parent=15787"}],"curies":[{"name":"wp","href":"https:\/\/api.w.org\/{rel}","templated":true}]}}