{"id":15803,"date":"2024-09-04T00:13:12","date_gmt":"2024-09-03T22:13:12","guid":{"rendered":"https:\/\/www.praguecitytransfers.com\/sluzby\/"},"modified":"2024-10-11T14:38:22","modified_gmt":"2024-10-11T12:38:22","slug":"sluzby","status":"publish","type":"page","link":"https:\/\/www.praguecitytransfers.com\/cs\/sluzby\/","title":{"rendered":"Slu\u017eby"},"content":{"rendered":"\n\t<section class=\"section\" id=\"section_851083989\">\n\t\t<div class=\"bg section-bg fill bg-fill  bg-loaded\" >\n\n\t\t\t\n\t\t\t\n\t\t\t\n\n\t\t<\/div>\n\n\t\t\n\n\t\t<div class=\"section-content relative\">\n\t\t\t\n\n<div class=\"row\" style=\"max-width:1200px\" id=\"row-1659203408\">\n\n\n\t<div id=\"col-1112516840\" class=\"col medium-6 small-12 large-5\"  >\n\t\t\t\t<div class=\"col-inner\"  >\n\t\t\t\n\t\t\t\n\n\t<div id=\"gap-723980422\" class=\"gap-element clearfix\" style=\"display:block; height:auto;\">\n\t\t\n<style>\n#gap-723980422 {\n  padding-top: 60px;\n}\n<\/style>\n\t<\/div>\n\t\n\n\t<div id=\"text-2968420752\" class=\"text\">\n\t\t\n\n<h1>Na\u0161e slu\u017eby<\/h1>\n\t\t\n<style>\n#text-2968420752 {\n  font-size: 2.75rem;\n}\n<\/style>\n\t<\/div>\n\t\n\n\t\t<\/div>\n\t\t\t\t\t<\/div>\n\n\t\n\n<\/div>\n<div class=\"row\" style=\"max-width:1200px\" id=\"row-900927546\">\n\n\n\t<div id=\"col-1909887278\" class=\"col small-12 large-12\"  >\n\t\t\t\t<div class=\"col-inner\"  >\n\t\t\t\n\t\t\t\n\n<div class=\"row align-bottom\" style=\"max-width:1200px\" id=\"row-40456522\">\n\n\n\t<div id=\"col-1079509155\" class=\"col medium-12 small-12 large-6\"  >\n\t\t\t\t<div class=\"col-inner\"  >\n\t\t\t\n\t\t\t\n\n\t<div id=\"text-1707890250\" class=\"text\">\n\t\t\n\n<h2>Luxusn\u00ed vozidla zna\u010dky Mercedes s \u0159idi\u010dem<\/h2>\n\t\t\n<style>\n#text-1707890250 {\n  font-size: 1.5rem;\n}\n<\/style>\n\t<\/div>\n\t\n<p>Za\u017eijte jedine\u010dnou p\u00e9\u010di a profesionalitu s na\u0161\u00ed slu\u017ebou VIP transferu. Specializujeme se na pron\u00e1jem luxusn\u00edch vozidel s \u0159idi\u010dem pro transfery z leti\u0161t\u011b, obchodn\u00ed cesty, hodinov\u00e9 pron\u00e1jmy a p\u0159epravu vl\u00e1dn\u00edch a diplomatick\u00fdch delegac\u00ed. S\u00eddl\u00edme v Praze a obsluhujeme klienty po cel\u00e9 \u010cesk\u00e9 republice a EU. Cestujte stylov\u011b a pohodln\u011b s na\u0161\u00ed exkluzivn\u00ed flotilou vozidel Mercedes-Benz, kter\u00e1 v\u00e1m zajist\u00ed prvot\u0159\u00eddn\u00ed z\u00e1\u017eitek od za\u010d\u00e1tku a\u017e do konce.   <\/p>\n<a class=\"button secondary is-link\"  >\n    <span>Rezervace online<\/span>\n  <i class=\"icon-angle-right\" aria-hidden=\"true\" ><\/i><\/a>\n\n\n\n\t\t<\/div>\n\t\t\t\t\t<\/div>\n\n\t\n\n\t<div id=\"col-338804469\" class=\"col medium-12 small-12 large-6 medium-col-first\"  >\n\t\t\t\t<div class=\"col-inner\"  >\n\t\t\t\n\t\t\t\n\n\n  <div class=\"banner has-hover has-parallax\" id=\"banner-265870528\">\n          <div class=\"banner-inner fill\">\n        <div class=\"banner-bg fill\" data-parallax=\"-3\" data-parallax-container=\".banner\" data-parallax-background>\n            <div class=\"bg fill bg-fill \"><\/div>\n                                    \n                    <\/div>\n\t\t\n        <div class=\"banner-layers container\">\n            <div class=\"fill banner-link\"><\/div>            \n\n\n        <\/div>\n      <\/div>\n\n            \n<style>\n#banner-265870528 {\n  padding-top: 400px;\n  background-color: rgb(255, 255, 255);\n}\n#banner-265870528 .bg.bg-loaded {\n  background-image: url(https:\/\/www.praguecitytransfers.com\/wp-content\/uploads\/2024\/05\/hlavni-1.jpg);\n}\n#banner-265870528 .bg {\n  background-position: 78% 33%;\n}\n@media (min-width:550px) {\n  #banner-265870528 {\n    padding-top: 600px;\n  }\n}\n@media (min-width:850px) {\n  #banner-265870528 {\n    padding-top: 700px;\n  }\n}\n<\/style>\n  <\/div>\n\n\n\n\t\t<\/div>\n\t\t\t\t\n<style>\n#col-338804469 > .col-inner {\n  padding: 0px 0px 30px 0px;\n  margin: -70px 0px 0px 0px;\n}\n@media (min-width:850px) {\n  #col-338804469 > .col-inner {\n    margin: -260px 0px 0px 0px;\n  }\n}\n<\/style>\n\t<\/div>\n\n\t\n\n<\/div>\n\n\t\t<\/div>\n\t\t\t\t\t<\/div>\n\n\t\n\n<\/div>\n<div class=\"row\" style=\"max-width:1200px\" id=\"row-104225215\">\n\n\n\t<div id=\"col-1149544485\" class=\"col medium-11 small-12 large-8\"  >\n\t\t\t\t<div class=\"col-inner\"  >\n\t\t\t\n\t\t\t\n\n\t<div id=\"gap-1545015656\" class=\"gap-element clearfix\" style=\"display:block; height:auto;\">\n\t\t\n<style>\n#gap-1545015656 {\n  padding-top: 30px;\n}\n<\/style>\n\t<\/div>\n\t\n\n\n  <div class=\"banner has-hover has-parallax\" id=\"banner-1829730031\">\n          <div class=\"banner-inner fill\">\n        <div class=\"banner-bg fill\" data-parallax=\"-3\" data-parallax-container=\".banner\" data-parallax-background>\n            <div class=\"bg fill bg-fill \"><\/div>\n                                    \n                    <\/div>\n\t\t\n        <div class=\"banner-layers container\">\n            <div class=\"fill banner-link\"><\/div>            \n\n\n        <\/div>\n      <\/div>\n\n            \n<style>\n#banner-1829730031 {\n  padding-top: 300px;\n  background-color: rgb(249, 245, 229);\n}\n#banner-1829730031 .bg.bg-loaded {\n  background-image: url(https:\/\/www.praguecitytransfers.com\/wp-content\/uploads\/2021\/08\/Obrazek-WhatsApp-2024-07-11-v-22.17.14_61423e4c-1-scaled-1.jpg);\n}\n#banner-1829730031 .bg {\n  background-position: 56% 35%;\n}\n@media (min-width:550px) {\n  #banner-1829730031 {\n    padding-top: 500px;\n  }\n}\n<\/style>\n  <\/div>\n\n\n\n\t\t<\/div>\n\t\t\t\t\t<\/div>\n\n\t\n\n<\/div>\n<div class=\"row align-right\" style=\"max-width:1200px\" id=\"row-1915439201\">\n\n\n\t<div id=\"col-541078802\" class=\"col medium-8 small-12 large-6\"  >\n\t\t\t\t<div class=\"col-inner\" style=\"background-color:rgb(255, 255, 255);\" >\n\t\t\t\n\t\t\t\n\n\t<div id=\"text-992971693\" class=\"text\">\n\t\t\n\n<h2>Individu\u00e1ln\u00ed p\u0159\u00edstup<\/h2>\n\t\t\n<style>\n#text-992971693 {\n  font-size: 1.5rem;\n}\n<\/style>\n\t<\/div>\n\t\n<p>Nab\u00edz\u00edme individu\u00e1ln\u00ed p\u0159\u00edstup s profesion\u00e1ln\u00edmi \u0159idi\u010di a pohodln\u00fdmi vozy p\u0159izp\u016fsoben\u00fdmi ka\u017ed\u00e9 ud\u00e1losti. N\u00e1\u0161 vozov\u00fd park Mercedes-Benz je p\u0159ipraven na ka\u017edou p\u0159\u00edle\u017eitost a zaji\u0161\u0165uje, bez ohledu na jej\u00ed velikost, m\u00edsto kon\u00e1n\u00ed nebo presti\u017e, se dostane stejn\u00e9 v\u00fdjime\u010dn\u00e9 p\u00e9\u010de a pozornosti. <\/p>\n<a class=\"button secondary is-link\"  >\n    <span>Rezervace online<\/span>\n  <i class=\"icon-angle-right\" aria-hidden=\"true\" ><\/i><\/a>\n\n\n\n\t\t<\/div>\n\t\t\t\t\n<style>\n#col-541078802 > .col-inner {\n  padding: 10% 10% 10% 10%;\n  margin: -42px -42px 0px 0px;\n}\n@media (min-width:550px) {\n  #col-541078802 > .col-inner {\n    margin: -317px -42px 0px 0px;\n  }\n}\n<\/style>\n\t<\/div>\n\n\t\n\n<\/div>\n<div class=\"row\" style=\"max-width:1200px\" id=\"row-1785054913\">\n\n\n\t<div id=\"col-1222438075\" class=\"col medium-6 small-12 large-6\"  >\n\t\t\t\t<div class=\"col-inner\"  >\n\t\t\t\n\t\t\t\n\n\n  <div class=\"banner has-hover has-parallax\" id=\"banner-901365093\">\n          <div class=\"banner-inner fill\">\n        <div class=\"banner-bg fill\" data-parallax=\"-3\" data-parallax-container=\".banner\" data-parallax-background>\n            <div class=\"bg fill bg-fill \"><\/div>\n                                    \n                    <\/div>\n\t\t\n        <div class=\"banner-layers container\">\n            <div class=\"fill banner-link\"><\/div>            \n\n\n        <\/div>\n      <\/div>\n\n            \n<style>\n#banner-901365093 {\n  padding-top: 400px;\n  background-color: rgb(255, 255, 255);\n}\n#banner-901365093 .bg.bg-loaded {\n  background-image: url(https:\/\/www.praguecitytransfers.com\/wp-content\/uploads\/2021\/08\/Obrazek-WhatsApp-2024-07-11-v-22.09.44_ba6484d2-1-scaled-1.jpg);\n}\n#banner-901365093 .bg {\n  background-position: 33% 56%;\n}\n@media (min-width:550px) {\n  #banner-901365093 {\n    padding-top: 600px;\n  }\n}\n<\/style>\n  <\/div>\n\n\n\t<div id=\"gap-1096461130\" class=\"gap-element clearfix\" style=\"display:block; height:auto;\">\n\t\t\n<style>\n#gap-1096461130 {\n  padding-top: 30px;\n}\n@media (min-width:550px) {\n  #gap-1096461130 {\n    padding-top: 100px;\n  }\n}\n<\/style>\n\t<\/div>\n\t\n\n\t<div id=\"text-1072995961\" class=\"text\">\n\t\t\n\n<h2>Pro na\u0161e klienty<\/h2>\n\t\t\n<style>\n#text-1072995961 {\n  font-size: 1.5rem;\n}\n<\/style>\n\t<\/div>\n\t\n<p>Z\u00e1kladem na\u0161ich slu\u017eeb je z\u00e1vazek v\u016f\u010di v\u00e1m, na\u0161im v\u00e1\u017een\u00fdm z\u00e1kazn\u00edk\u016fm. Va\u0161e spokojenost je pro n\u00e1s nejvy\u0161\u0161\u00ed prioritou a sna\u017e\u00edme se, aby ka\u017ed\u00e1 zku\u0161enost s n\u00e1mi byla v\u00fdjime\u010dn\u00e1. Od okam\u017eiku rezervace a\u017e po c\u00edlovou destinaci se sna\u017e\u00edme poskytovat osobn\u00ed p\u0159\u00edstup, profesion\u00e1ln\u00ed slu\u017eby a luxusn\u00ed pohodl\u00ed. D\u011bkujeme, \u017ee jste si n\u00e1s vybrali &#8211; va\u0161e d\u016fv\u011bra n\u00e1s inspiruje k tomu, abychom i nad\u00e1le poskytovali dokonalost p\u0159i ka\u017ed\u00e9 cest\u011b.   <\/p>\n<a class=\"button secondary is-link\"  >\n    <span>Rezervace online<\/span>\n  <i class=\"icon-angle-right\" aria-hidden=\"true\" ><\/i><\/a>\n\n\n\n\t\t<\/div>\n\t\t\t\t\n<style>\n#col-1222438075 > .col-inner {\n  padding: 0px 0px 0px 1px;\n}\n@media (min-width:850px) {\n  #col-1222438075 > .col-inner {\n    padding: 50px 50px 50px 0px;\n  }\n}\n<\/style>\n\t<\/div>\n\n\t\n\n\t<div id=\"col-1667834726\" class=\"col medium-6 small-12 large-6\"  >\n\t\t\t\t<div class=\"col-inner\"  >\n\t\t\t\n\t\t\t\n\n\t<div id=\"text-3072705448\" class=\"text\">\n\t\t\n\n<h2>Hodinov\u00fd pron\u00e1jem s \u0159idi\u010dem<\/h2>\n\t\t\n<style>\n#text-3072705448 {\n  font-size: 1.5rem;\n}\n<\/style>\n\t<\/div>\n\t\n<p>Na\u0161e hodinov\u00e9 slu\u017eby \u0159idi\u010de nab\u00edzej\u00ed flexibilitu a pohodl\u00ed, kter\u00e9 pot\u0159ebujete pro ka\u017edou p\u0159\u00edle\u017eitost. Na\u0161i profesion\u00e1ln\u00ed \u0159idi\u010di a luxusn\u00ed vozidla Mercedes-Benz jsou v\u00e1m k dispozici, a\u0165 u\u017e se jedn\u00e1 o obchodn\u00ed sch\u016fzky, prohl\u00eddky m\u011bsta nebo speci\u00e1ln\u00ed akce. U\u017eijte si bezprobl\u00e9mov\u00fd z\u00e1\u017eitek s individu\u00e1ln\u00edmi slu\u017ebami, kter\u00e9 v\u00e1m zajist\u00ed stylov\u00e9 a pohodln\u00e9 cestov\u00e1n\u00ed bez ohledu na to, jak dlouho n\u00e1s budete pot\u0159ebovat.  <\/p>\n<a class=\"button secondary is-link\"  >\n    <span>Rezervace online<\/span>\n  <i class=\"icon-angle-right\" aria-hidden=\"true\" ><\/i><\/a>\n\n\n\t<div id=\"gap-42670614\" class=\"gap-element clearfix\" style=\"display:block; height:auto;\">\n\t\t\n<style>\n#gap-42670614 {\n  padding-top: 30px;\n}\n@media (min-width:550px) {\n  #gap-42670614 {\n    padding-top: 80px;\n  }\n}\n<\/style>\n\t<\/div>\n\t\n\n\n  <div class=\"banner has-hover has-parallax\" id=\"banner-1150644638\">\n          <div class=\"banner-inner fill\">\n        <div class=\"banner-bg fill\" data-parallax=\"-3\" data-parallax-container=\".banner\" data-parallax-background>\n            <div class=\"bg fill bg-fill \"><\/div>\n                                    \n                    <\/div>\n\t\t\n        <div class=\"banner-layers container\">\n            <div class=\"fill banner-link\"><\/div>            \n\n\n        <\/div>\n      <\/div>\n\n            \n<style>\n#banner-1150644638 {\n  padding-top: 400px;\n  background-color: rgb(255, 255, 255);\n}\n#banner-1150644638 .bg.bg-loaded {\n  background-image: url(https:\/\/www.praguecitytransfers.com\/wp-content\/uploads\/2024\/01\/IMG-20240116-WA0080-scaled-1.jpg);\n}\n#banner-1150644638 .bg {\n  background-position: 47% 26%;\n}\n@media (min-width:550px) {\n  #banner-1150644638 {\n    padding-top: 600px;\n  }\n}\n<\/style>\n  <\/div>\n\n\n\n\t\t<\/div>\n\t\t\t\t\n<style>\n#col-1667834726 > .col-inner {\n  padding: 0px 0px 0px 0;\n}\n@media (min-width:550px) {\n  #col-1667834726 > .col-inner {\n    padding: 50px 0px 0px 20px;\n  }\n}\n@media (min-width:850px) {\n  #col-1667834726 > .col-inner {\n    padding: 50px 0px 0px 50px;\n  }\n}\n<\/style>\n\t<\/div>\n\n\t\n\n<\/div>\n\n\t\t<\/div>\n\n\t\t\n<style>\n#section_851083989 {\n  padding-top: 30px;\n  padding-bottom: 30px;\n}\n<\/style>\n\t<\/section>\n\t\n\n","protected":false},"excerpt":{"rendered":"","protected":false},"author":1,"featured_media":0,"parent":0,"menu_order":0,"comment_status":"closed","ping_status":"closed","template":"","meta":{"inline_featured_image":false,"footnotes":""},"class_list":["post-15803","page","type-page","status-publish","hentry"],"_links":{"self":[{"href":"https:\/\/www.praguecitytransfers.com\/cs\/wp-json\/wp\/v2\/pages\/15803","targetHints":{"allow":["GET"]}}],"collection":[{"href":"https:\/\/www.praguecitytransfers.com\/cs\/wp-json\/wp\/v2\/pages"}],"about":[{"href":"https:\/\/www.praguecitytransfers.com\/cs\/wp-json\/wp\/v2\/types\/page"}],"author":[{"embeddable":true,"href":"https:\/\/www.praguecitytransfers.com\/cs\/wp-json\/wp\/v2\/users\/1"}],"replies":[{"embeddable":true,"href":"https:\/\/www.praguecitytransfers.com\/cs\/wp-json\/wp\/v2\/comments?post=15803"}],"version-history":[{"count":1,"href":"https:\/\/www.praguecitytransfers.com\/cs\/wp-json\/wp\/v2\/pages\/15803\/revisions"}],"predecessor-version":[{"id":15804,"href":"https:\/\/www.praguecitytransfers.com\/cs\/wp-json\/wp\/v2\/pages\/15803\/revisions\/15804"}],"wp:attachment":[{"href":"https:\/\/www.praguecitytransfers.com\/cs\/wp-json\/wp\/v2\/media?parent=15803"}],"curies":[{"name":"wp","href":"https:\/\/api.w.org\/{rel}","templated":true}]}}