{"id":15799,"date":"2024-09-04T00:26:02","date_gmt":"2024-09-03T22:26:02","guid":{"rendered":"https:\/\/www.praguecitytransfers.com\/dekujeme\/"},"modified":"2024-10-11T14:34:41","modified_gmt":"2024-10-11T12:34:41","slug":"dekujeme","status":"publish","type":"page","link":"https:\/\/www.praguecitytransfers.com\/cs\/dekujeme\/","title":{"rendered":"D\u011bkujeme!"},"content":{"rendered":"\n\t<section class=\"section\" id=\"section_812404377\">\n\t\t<div class=\"bg section-bg fill bg-fill  bg-loaded\" >\n\n\t\t\t\n\t\t\t\n\t\t\t\n\n\t\t<\/div>\n\n\t\t\n\n\t\t<div class=\"section-content relative\">\n\t\t\t\n\n\t<div id=\"text-3532427384\" class=\"text\">\n\t\t\n\n<h2>D\u011bkujeme za va\u0161i rezervaci!<\/h2>\n\t\t\n<style>\n#text-3532427384 {\n  text-align: center;\n}\n<\/style>\n\t<\/div>\n\t\n<div class=\"row\"  id=\"row-852480946\">\n\n\n\t<div id=\"col-244862415\" class=\"col small-12 large-12\"  >\n\t\t\t\t<div class=\"col-inner\"  >\n\t\t\t\n\t\t\t\n\n<p>T\u011b\u0161\u00edme se, \u017ee se k n\u00e1m p\u0159ipoj\u00edte! Va\u0161e rezervace byla <strong>\u00fasp\u011b\u0161n\u011b potvrzena.<\/strong> <\/p>\n<p>Pokud pot\u0159ebujete prov\u00e9st n\u011bjak\u00e9 zm\u011bny nebo m\u00e1te speci\u00e1ln\u00ed po\u017eadavky, nev\u00e1hejte n\u00e1s kontaktovat na \u010d\u00edsle <a href=\"tel:+420792800430\">+420 792 800 430<\/a>. T\u011b\u0161\u00edme se, \u017ee v\u00e1m poskytneme v\u00fdjime\u010dn\u00fd z\u00e1\u017eitek. <\/p>\n<p><strong>Uvid\u00edme se brzy!<\/strong><\/p>\n<a href=\"https:\/\/www.praguecitytransfers.com\/cs\/\" target=\"_self\" class=\"button success\"  style=\"border-radius:99px;\">\n    <span>Zp\u011bt na hlavn\u00ed str\u00e1nku<\/span>\n  <\/a>\n\n\n\n\t\t<\/div>\n\t\t\t\t\t<\/div>\n\n\t\n\n<\/div>\n\n\t\t<\/div>\n\n\t\t\n<style>\n#section_812404377 {\n  padding-top: 30px;\n  padding-bottom: 30px;\n}\n<\/style>\n\t<\/section>\n\t\n\n","protected":false},"excerpt":{"rendered":"","protected":false},"author":1,"featured_media":0,"parent":0,"menu_order":0,"comment_status":"closed","ping_status":"closed","template":"page-blank.php","meta":{"inline_featured_image":false,"footnotes":""},"class_list":["post-15799","page","type-page","status-publish","hentry"],"_links":{"self":[{"href":"https:\/\/www.praguecitytransfers.com\/cs\/wp-json\/wp\/v2\/pages\/15799","targetHints":{"allow":["GET"]}}],"collection":[{"href":"https:\/\/www.praguecitytransfers.com\/cs\/wp-json\/wp\/v2\/pages"}],"about":[{"href":"https:\/\/www.praguecitytransfers.com\/cs\/wp-json\/wp\/v2\/types\/page"}],"author":[{"embeddable":true,"href":"https:\/\/www.praguecitytransfers.com\/cs\/wp-json\/wp\/v2\/users\/1"}],"replies":[{"embeddable":true,"href":"https:\/\/www.praguecitytransfers.com\/cs\/wp-json\/wp\/v2\/comments?post=15799"}],"version-history":[{"count":1,"href":"https:\/\/www.praguecitytransfers.com\/cs\/wp-json\/wp\/v2\/pages\/15799\/revisions"}],"predecessor-version":[{"id":15800,"href":"https:\/\/www.praguecitytransfers.com\/cs\/wp-json\/wp\/v2\/pages\/15799\/revisions\/15800"}],"wp:attachment":[{"href":"https:\/\/www.praguecitytransfers.com\/cs\/wp-json\/wp\/v2\/media?parent=15799"}],"curies":[{"name":"wp","href":"https:\/\/api.w.org\/{rel}","templated":true}]}}