{"id":15783,"date":"2024-09-04T01:28:11","date_gmt":"2024-09-03T23:28:11","guid":{"rendered":"https:\/\/www.praguecitytransfers.com\/vozovy-park\/"},"modified":"2024-10-11T14:09:34","modified_gmt":"2024-10-11T12:09:34","slug":"vozovy-park","status":"publish","type":"page","link":"https:\/\/www.praguecitytransfers.com\/cs\/vozovy-park\/","title":{"rendered":"Vozov\u00fd park"},"content":{"rendered":"\n\t<div id=\"gap-1447379147\" class=\"gap-element clearfix\" style=\"display:block; height:auto;\">\n\t\t\n<style>\n#gap-1447379147 {\n  padding-top: 50px;\n}\n<\/style>\n\t<\/div>\n\t\n\n<div class=\"row row-full-width\"  id=\"row-613785493\">\n\n\n\t<div id=\"col-1561448448\" class=\"col small-12 large-12\"  >\n\t\t\t\t<div class=\"col-inner\"  >\n\t\t\t\n\t\t\t\n\n<div class=\"row row-collapse row-full-width\"  id=\"row-1912177659\">\n\n\n\t<div id=\"col-1581422444\" class=\"col medium-6 small-12 large-6\"  >\n\t\t\t\t<div class=\"col-inner\"  >\n\t\t\t\n\t\t\t\n\n\n  <div class=\"banner has-hover\" id=\"banner-173556397\">\n          <div class=\"banner-inner fill\">\n        <div class=\"banner-bg fill\" >\n            <div class=\"bg fill bg-fill \"><\/div>\n                                    \n                    <\/div>\n\t\t\n        <div class=\"banner-layers container\">\n            <div class=\"fill banner-link\"><\/div>            \n\n   <div id=\"text-box-1600113741\" class=\"text-box banner-layer x50 md-x50 lg-x50 y50 md-y50 lg-y50 res-text\">\n                                <div class=\"text-box-content text dark\">\n              \n              <div class=\"text-inner text-center\">\n                  \n\n\n              <\/div>\n           <\/div>\n                            \n<style>\n#text-box-1600113741 {\n  width: 60%;\n}\n#text-box-1600113741 .text-box-content {\n  font-size: 100%;\n}\n<\/style>\n    <\/div>\n \n\n        <\/div>\n      <\/div>\n\n            \n<style>\n#banner-173556397 {\n  padding-top: 300px;\n  background-color: rgba(255, 255, 255, 0);\n}\n#banner-173556397 .bg.bg-loaded {\n  background-image: url(https:\/\/www.praguecitytransfers.com\/wp-content\/uploads\/2024\/01\/skoda.png);\n}\n#banner-173556397 .bg {\n  background-position: 42% 62%;\n}\n@media (min-width:550px) {\n  #banner-173556397 {\n    padding-top: 350px;\n  }\n}\n@media (min-width:850px) {\n  #banner-173556397 {\n    padding-top: 425px;\n  }\n}\n<\/style>\n  <\/div>\n\n\n\n\t\t<\/div>\n\t\t\t\t\t<\/div>\n\n\t\n\n\t<div id=\"col-1022328892\" class=\"col medium-6 small-12 large-6\"  >\n\t\t\t\t<div class=\"col-inner\"  >\n\t\t\t\n\t\t\t\n\n\t<section class=\"section\" id=\"section_420914305\">\n\t\t<div class=\"bg section-bg fill bg-fill  bg-loaded\" >\n\n\t\t\t\n\t\t\t\n\t\t\t\n\n\t\t<\/div>\n\n\t\t\n\n\t\t<div class=\"section-content relative\">\n\t\t\t\n\n<div class=\"row align-center\"  id=\"row-817958447\">\n\n\n\t<div id=\"col-1284190838\" class=\"col medium-10 small-12 large-7\"  >\n\t\t\t\t<div class=\"col-inner text-center\"  >\n\t\t\t\n\t\t\t\n\n\t<div id=\"gap-1740705339\" class=\"gap-element clearfix\" style=\"display:block; height:auto;\">\n\t\t\n<style>\n#gap-1740705339 {\n  padding-top: 40px;\n}\n<\/style>\n\t<\/div>\n\t\n\n\t<div id=\"text-2467803560\" class=\"text\">\n\t\t\n\n<h3>Komfort<\/h3>\n\t\t\n<style>\n#text-2467803560 {\n  font-size: 2rem;\n  line-height: 0.75;\n}\n<\/style>\n\t<\/div>\n\t\n\t<div id=\"text-1334345993\" class=\"text\">\n\t\t\n\n<p>Na\u0161e vozy komfort jsou navr\u017eeny tak, aby poskytovaly pohodovou a p\u0159\u00edjemnou j\u00edzdu bez kompromis\u016f v kvalit\u011b. D\u00edky prostorn\u00e9mu interi\u00e9ru, plynul\u00e9mu ovl\u00e1d\u00e1n\u00ed a modern\u00ed v\u00fdbav\u011b jsou tyto vozy ide\u00e1ln\u00ed pro ka\u017edodenn\u00ed cestov\u00e1n\u00ed i del\u0161\u00ed cesty. A\u0165 u\u017e cestujete slu\u017eebn\u011b, nebo na dovolenou, na\u0161e komfortn\u00ed t\u0159\u00edda v\u00e1m zajist\u00ed p\u0159\u00edjemn\u00fd z\u00e1\u017eitek bez stresu a kombinuje vynikaj\u00edc\u00ed j\u00edzdn\u00ed vlastnosti s cenovou dostupnost\u00ed a stylem.  <\/p>\n\t\t\n<style>\n#text-1334345993 {\n  text-align: left;\n}\n<\/style>\n\t<\/div>\n\t\n<a class=\"button secondary\"  style=\"border-radius:99px;padding:5px 20px 5px 20px;\">\n    <span>Rezervace<\/span>\n  <\/a>\n\n\n\n\t\t<\/div>\n\t\t\t\t\t<\/div>\n\n\t\n\n<\/div>\n\n\t\t<\/div>\n\n\t\t\n<style>\n#section_420914305 {\n  padding-top: 0px;\n  padding-bottom: 0px;\n  min-height: 300px;\n}\n@media (min-width:550px) {\n  #section_420914305 {\n    min-height: 350px;\n  }\n}\n@media (min-width:850px) {\n  #section_420914305 {\n    min-height: 425px;\n  }\n}\n<\/style>\n\t<\/section>\n\t\n\n\t\t<\/div>\n\t\t\t\t\t<\/div>\n\n\t\n\n<\/div>\n<div class=\"row row-collapse row-full-width\"  id=\"row-1242948594\">\n\n\n\t<div id=\"col-743552855\" class=\"col medium-6 small-12 large-6\"  >\n\t\t\t\t<div class=\"col-inner\"  >\n\t\t\t\n\t\t\t\n\n\t<section class=\"section\" id=\"section_592776357\">\n\t\t<div class=\"bg section-bg fill bg-fill  bg-loaded\" >\n\n\t\t\t\n\t\t\t\n\t\t\t\n\n\t\t<\/div>\n\n\t\t\n\n\t\t<div class=\"section-content relative\">\n\t\t\t\n\n<div class=\"row align-center\"  id=\"row-1226201890\">\n\n\n\t<div id=\"col-669530125\" class=\"col medium-11 small-12 large-7\"  >\n\t\t\t\t<div class=\"col-inner text-center\"  >\n\t\t\t\n\t\t\t\n\n\t<div id=\"gap-1721917342\" class=\"gap-element clearfix\" style=\"display:block; height:auto;\">\n\t\t\n<style>\n#gap-1721917342 {\n  padding-top: 40px;\n}\n<\/style>\n\t<\/div>\n\t\n\n\t<div id=\"text-2143362136\" class=\"text\">\n\t\t\n\n<h3>Business<\/h3>\n\t\t\n<style>\n#text-2143362136 {\n  font-size: 2rem;\n  line-height: 0.75;\n}\n<\/style>\n\t<\/div>\n\t\n\t<div id=\"text-3196704267\" class=\"text\">\n\t\t\n\n<p>Business vozy jsou ur\u010deny pro n\u00e1ro\u010dn\u00e9 profesion\u00e1ly. D\u00edky elegantn\u00edmu designu, prostorn\u00e9mu interi\u00e9ru a pokro\u010dil\u00fdm technologi\u00edm nab\u00edzej\u00ed tato vozidla ide\u00e1ln\u00ed prost\u0159ed\u00ed pro pr\u00e1ci i odpo\u010dinek. A\u0165 u\u017e m\u00ed\u0159\u00edte na sch\u016fzku nebo cestujete mezi m\u011bsty, u\u017eijete si bezprobl\u00e9movou cestu se \u0161pi\u010dkov\u00fdm komfortem, spolehlivost\u00ed a presti\u017e\u00ed, kterou od j\u00edzdy v business t\u0159\u00edd\u011b o\u010dek\u00e1v\u00e1te.  <\/p>\n\t\t\n<style>\n#text-3196704267 {\n  text-align: left;\n}\n<\/style>\n\t<\/div>\n\t\n<a class=\"button secondary\"  style=\"border-radius:99px;padding:5px 20px 5px 20px;\">\n    <span>Rezervace<\/span>\n  <\/a>\n\n\n\n\t\t<\/div>\n\t\t\t\t\t<\/div>\n\n\t\n\n<\/div>\n\n\t\t<\/div>\n\n\t\t\n<style>\n#section_592776357 {\n  padding-top: 0px;\n  padding-bottom: 0px;\n  min-height: 300px;\n}\n@media (min-width:550px) {\n  #section_592776357 {\n    min-height: 350px;\n  }\n}\n@media (min-width:850px) {\n  #section_592776357 {\n    min-height: 425px;\n  }\n}\n<\/style>\n\t<\/section>\n\t\n\n\t\t<\/div>\n\t\t\t\t\t<\/div>\n\n\t\n\n\t<div id=\"col-1047946465\" class=\"col medium-6 small-12 large-6 small-col-first\"  >\n\t\t\t\t<div class=\"col-inner\"  >\n\t\t\t\n\t\t\t\n\n\n  <div class=\"banner has-hover\" id=\"banner-295516160\">\n          <div class=\"banner-inner fill\">\n        <div class=\"banner-bg fill\" >\n            <div class=\"bg fill bg-fill \"><\/div>\n                                    \n                    <\/div>\n\t\t\n        <div class=\"banner-layers container\">\n            <div class=\"fill banner-link\"><\/div>            \n\n   <div id=\"text-box-337439131\" class=\"text-box banner-layer x50 md-x50 lg-x50 y50 md-y50 lg-y50 res-text\">\n                                <div class=\"text-box-content text dark\">\n              \n              <div class=\"text-inner text-center\">\n                  \n\n\n              <\/div>\n           <\/div>\n                            \n<style>\n#text-box-337439131 {\n  width: 60%;\n}\n#text-box-337439131 .text-box-content {\n  font-size: 100%;\n}\n<\/style>\n    <\/div>\n \n\n        <\/div>\n      <\/div>\n\n            \n<style>\n#banner-295516160 {\n  padding-top: 300px;\n  background-color: rgba(255, 255, 255, 0);\n}\n#banner-295516160 .bg.bg-loaded {\n  background-image: url(https:\/\/www.praguecitytransfers.com\/wp-content\/uploads\/2020\/07\/c.png);\n}\n#banner-295516160 .bg {\n  background-position: 57% 51%;\n}\n@media (min-width:550px) {\n  #banner-295516160 {\n    padding-top: 350px;\n  }\n}\n@media (min-width:850px) {\n  #banner-295516160 {\n    padding-top: 425px;\n  }\n}\n<\/style>\n  <\/div>\n\n\n\n\t\t<\/div>\n\t\t\t\t\t<\/div>\n\n\t\n\n<\/div>\n\n\t\t<\/div>\n\t\t\t\t\t<\/div>\n\n\t\n\n<\/div>\n<div class=\"row row-full-width\"  id=\"row-1596913838\">\n\n\n\t<div id=\"col-980468985\" class=\"col small-12 large-12\"  >\n\t\t\t\t<div class=\"col-inner\"  >\n\t\t\t\n\t\t\t\n\n<div class=\"row row-collapse row-full-width\"  id=\"row-381991277\">\n\n\n\t<div id=\"col-1029891455\" class=\"col medium-6 small-12 large-6\"  >\n\t\t\t\t<div class=\"col-inner\"  >\n\t\t\t\n\t\t\t\n\n\n  <div class=\"banner has-hover\" id=\"banner-1809807205\">\n          <div class=\"banner-inner fill\">\n        <div class=\"banner-bg fill\" >\n            <div class=\"bg fill bg-fill \"><\/div>\n                                    \n                    <\/div>\n\t\t\n        <div class=\"banner-layers container\">\n            <div class=\"fill banner-link\"><\/div>            \n\n   <div id=\"text-box-503751435\" class=\"text-box banner-layer x50 md-x50 lg-x50 y50 md-y50 lg-y50 res-text\">\n                                <div class=\"text-box-content text dark\">\n              \n              <div class=\"text-inner text-center\">\n                  \n\n\n              <\/div>\n           <\/div>\n                            \n<style>\n#text-box-503751435 {\n  width: 60%;\n}\n#text-box-503751435 .text-box-content {\n  font-size: 100%;\n}\n<\/style>\n    <\/div>\n \n\n        <\/div>\n      <\/div>\n\n            \n<style>\n#banner-1809807205 {\n  padding-top: 300px;\n  background-color: rgba(255, 255, 255, 0);\n}\n#banner-1809807205 .bg.bg-loaded {\n  background-image: url(https:\/\/www.praguecitytransfers.com\/wp-content\/uploads\/2024\/01\/V-797x533-1.png);\n}\n#banner-1809807205 .bg {\n  background-position: 42% 62%;\n}\n@media (min-width:550px) {\n  #banner-1809807205 {\n    padding-top: 350px;\n  }\n}\n@media (min-width:850px) {\n  #banner-1809807205 {\n    padding-top: 425px;\n  }\n}\n<\/style>\n  <\/div>\n\n\n\n\t\t<\/div>\n\t\t\t\t\t<\/div>\n\n\t\n\n\t<div id=\"col-1506568200\" class=\"col medium-6 small-12 large-6\"  >\n\t\t\t\t<div class=\"col-inner\"  >\n\t\t\t\n\t\t\t\n\n\t<section class=\"section\" id=\"section_329642864\">\n\t\t<div class=\"bg section-bg fill bg-fill  bg-loaded\" >\n\n\t\t\t\n\t\t\t\n\t\t\t\n\n\t\t<\/div>\n\n\t\t\n\n\t\t<div class=\"section-content relative\">\n\t\t\t\n\n<div class=\"row align-center\"  id=\"row-1650785753\">\n\n\n\t<div id=\"col-259729606\" class=\"col medium-10 small-12 large-7\"  >\n\t\t\t\t<div class=\"col-inner text-center\"  >\n\t\t\t\n\t\t\t\n\n\t<div id=\"gap-2103859008\" class=\"gap-element clearfix\" style=\"display:block; height:auto;\">\n\t\t\n<style>\n#gap-2103859008 {\n  padding-top: 40px;\n}\n<\/style>\n\t<\/div>\n\t\n\n\t<div id=\"text-4039658018\" class=\"text\">\n\t\t\n\n<h3>Minivan<\/h3>\n\t\t\n<style>\n#text-4039658018 {\n  font-size: 2rem;\n  line-height: 0.75;\n}\n<\/style>\n\t<\/div>\n\t\n\t<div id=\"text-427267555\" class=\"text\">\n\t\t\n\n<p>Na\u0161e minivany jsou ide\u00e1ln\u00edm \u0159e\u0161en\u00edm pro skupinov\u00e9 cestov\u00e1n\u00ed, proto\u017ee poskytuj\u00ed dostatek prostoru bez omezen\u00ed pohodl\u00ed. D\u00edky flexibiln\u00edmu uspo\u0159\u00e1d\u00e1n\u00ed sedadel, modern\u00edmu vybaven\u00ed a vylep\u0161en\u00fdm bezpe\u010dnostn\u00edm prvk\u016fm jsou tato vozidla ide\u00e1ln\u00ed pro rodinn\u00e9 v\u00fdlety, firemn\u00ed v\u00fdlety nebo skupinov\u00e9 transfery. A\u0165 u\u017e m\u00ed\u0159\u00edte na leti\u0161t\u011b nebo na prohl\u00eddku m\u011bsta, na\u0161e minivany zajist\u00ed, \u017ee si ka\u017ed\u00fd cestuj\u00edc\u00ed u\u017eije hladkou a p\u0159\u00edjemnou cestu.  <\/p>\n\t\t\n<style>\n#text-427267555 {\n  text-align: left;\n}\n<\/style>\n\t<\/div>\n\t\n<a class=\"button secondary\"  style=\"border-radius:99px;padding:5px 20px 5px 20px;\">\n    <span>Rezervace<\/span>\n  <\/a>\n\n\n\n\t\t<\/div>\n\t\t\t\t\t<\/div>\n\n\t\n\n<\/div>\n\n\t\t<\/div>\n\n\t\t\n<style>\n#section_329642864 {\n  padding-top: 0px;\n  padding-bottom: 0px;\n  min-height: 300px;\n}\n@media (min-width:550px) {\n  #section_329642864 {\n    min-height: 350px;\n  }\n}\n@media (min-width:850px) {\n  #section_329642864 {\n    min-height: 425px;\n  }\n}\n<\/style>\n\t<\/section>\n\t\n\n\t\t<\/div>\n\t\t\t\t\t<\/div>\n\n\t\n\n<\/div>\n<div class=\"row row-collapse row-full-width\"  id=\"row-1241119787\">\n\n\n\t<div id=\"col-1559639160\" class=\"col medium-6 small-12 large-6\"  >\n\t\t\t\t<div class=\"col-inner\"  >\n\t\t\t\n\t\t\t\n\n\t<section class=\"section\" id=\"section_1377726510\">\n\t\t<div class=\"bg section-bg fill bg-fill  bg-loaded\" >\n\n\t\t\t\n\t\t\t\n\t\t\t\n\n\t\t<\/div>\n\n\t\t\n\n\t\t<div class=\"section-content relative\">\n\t\t\t\n\n<div class=\"row align-center\"  id=\"row-1302065185\">\n\n\n\t<div id=\"col-2046379696\" class=\"col medium-11 small-12 large-7\"  >\n\t\t\t\t<div class=\"col-inner text-center\"  >\n\t\t\t\n\t\t\t\n\n\t<div id=\"gap-1278230295\" class=\"gap-element clearfix\" style=\"display:block; height:auto;\">\n\t\t\n<style>\n#gap-1278230295 {\n  padding-top: 40px;\n}\n<\/style>\n\t<\/div>\n\t\n\n\t<div id=\"text-3573283384\" class=\"text\">\n\t\t\n\n<h3>Luxury<\/h3>\n\t\t\n<style>\n#text-3573283384 {\n  font-size: 2rem;\n  line-height: 0.75;\n}\n<\/style>\n\t<\/div>\n\t\n\t<div id=\"text-1751954393\" class=\"text\">\n\t\t\n\n<p>Dop\u0159ejte si dokonal\u00fd z\u00e1\u017eitek z j\u00edzdy s na\u0161imi vozidly Luxury kategorie. Tyto vozy se mohou pochlubit \u0161pi\u010dkov\u00fdm zpracov\u00e1n\u00edm, nejmodern\u011bj\u0161\u00edmi technologiemi a bezkonkuren\u010dn\u00edm komfortem. Ka\u017ed\u00fd detail je navr\u017een tak, aby poskytoval prvot\u0159\u00eddn\u00ed z\u00e1\u017eitek &#8211; od ply\u0161ov\u00e9ho ko\u017een\u00e9ho interi\u00e9ru a\u017e po vysp\u011blou klimatizaci a z\u00e1bavn\u00ed syst\u00e9my. A\u0165 u\u017e jedete na slu\u017eebn\u00ed cestu nebo za z\u00e1bavou, na\u0161e luxusn\u00ed vozy v\u00e1m zajist\u00ed stylov\u00fd a kultivovan\u00fd p\u0159\u00edjezd.   <\/p>\n\t\t\n<style>\n#text-1751954393 {\n  text-align: left;\n}\n<\/style>\n\t<\/div>\n\t\n<a class=\"button secondary\"  style=\"border-radius:99px;padding:5px 20px 5px 20px;\">\n    <span>Rezervace<\/span>\n  <\/a>\n\n\n\n\t\t<\/div>\n\t\t\t\t\t<\/div>\n\n\t\n\n<\/div>\n\n\t\t<\/div>\n\n\t\t\n<style>\n#section_1377726510 {\n  padding-top: 0px;\n  padding-bottom: 0px;\n  min-height: 300px;\n}\n@media (min-width:550px) {\n  #section_1377726510 {\n    min-height: 350px;\n  }\n}\n@media (min-width:850px) {\n  #section_1377726510 {\n    min-height: 425px;\n  }\n}\n<\/style>\n\t<\/section>\n\t\n\n\t\t<\/div>\n\t\t\t\t\t<\/div>\n\n\t\n\n\t<div id=\"col-87009487\" class=\"col medium-6 small-12 large-6 small-col-first\"  >\n\t\t\t\t<div class=\"col-inner\"  >\n\t\t\t\n\t\t\t\n\n\n  <div class=\"banner has-hover\" id=\"banner-515113956\">\n          <div class=\"banner-inner fill\">\n        <div class=\"banner-bg fill\" >\n            <div class=\"bg fill bg-fill \"><\/div>\n                                    \n                    <\/div>\n\t\t\n        <div class=\"banner-layers container\">\n            <div class=\"fill banner-link\"><\/div>            \n\n   <div id=\"text-box-1928327670\" class=\"text-box banner-layer x50 md-x50 lg-x50 y50 md-y50 lg-y50 res-text\">\n                                <div class=\"text-box-content text dark\">\n              \n              <div class=\"text-inner text-center\">\n                  \n\n\n              <\/div>\n           <\/div>\n                            \n<style>\n#text-box-1928327670 {\n  width: 60%;\n}\n#text-box-1928327670 .text-box-content {\n  font-size: 100%;\n}\n<\/style>\n    <\/div>\n \n\n        <\/div>\n      <\/div>\n\n            \n<style>\n#banner-515113956 {\n  padding-top: 300px;\n  background-color: rgba(255, 255, 255, 0);\n}\n#banner-515113956 .bg.bg-loaded {\n  background-image: url(https:\/\/www.praguecitytransfers.com\/wp-content\/uploads\/2024\/01\/mercedes_22s580elphevamgln4wdsd7b_angularfront-600x400-1.png);\n}\n#banner-515113956 .bg {\n  background-position: 57% 51%;\n}\n@media (min-width:550px) {\n  #banner-515113956 {\n    padding-top: 350px;\n  }\n}\n@media (min-width:850px) {\n  #banner-515113956 {\n    padding-top: 425px;\n  }\n}\n<\/style>\n  <\/div>\n\n\n\n\t\t<\/div>\n\t\t\t\t\t<\/div>\n\n\t\n\n<\/div>\n\n\t\t<\/div>\n\t\t\t\t\t<\/div>\n\n\t\n\n<\/div>\n<div class=\"row row-full-width\"  id=\"row-1605784229\">\n\n\n\t<div id=\"col-151930410\" class=\"col small-12 large-12\"  >\n\t\t\t\t<div class=\"col-inner\"  >\n\t\t\t\n\t\t\t\n\n<div class=\"row row-collapse row-full-width\"  id=\"row-1994460583\">\n\n\n\t<div id=\"col-164453866\" class=\"col medium-6 small-12 large-6\"  >\n\t\t\t\t<div class=\"col-inner\"  >\n\t\t\t\n\t\t\t\n\n\n  <div class=\"banner has-hover\" id=\"banner-89189659\">\n          <div class=\"banner-inner fill\">\n        <div class=\"banner-bg fill\" >\n            <div class=\"bg fill bg-fill \"><\/div>\n                                    \n                    <\/div>\n\t\t\n        <div class=\"banner-layers container\">\n            <div class=\"fill banner-link\"><\/div>            \n\n   <div id=\"text-box-209215470\" class=\"text-box banner-layer x50 md-x50 lg-x50 y50 md-y50 lg-y50 res-text\">\n                                <div class=\"text-box-content text dark\">\n              \n              <div class=\"text-inner text-center\">\n                  \n\n\n              <\/div>\n           <\/div>\n                            \n<style>\n#text-box-209215470 {\n  width: 60%;\n}\n#text-box-209215470 .text-box-content {\n  font-size: 100%;\n}\n<\/style>\n    <\/div>\n \n\n        <\/div>\n      <\/div>\n\n            \n<style>\n#banner-89189659 {\n  padding-top: 300px;\n  background-color: rgba(255, 255, 255, 0);\n}\n#banner-89189659 .bg.bg-loaded {\n  background-image: url(https:\/\/www.praguecitytransfers.com\/wp-content\/uploads\/2024\/05\/mercedes-benz-sprinter-tourer.png);\n}\n#banner-89189659 .bg {\n  background-position: 42% 62%;\n}\n@media (min-width:550px) {\n  #banner-89189659 {\n    padding-top: 350px;\n  }\n}\n@media (min-width:850px) {\n  #banner-89189659 {\n    padding-top: 425px;\n  }\n}\n<\/style>\n  <\/div>\n\n\n\n\t\t<\/div>\n\t\t\t\t\t<\/div>\n\n\t\n\n\t<div id=\"col-2080388770\" class=\"col medium-6 small-12 large-6\"  >\n\t\t\t\t<div class=\"col-inner\"  >\n\t\t\t\n\t\t\t\n\n\t<section class=\"section\" id=\"section_1886944556\">\n\t\t<div class=\"bg section-bg fill bg-fill  bg-loaded\" >\n\n\t\t\t\n\t\t\t\n\t\t\t\n\n\t\t<\/div>\n\n\t\t\n\n\t\t<div class=\"section-content relative\">\n\t\t\t\n\n<div class=\"row align-center\"  id=\"row-253701746\">\n\n\n\t<div id=\"col-1116631442\" class=\"col medium-10 small-12 large-7\"  >\n\t\t\t\t<div class=\"col-inner text-center\"  >\n\t\t\t\n\t\t\t\n\n\t<div id=\"gap-2682663\" class=\"gap-element clearfix\" style=\"display:block; height:auto;\">\n\t\t\n<style>\n#gap-2682663 {\n  padding-top: 40px;\n}\n<\/style>\n\t<\/div>\n\t\n\n\t<div id=\"text-872663647\" class=\"text\">\n\t\t\n\n<h3>Minibus<\/h3>\n\t\t\n<style>\n#text-872663647 {\n  font-size: 2rem;\n  line-height: 0.75;\n}\n<\/style>\n\t<\/div>\n\t\n\t<div id=\"text-3050875128\" class=\"text\">\n\t\t\n\n<p>Na\u0161e minibusy pro v\u011bt\u0161\u00ed skupiny nab\u00edzej\u00ed dokonalou kombinaci prostoru, pohodl\u00ed a komfortu. Na\u0161e minibusy jsou navr\u017eeny tak, aby se do nich ve\u0161lo v\u00edce cestuj\u00edc\u00edch a z\u00e1rove\u0148 poskytovaly prvot\u0159\u00eddn\u00ed z\u00e1\u017eitek z cestov\u00e1n\u00ed, a jsou vybaveny pohodln\u00fdmi sedadly, velk\u00fdm prostorem pro zavazadla a modern\u00edm vybaven\u00edm. Tato vozidla jsou ide\u00e1ln\u00ed pro firemn\u00ed akce, skupinov\u00e9 v\u00fdlety nebo transfery z leti\u0161t\u011b a zaji\u0161\u0165uj\u00ed, \u017ee v\u0161ichni cestuj\u00ed v pohodl\u00ed.  <\/p>\n\t\t\n<style>\n#text-3050875128 {\n  text-align: left;\n}\n<\/style>\n\t<\/div>\n\t\n<a class=\"button secondary\"  style=\"border-radius:99px;padding:5px 20px 5px 20px;\">\n    <span>Rezervace<\/span>\n  <\/a>\n\n\n\n\t\t<\/div>\n\t\t\t\t\t<\/div>\n\n\t\n\n<\/div>\n\n\t\t<\/div>\n\n\t\t\n<style>\n#section_1886944556 {\n  padding-top: 0px;\n  padding-bottom: 0px;\n  min-height: 300px;\n}\n@media (min-width:550px) {\n  #section_1886944556 {\n    min-height: 350px;\n  }\n}\n@media (min-width:850px) {\n  #section_1886944556 {\n    min-height: 425px;\n  }\n}\n<\/style>\n\t<\/section>\n\t\n\n\t\t<\/div>\n\t\t\t\t\t<\/div>\n\n\t\n\n<\/div>\n<div class=\"row row-collapse row-full-width\"  id=\"row-63267679\">\n\n\n\t<div id=\"col-1065358991\" class=\"col medium-6 small-12 large-6\"  >\n\t\t\t\t<div class=\"col-inner\"  >\n\t\t\t\n\t\t\t\n\n\t<section class=\"section\" id=\"section_1592879283\">\n\t\t<div class=\"bg section-bg fill bg-fill  bg-loaded\" >\n\n\t\t\t\n\t\t\t\n\t\t\t\n\n\t\t<\/div>\n\n\t\t\n\n\t\t<div class=\"section-content relative\">\n\t\t\t\n\n<div class=\"row align-center\"  id=\"row-366481935\">\n\n\n\t<div id=\"col-681228407\" class=\"col medium-11 small-12 large-7\"  >\n\t\t\t\t<div class=\"col-inner text-center\"  >\n\t\t\t\n\t\t\t\n\n\t<div id=\"gap-1589231639\" class=\"gap-element clearfix\" style=\"display:block; height:auto;\">\n\t\t\n<style>\n#gap-1589231639 {\n  padding-top: 40px;\n}\n<\/style>\n\t<\/div>\n\t\n\n\t<div id=\"text-3938132437\" class=\"text\">\n\t\t\n\n<h3>Business minivan<\/h3>\n\n\t\t\n<style>\n#text-3938132437 {\n  font-size: 2rem;\n  line-height: 0.75;\n}\n<\/style>\n\t<\/div>\n\t\n\t<div id=\"text-1047555595\" class=\"text\">\n\t\t\n\n<p>Kategorie t\u0159\u00eddy V je ide\u00e1ln\u00ed pro ty, kte\u0159\u00ed pot\u0159ebuj\u00ed luxus i prostor. Tyto vozy kombinuj\u00ed \u0161pi\u010dkov\u00e9 vlastnosti luxusn\u00edch voz\u016f s prakti\u010dnost\u00ed minivan\u016f. D\u00edky stylov\u00e9mu designu, prostorn\u00e9mu interi\u00e9ru a \u0161pi\u010dkov\u00e9 v\u00fdbav\u011b nab\u00edz\u00ed t\u0159\u00edda V dokonal\u00e9 \u0159e\u0161en\u00ed pro skupinov\u00e9 cestov\u00e1n\u00ed, ani\u017e by bylo nutn\u00e9 ob\u011btovat pohodl\u00ed nebo eleganci. Tato kategorie je ide\u00e1ln\u00ed pro transfery vedouc\u00edch pracovn\u00edk\u016f, rodinn\u00e9 v\u00fdlety nebo speci\u00e1ln\u00ed ud\u00e1losti a zaji\u0161\u0165uje sofistikovanou a pohodlnou cestu pro v\u0161echny.   <\/p>\n\t\t\n<style>\n#text-1047555595 {\n  text-align: left;\n}\n<\/style>\n\t<\/div>\n\t\n<a class=\"button secondary\"  style=\"border-radius:99px;padding:5px 20px 5px 20px;\">\n    <span>Rezervace<\/span>\n  <\/a>\n\n\n\n\t\t<\/div>\n\t\t\t\t\t<\/div>\n\n\t\n\n<\/div>\n\n\t\t<\/div>\n\n\t\t\n<style>\n#section_1592879283 {\n  padding-top: 0px;\n  padding-bottom: 0px;\n  min-height: 300px;\n}\n@media (min-width:550px) {\n  #section_1592879283 {\n    min-height: 350px;\n  }\n}\n@media (min-width:850px) {\n  #section_1592879283 {\n    min-height: 425px;\n  }\n}\n<\/style>\n\t<\/section>\n\t\n\n\t\t<\/div>\n\t\t\t\t\t<\/div>\n\n\t\n\n\t<div id=\"col-1181488342\" class=\"col medium-6 small-12 large-6 small-col-first\"  >\n\t\t\t\t<div class=\"col-inner\"  >\n\t\t\t\n\t\t\t\n\n\n  <div class=\"banner has-hover\" id=\"banner-1478199031\">\n          <div class=\"banner-inner fill\">\n        <div class=\"banner-bg fill\" >\n            <div class=\"bg fill bg-fill \"><\/div>\n                                    \n                    <\/div>\n\t\t\n        <div class=\"banner-layers container\">\n            <div class=\"fill banner-link\"><\/div>            \n\n   <div id=\"text-box-665288059\" class=\"text-box banner-layer x50 md-x50 lg-x50 y50 md-y50 lg-y50 res-text\">\n                                <div class=\"text-box-content text dark\">\n              \n              <div class=\"text-inner text-center\">\n                  \n\n\n              <\/div>\n           <\/div>\n                            \n<style>\n#text-box-665288059 {\n  width: 60%;\n}\n#text-box-665288059 .text-box-content {\n  font-size: 100%;\n}\n<\/style>\n    <\/div>\n \n\n        <\/div>\n      <\/div>\n\n            \n<style>\n#banner-1478199031 {\n  padding-top: 300px;\n  background-color: rgba(255, 255, 255, 0);\n}\n#banner-1478199031 .bg.bg-loaded {\n  background-image: url(https:\/\/www.praguecitytransfers.com\/wp-content\/uploads\/2024\/09\/V-class.png);\n}\n#banner-1478199031 .bg {\n  background-position: 24% 52%;\n}\n@media (min-width:550px) {\n  #banner-1478199031 {\n    padding-top: 350px;\n  }\n}\n@media (min-width:850px) {\n  #banner-1478199031 {\n    padding-top: 425px;\n  }\n}\n<\/style>\n  <\/div>\n\n\n\n\t\t<\/div>\n\t\t\t\t\t<\/div>\n\n\t\n\n<\/div>\n\n\t\t<\/div>\n\t\t\t\t\t<\/div>\n\n\t\n\n<\/div>\n\n","protected":false},"excerpt":{"rendered":"","protected":false},"author":1,"featured_media":0,"parent":0,"menu_order":0,"comment_status":"closed","ping_status":"closed","template":"page-blank.php","meta":{"inline_featured_image":false,"footnotes":""},"class_list":["post-15783","page","type-page","status-publish","hentry"],"_links":{"self":[{"href":"https:\/\/www.praguecitytransfers.com\/cs\/wp-json\/wp\/v2\/pages\/15783","targetHints":{"allow":["GET"]}}],"collection":[{"href":"https:\/\/www.praguecitytransfers.com\/cs\/wp-json\/wp\/v2\/pages"}],"about":[{"href":"https:\/\/www.praguecitytransfers.com\/cs\/wp-json\/wp\/v2\/types\/page"}],"author":[{"embeddable":true,"href":"https:\/\/www.praguecitytransfers.com\/cs\/wp-json\/wp\/v2\/users\/1"}],"replies":[{"embeddable":true,"href":"https:\/\/www.praguecitytransfers.com\/cs\/wp-json\/wp\/v2\/comments?post=15783"}],"version-history":[{"count":1,"href":"https:\/\/www.praguecitytransfers.com\/cs\/wp-json\/wp\/v2\/pages\/15783\/revisions"}],"predecessor-version":[{"id":15784,"href":"https:\/\/www.praguecitytransfers.com\/cs\/wp-json\/wp\/v2\/pages\/15783\/revisions\/15784"}],"wp:attachment":[{"href":"https:\/\/www.praguecitytransfers.com\/cs\/wp-json\/wp\/v2\/media?parent=15783"}],"curies":[{"name":"wp","href":"https:\/\/api.w.org\/{rel}","templated":true}]}}